{"id":21213,"date":"2021-08-12T20:32:17","date_gmt":"2021-08-13T00:32:17","guid":{"rendered":"https:\/\/www.lirapopular.cl\/lirapopularxix\/?page_id=21213"},"modified":"2021-08-12T20:32:17","modified_gmt":"2021-08-13T00:32:17","slug":"asesinato-del-peluquero-que-asesino-a-un-escobero","status":"publish","type":"page","link":"https:\/\/www.lirapopular.cl\/lirapopularxix\/asesinato-del-peluquero-que-asesino-a-un-escobero\/","title":{"rendered":"ASESINATO <br>Del peluquero que asesin\u00f3 a un escobero <br>DESRRIELAMIENTO EN YERBAS BUENAS"},"content":{"rendered":"\n<div class=\"wp-block-image\"><figure class=\"alignright size-medium\"><a href=\"http:\/\/https:\/\/www.lirapopular.cl\/lirapopularxix\/wp-content\/uploads\/2021\/08\/646rev-1.jpg\"><img decoding=\"async\" src=\"http:\/\/https:\/\/www.lirapopular.cl\/lirapopularxix\/wp-content\/uploads\/2021\/08\/646rev-1-210x300.jpg\" alt=\"\" class=\"wp-image-21214\"\/><\/a><figcaption>Colecci\u00f3n Lira Popular de la<br \/>Universidad de Chile<\/figcaption><\/figure><\/div>\n\n\n\n<p>Autor: Desiderio Parra y C\u00aa con Vicente Ilabaca.<br \/>Impresor: Sin informaci\u00f3n<br \/>Tama\u00f1o: 53 x 37,2 cm<br \/>Clasificaci\u00f3n: 646 P258i Caja N\u00b011a<\/p>\n\n\n\n<ul class=\"wp-block-list\"><li><a href=\"https:\/\/www.lirapopular.cl\/lirapopularxix\/2021\/08\/13\/asesinatoel-peluquero-que-asesinoa-un-escobero\/\">Asesinato del peluquero que asesin\u00f3 a un escobero<\/a><\/li><li><a href=\"https:\/\/www.lirapopular.cl\/lirapopularxix\/2021\/08\/13\/desrrielamientoen-yerbas-buenas\/\">Desrielamiento en Yerbas Buenas<\/a><\/li><li><a href=\"https:\/\/www.lirapopular.cl\/lirapopularxix\/2021\/08\/13\/duelo-a-la-rosa-araneda\/\">Duelo a la Rosa Araneda<\/a><\/li><li><a href=\"https:\/\/www.lirapopular.cl\/lirapopularxix\/2021\/08\/13\/fundamentos-al-poetameneses\/\">Fundamentos al poeta Meneses <\/a><\/li><li><a href=\"https:\/\/www.lirapopular.cl\/lirapopularxix\/2021\/08\/13\/versosa-lo-adivino\/\">Versos a lo adivino<\/a><\/li><li><a href=\"https:\/\/www.lirapopular.cl\/lirapopularxix\/2021\/08\/13\/al-poetanortino-historioso\/\">Al poeta nortino historioso<\/a><\/li><li><a href=\"https:\/\/www.lirapopular.cl\/lirapopularxix\/2021\/08\/13\/prision-de-un-soldado\/\">Prisi\u00f3n de un soldado.<\/a><\/li><\/ul>\n\n\n\n<p>Nota: Este ejemplar tiene escrito a mano con l\u00e1piz rojo \u201c646 v.\u201d.<br \/>Por el reverso est\u00e1 impresa la lira 646 P258i Caja N\u00b011a, <a href=\"https:\/\/www.lirapopular.cl\/lirapopularxix\/la-guerra-entre-la-arjentina-i-chile\/\">ver<\/a>.<br \/>Documento optimizado digitalmente.<\/p>\n","protected":false},"excerpt":{"rendered":"<p>Autor: Desiderio Parra y C\u00aa con Vicente Ilabaca.Impresor: Sin informaci\u00f3nTama\u00f1o: 53 x 37,2 cmClasificaci\u00f3n: 646 P258i Caja N\u00b011a Asesinato del peluquero que asesin\u00f3 a un escobero Desrielamiento en Yerbas Buenas Duelo a la Rosa Araneda Fundamentos al poeta Meneses Versos a lo adivino Al poeta nortino historioso Prisi\u00f3n de un soldado. Nota: Este ejemplar tiene [&hellip;]<\/p>\n","protected":false},"author":1,"featured_media":0,"parent":0,"menu_order":0,"comment_status":"closed","ping_status":"closed","template":"","meta":{"footnotes":""},"class_list":["post-21213","page","type-page","status-publish","hentry"],"jetpack_sharing_enabled":true,"_links":{"self":[{"href":"https:\/\/www.lirapopular.cl\/lirapopularxix\/wp-json\/wp\/v2\/pages\/21213","targetHints":{"allow":["GET"]}}],"collection":[{"href":"https:\/\/www.lirapopular.cl\/lirapopularxix\/wp-json\/wp\/v2\/pages"}],"about":[{"href":"https:\/\/www.lirapopular.cl\/lirapopularxix\/wp-json\/wp\/v2\/types\/page"}],"author":[{"embeddable":true,"href":"https:\/\/www.lirapopular.cl\/lirapopularxix\/wp-json\/wp\/v2\/users\/1"}],"replies":[{"embeddable":true,"href":"https:\/\/www.lirapopular.cl\/lirapopularxix\/wp-json\/wp\/v2\/comments?post=21213"}],"version-history":[{"count":0,"href":"https:\/\/www.lirapopular.cl\/lirapopularxix\/wp-json\/wp\/v2\/pages\/21213\/revisions"}],"wp:attachment":[{"href":"https:\/\/www.lirapopular.cl\/lirapopularxix\/wp-json\/wp\/v2\/media?parent=21213"}],"curies":[{"name":"wp","href":"https:\/\/api.w.org\/{rel}","templated":true}]}}