{"id":21192,"date":"2021-08-12T18:51:31","date_gmt":"2021-08-12T22:51:31","guid":{"rendered":"https:\/\/www.lirapopular.cl\/lirapopularxix\/?page_id=21192"},"modified":"2021-08-12T18:51:31","modified_gmt":"2021-08-12T22:51:31","slug":"la-guerra-entre-la-arjentina-i-chile","status":"publish","type":"page","link":"https:\/\/www.lirapopular.cl\/lirapopularxix\/la-guerra-entre-la-arjentina-i-chile\/","title":{"rendered":"LA GUERRA ENTRE LA ARJENTINA I CHILE <br>Fusilamiento de Jos\u00e9 Luis Pedreros en Constitucion"},"content":{"rendered":"\n<div class=\"wp-block-image\"><figure class=\"alignright size-medium\"><a href=\"http:\/\/https:\/\/www.lirapopular.cl\/lirapopularxix\/wp-content\/uploads\/2021\/08\/646-1.jpg\"><img decoding=\"async\" src=\"http:\/\/https:\/\/www.lirapopular.cl\/lirapopularxix\/wp-content\/uploads\/2021\/08\/646-1-210x300.jpg\" alt=\"\" class=\"wp-image-21193\"\/><\/a><figcaption>Colecci\u00f3n Lira Popular de la<br \/>Universidad de Chile<\/figcaption><\/figure><\/div>\n\n\n\n<p>Autor: Desiderio Parra y C\u00aa con Vicente Ilabaca.<br \/>Impresor: Sin informaci\u00f3n<br \/>Tama\u00f1o: 53 x 37,2 cm<br \/>Clasificaci\u00f3n: 646 P258i Caja N\u00b011a<\/p>\n\n\n\n<ul class=\"wp-block-list\"><li><a href=\"https:\/\/www.lirapopular.cl\/lirapopularxix\/2021\/08\/12\/la-arjentinaenferma-de-ambicion\/\">La Argentina enferma de ambici\u00f3n<\/a><\/li><li><a href=\"https:\/\/www.lirapopular.cl\/lirapopularxix\/2021\/08\/12\/la-guerraentre-la-arjentina-i-chile\/\">La guerra entre la Argentina y Chile<\/a><\/li><li><a href=\"https:\/\/www.lirapopular.cl\/lirapopularxix\/2021\/08\/12\/dios-al-hombre\/\">Dios al hombre<\/a><\/li><li><a href=\"https:\/\/www.lirapopular.cl\/lirapopularxix\/2021\/08\/12\/contrapuntodel-dinero-con-el-trigo\/\">Contrapunto del dinero con el trigo <\/a><\/li><li><a href=\"https:\/\/www.lirapopular.cl\/lirapopularxix\/2021\/08\/12\/a-mi-madre\/\">A mi madre<\/a><\/li><li><a href=\"https:\/\/www.lirapopular.cl\/lirapopularxix\/2021\/08\/12\/fusilamientode-jose-luis-pedrerosen-constitucion\/\">Fusilamiento de Jos\u00e9 Luis Pedreros en Constituci\u00f3n<\/a><\/li><\/ul>\n\n\n\n<p>Nota: Este ejemplar tiene escrito a mano con l\u00e1piz rojo \u201c646\u201d.<br \/>Por el reverso est\u00e1 impresa la lira 646 P258i Caja N\u00b011a, <a href=\"https:\/\/www.lirapopular.cl\/lirapopularxix\/asesinato-del-peluquero-que-asesino-a-un-escobero\/\">ver<\/a>.<br \/>Documento optimizado digitalmente.<\/p>\n","protected":false},"excerpt":{"rendered":"<p>Autor: Desiderio Parra y C\u00aa con Vicente Ilabaca.Impresor: Sin informaci\u00f3nTama\u00f1o: 53 x 37,2 cmClasificaci\u00f3n: 646 P258i Caja N\u00b011a La Argentina enferma de ambici\u00f3n La guerra entre la Argentina y Chile Dios al hombre Contrapunto del dinero con el trigo A mi madre Fusilamiento de Jos\u00e9 Luis Pedreros en Constituci\u00f3n Nota: Este ejemplar tiene escrito a [&hellip;]<\/p>\n","protected":false},"author":1,"featured_media":0,"parent":0,"menu_order":0,"comment_status":"closed","ping_status":"closed","template":"","meta":{"footnotes":""},"class_list":["post-21192","page","type-page","status-publish","hentry"],"jetpack_sharing_enabled":true,"_links":{"self":[{"href":"https:\/\/www.lirapopular.cl\/lirapopularxix\/wp-json\/wp\/v2\/pages\/21192","targetHints":{"allow":["GET"]}}],"collection":[{"href":"https:\/\/www.lirapopular.cl\/lirapopularxix\/wp-json\/wp\/v2\/pages"}],"about":[{"href":"https:\/\/www.lirapopular.cl\/lirapopularxix\/wp-json\/wp\/v2\/types\/page"}],"author":[{"embeddable":true,"href":"https:\/\/www.lirapopular.cl\/lirapopularxix\/wp-json\/wp\/v2\/users\/1"}],"replies":[{"embeddable":true,"href":"https:\/\/www.lirapopular.cl\/lirapopularxix\/wp-json\/wp\/v2\/comments?post=21192"}],"version-history":[{"count":0,"href":"https:\/\/www.lirapopular.cl\/lirapopularxix\/wp-json\/wp\/v2\/pages\/21192\/revisions"}],"wp:attachment":[{"href":"https:\/\/www.lirapopular.cl\/lirapopularxix\/wp-json\/wp\/v2\/media?parent=21192"}],"curies":[{"name":"wp","href":"https:\/\/api.w.org\/{rel}","templated":true}]}}