{"id":2114,"date":"2019-08-01T16:24:38","date_gmt":"2019-08-01T20:24:38","guid":{"rendered":"https:\/\/www.lirapopular.cl\/lirapopularxix\/?page_id=2114"},"modified":"2019-08-01T16:24:38","modified_gmt":"2019-08-01T20:24:38","slug":"la-cantinera-irene-morales","status":"publish","type":"page","link":"https:\/\/www.lirapopular.cl\/lirapopularxix\/la-cantinera-irene-morales\/","title":{"rendered":"La cantinera Irene Morales"},"content":{"rendered":"\n<div class=\"wp-block-image\"><figure class=\"alignright\"><a href=\"https:\/\/www.lirapopular.cl\/lirapopularxix\/wp-content\/uploads\/2019\/08\/874.jpg\"><img decoding=\"async\" src=\"https:\/\/www.lirapopular.cl\/lirapopularxix\/wp-content\/uploads\/2019\/08\/874-300x228.jpg\" alt=\"\" class=\"wp-image-2116\"\/><\/a><figcaption>Colecci\u00f3n Lira Popular de la Universidad de Chile<\/figcaption><\/figure><\/div>\n\n\n\n<p>Autor: An\u00f3nimo<br>Impresor: Sin informaci\u00f3n<br>Tama\u00f1o: 27,7 x 37 cm<br>Clasificaci\u00f3n: 874 C229 Caja N\u00b09a<\/p>\n\n\n\n<ul class=\"wp-block-list\"><li><a href=\"https:\/\/www.lirapopular.cl\/lirapopularxix\/la-cantinera-irene-morales-2\/\">La cantinera Irene Morales<\/a><\/li><li><a href=\"https:\/\/www.lirapopular.cl\/lirapopularxix\/2019\/08\/02\/juan-valiente-historia-terrible-continuacion\/\">Juan Valiente [historia terrible]<\/a><\/li><\/ul>\n\n\n\n<p>Nota: Este ejemplar tiene escrito a mano con l\u00e1piz rojo \u201c874\u201d<br>Utiliza mismo grabado que esta lira, <a href=\"https:\/\/www.lirapopular.cl\/lirapopularxix\/el-crimen-de-la-estacion\/\">ver<\/a>.<br>Sobre el verso &#8220;Juan Valiente&#8221; hay escrito a mano: &#8220;de otro arjentino&#8221;.<br>Documento optimizado digitalmente.<\/p>\n","protected":false},"excerpt":{"rendered":"<p>Autor: An\u00f3nimoImpresor: Sin informaci\u00f3nTama\u00f1o: 27,7 x 37 cmClasificaci\u00f3n: 874 C229 Caja N\u00b09a La cantinera Irene Morales Juan Valiente [historia terrible] Nota: Este ejemplar tiene escrito a mano con l\u00e1piz rojo \u201c874\u201dUtiliza mismo grabado que esta lira, ver.Sobre el verso &#8220;Juan Valiente&#8221; hay escrito a mano: &#8220;de otro arjentino&#8221;.Documento optimizado digitalmente.<\/p>\n","protected":false},"author":1,"featured_media":0,"parent":0,"menu_order":0,"comment_status":"closed","ping_status":"closed","template":"","meta":{"footnotes":""},"class_list":["post-2114","page","type-page","status-publish","hentry"],"jetpack_sharing_enabled":true,"_links":{"self":[{"href":"https:\/\/www.lirapopular.cl\/lirapopularxix\/wp-json\/wp\/v2\/pages\/2114","targetHints":{"allow":["GET"]}}],"collection":[{"href":"https:\/\/www.lirapopular.cl\/lirapopularxix\/wp-json\/wp\/v2\/pages"}],"about":[{"href":"https:\/\/www.lirapopular.cl\/lirapopularxix\/wp-json\/wp\/v2\/types\/page"}],"author":[{"embeddable":true,"href":"https:\/\/www.lirapopular.cl\/lirapopularxix\/wp-json\/wp\/v2\/users\/1"}],"replies":[{"embeddable":true,"href":"https:\/\/www.lirapopular.cl\/lirapopularxix\/wp-json\/wp\/v2\/comments?post=2114"}],"version-history":[{"count":0,"href":"https:\/\/www.lirapopular.cl\/lirapopularxix\/wp-json\/wp\/v2\/pages\/2114\/revisions"}],"wp:attachment":[{"href":"https:\/\/www.lirapopular.cl\/lirapopularxix\/wp-json\/wp\/v2\/media?parent=2114"}],"curies":[{"name":"wp","href":"https:\/\/api.w.org\/{rel}","templated":true}]}}