{"id":21131,"date":"2021-08-11T13:30:18","date_gmt":"2021-08-11T17:30:18","guid":{"rendered":"https:\/\/www.lirapopular.cl\/lirapopularxix\/?page_id=21131"},"modified":"2021-08-11T13:30:18","modified_gmt":"2021-08-11T17:30:18","slug":"la-mujer-que-asesino-al-marido-con-el-querido","status":"publish","type":"page","link":"https:\/\/www.lirapopular.cl\/lirapopularxix\/la-mujer-que-asesino-al-marido-con-el-querido\/","title":{"rendered":"LA MUJER QUE ASESIN\u00d3 AL MARIDO <br>CON EL QUERIDO"},"content":{"rendered":"\n<div class=\"wp-block-image\"><figure class=\"alignright size-medium\"><a href=\"https:\/\/www.lirapopular.cl\/lirapopularxix\/wp-content\/uploads\/2021\/08\/Lira_013Mb.jpg\"><img loading=\"lazy\" decoding=\"async\" width=\"214\" height=\"300\" src=\"https:\/\/www.lirapopular.cl\/lirapopularxix\/wp-content\/uploads\/2021\/08\/Lira_013Mb-214x300.jpg\" alt=\"\" class=\"wp-image-21135\" srcset=\"https:\/\/www.lirapopular.cl\/lirapopularxix\/wp-content\/uploads\/2021\/08\/Lira_013Mb-214x300.jpg 214w, https:\/\/www.lirapopular.cl\/lirapopularxix\/wp-content\/uploads\/2021\/08\/Lira_013Mb.jpg 713w\" sizes=\"auto, (max-width: 214px) 100vw, 214px\" \/><\/a><figcaption>Colecci\u00f3n Lira Popular de la<br \/>Universidad de Chile<\/figcaption><\/figure><\/div>\n\n\n\n<p>Autor: Desiderio Parra (Poeta pequ\u00e9n).<br \/>Impresor: Sin informaci\u00f3n<br \/>Tama\u00f1o: 38 x 55 cm<br \/>Clasificaci\u00f3n: 877 P976m Caja N\u00b0 6b<\/p>\n\n\n\n<ul class=\"wp-block-list\"><li><a href=\"https:\/\/www.lirapopular.cl\/lirapopularxix\/2021\/08\/11\/la-mujer-que-asesino-al-marido-con-el-querido\/\">La mujer que asesin\u00f3 al marido con el querido<\/a><\/li><li><a href=\"https:\/\/www.lirapopular.cl\/lirapopularxix\/2021\/08\/11\/contrapunto-de-elodias-alvarado\/\">Contrapunto de Elod\u00edas Alvarado con su marido Mauricio Inostroza, de La Ligua<\/a><\/li><li><a href=\"https:\/\/www.lirapopular.cl\/lirapopularxix\/2021\/08\/11\/brindis-de-parabienespara-que-cante-nina-o-los-es-plique\/\">Brindis de parabienes para que cante ni\u00f1a o los explique<\/a><\/li><li><a href=\"https:\/\/www.lirapopular.cl\/lirapopularxix\/2021\/08\/11\/encarnacion-del-verbo\/\">Encarnaci\u00f3n del Verbo<\/a><\/li><li><a href=\"https:\/\/www.lirapopular.cl\/lirapopularxix\/2021\/08\/11\/los-mandamientos\/\">Los mandamientos<\/a><\/li><li><a href=\"https:\/\/www.lirapopular.cl\/lirapopularxix\/2021\/08\/11\/elodias\/\">Elod\u00edas<\/a><\/li><\/ul>\n\n\n\n<p>Nota: Este ejemplar tiene escrito a mano con l\u00e1piz azul \u201c13\u201d.<br \/>Por el reverso est\u00e1 impresa la lira 876 P976b Caja N\u00b0 6b, <a href=\"https:\/\/www.lirapopular.cl\/lirapopularxix\/brindis-de-los-candidatos\/\">ver<\/a>.<br \/>Documento optimizado digitalmente.<\/p>\n","protected":false},"excerpt":{"rendered":"<p>Autor: Desiderio Parra (Poeta pequ\u00e9n).Impresor: Sin informaci\u00f3nTama\u00f1o: 38 x 55 cmClasificaci\u00f3n: 877 P976m Caja N\u00b0 6b La mujer que asesin\u00f3 al marido con el querido Contrapunto de Elod\u00edas Alvarado con su marido Mauricio Inostroza, de La Ligua Brindis de parabienes para que cante ni\u00f1a o los explique Encarnaci\u00f3n del Verbo Los mandamientos Elod\u00edas Nota: Este [&hellip;]<\/p>\n","protected":false},"author":1,"featured_media":0,"parent":0,"menu_order":0,"comment_status":"closed","ping_status":"closed","template":"","meta":{"footnotes":""},"class_list":["post-21131","page","type-page","status-publish","hentry"],"jetpack_sharing_enabled":true,"_links":{"self":[{"href":"https:\/\/www.lirapopular.cl\/lirapopularxix\/wp-json\/wp\/v2\/pages\/21131","targetHints":{"allow":["GET"]}}],"collection":[{"href":"https:\/\/www.lirapopular.cl\/lirapopularxix\/wp-json\/wp\/v2\/pages"}],"about":[{"href":"https:\/\/www.lirapopular.cl\/lirapopularxix\/wp-json\/wp\/v2\/types\/page"}],"author":[{"embeddable":true,"href":"https:\/\/www.lirapopular.cl\/lirapopularxix\/wp-json\/wp\/v2\/users\/1"}],"replies":[{"embeddable":true,"href":"https:\/\/www.lirapopular.cl\/lirapopularxix\/wp-json\/wp\/v2\/comments?post=21131"}],"version-history":[{"count":0,"href":"https:\/\/www.lirapopular.cl\/lirapopularxix\/wp-json\/wp\/v2\/pages\/21131\/revisions"}],"wp:attachment":[{"href":"https:\/\/www.lirapopular.cl\/lirapopularxix\/wp-json\/wp\/v2\/media?parent=21131"}],"curies":[{"name":"wp","href":"https:\/\/api.w.org\/{rel}","templated":true}]}}