{"id":21112,"date":"2021-08-11T12:30:44","date_gmt":"2021-08-11T16:30:44","guid":{"rendered":"https:\/\/www.lirapopular.cl\/lirapopularxix\/?page_id=21112"},"modified":"2021-08-11T12:30:44","modified_gmt":"2021-08-11T16:30:44","slug":"brindis-de-los-candidatos","status":"publish","type":"page","link":"https:\/\/www.lirapopular.cl\/lirapopularxix\/brindis-de-los-candidatos\/","title":{"rendered":"BRINDIS DE LOS CANDIDATOS"},"content":{"rendered":"\n<div class=\"wp-block-image\"><figure class=\"alignright size-medium\"><a href=\"https:\/\/www.lirapopular.cl\/lirapopularxix\/wp-content\/uploads\/2021\/08\/Lira_012Mb.jpg\"><img loading=\"lazy\" decoding=\"async\" width=\"219\" height=\"300\" src=\"https:\/\/www.lirapopular.cl\/lirapopularxix\/wp-content\/uploads\/2021\/08\/Lira_012Mb-219x300.jpg\" alt=\"\" class=\"wp-image-21113\" srcset=\"https:\/\/www.lirapopular.cl\/lirapopularxix\/wp-content\/uploads\/2021\/08\/Lira_012Mb-219x300.jpg 219w, https:\/\/www.lirapopular.cl\/lirapopularxix\/wp-content\/uploads\/2021\/08\/Lira_012Mb.jpg 731w\" sizes=\"auto, (max-width: 219px) 100vw, 219px\" \/><\/a><figcaption>Colecci\u00f3n Lira Popular de la<br \/>Universidad de Chile<\/figcaption><\/figure><\/div>\n\n\n\n<p>Autor: Desiderio Parra.\u2014 (Poeta pequ\u00e9n).<br \/>Impresor: Sin informaci\u00f3n<br \/>Tama\u00f1o: 38 x 55 cm<br \/>Clasificaci\u00f3n: 876 P976b Caja N\u00b0 6b<\/p>\n\n\n\n<ul class=\"wp-block-list\"><li><a href=\"https:\/\/www.lirapopular.cl\/lirapopularxix\/2021\/08\/11\/brindispor-don-vicente-reyes\/\">Brindis por don Vicente Reyes<\/a><\/li><li><a href=\"https:\/\/www.lirapopular.cl\/lirapopularxix\/2021\/08\/11\/brindis-para-brindarpor-don-federico-errazuriz\/\">Brindis para brindar por don Federico Err\u00e1zurizr<\/a><\/li><li><a href=\"https:\/\/www.lirapopular.cl\/lirapopularxix\/2021\/08\/11\/contrapuntode-don-vicente-reyes-condon-federico-errazuriz\/\">Contrapunto entre don Vicente Reyes y don Federico Err\u00e1zuriz<\/a><\/li><li><a href=\"https:\/\/www.lirapopular.cl\/lirapopularxix\/2021\/08\/11\/contrapunto-de-trescantores\/\">Contrapunto de tres cantores<\/a><\/li><li><a href=\"https:\/\/www.lirapopular.cl\/lirapopularxix\/2021\/08\/11\/el-estanquede-san-fernando\/\">El estanque de San Fernando.<\/a><\/li><\/ul>\n\n\n\n<p>Nota: Este ejemplar tiene escrito a mano con l\u00e1piz azul \u201c12\u201d.<br \/>Por el reverso est\u00e1 impresa la lira 877 P976m Caja N\u00b0 6b, <a href=\"https:\/\/www.lirapopular.cl\/lirapopularxix\/la-mujer-que-asesino-al-marido-con-el-querido\/\">ver<\/a>.<br \/>Documento optimizado digitalmente.<\/p>\n","protected":false},"excerpt":{"rendered":"<p>Autor: Desiderio Parra.\u2014 (Poeta pequ\u00e9n).Impresor: Sin informaci\u00f3nTama\u00f1o: 38 x 55 cmClasificaci\u00f3n: 876 P976b Caja N\u00b0 6b Brindis por don Vicente Reyes Brindis para brindar por don Federico Err\u00e1zurizr Contrapunto entre don Vicente Reyes y don Federico Err\u00e1zuriz Contrapunto de tres cantores El estanque de San Fernando. Nota: Este ejemplar tiene escrito a mano con l\u00e1piz [&hellip;]<\/p>\n","protected":false},"author":1,"featured_media":0,"parent":0,"menu_order":0,"comment_status":"closed","ping_status":"closed","template":"","meta":{"footnotes":""},"class_list":["post-21112","page","type-page","status-publish","hentry"],"jetpack_sharing_enabled":true,"_links":{"self":[{"href":"https:\/\/www.lirapopular.cl\/lirapopularxix\/wp-json\/wp\/v2\/pages\/21112","targetHints":{"allow":["GET"]}}],"collection":[{"href":"https:\/\/www.lirapopular.cl\/lirapopularxix\/wp-json\/wp\/v2\/pages"}],"about":[{"href":"https:\/\/www.lirapopular.cl\/lirapopularxix\/wp-json\/wp\/v2\/types\/page"}],"author":[{"embeddable":true,"href":"https:\/\/www.lirapopular.cl\/lirapopularxix\/wp-json\/wp\/v2\/users\/1"}],"replies":[{"embeddable":true,"href":"https:\/\/www.lirapopular.cl\/lirapopularxix\/wp-json\/wp\/v2\/comments?post=21112"}],"version-history":[{"count":0,"href":"https:\/\/www.lirapopular.cl\/lirapopularxix\/wp-json\/wp\/v2\/pages\/21112\/revisions"}],"wp:attachment":[{"href":"https:\/\/www.lirapopular.cl\/lirapopularxix\/wp-json\/wp\/v2\/media?parent=21112"}],"curies":[{"name":"wp","href":"https:\/\/api.w.org\/{rel}","templated":true}]}}