{"id":21101,"date":"2021-08-11T11:58:53","date_gmt":"2021-08-11T15:58:53","guid":{"rendered":"https:\/\/www.lirapopular.cl\/lirapopularxix\/?page_id=21101"},"modified":"2021-08-11T11:58:53","modified_gmt":"2021-08-11T15:58:53","slug":"gran-contrapunto-de-un-marino-con-un-policial","status":"publish","type":"page","link":"https:\/\/www.lirapopular.cl\/lirapopularxix\/gran-contrapunto-de-un-marino-con-un-policial\/","title":{"rendered":"GRAN CONTRAPUNTO <br>De un Marino con un Policial"},"content":{"rendered":"\n<div class=\"wp-block-image\"><figure class=\"alignright size-medium\"><a href=\"http:\/\/https:\/\/www.lirapopular.cl\/lirapopularxix\/wp-content\/uploads\/2021\/08\/645-1.jpg\"><img decoding=\"async\" src=\"http:\/\/https:\/\/www.lirapopular.cl\/lirapopularxix\/wp-content\/uploads\/2021\/08\/645-1-253x300.jpg\" alt=\"\" class=\"wp-image-21104\"\/><\/a><figcaption>Colecci\u00f3n Lira Popular de la<br \/>Universidad de Chile<\/figcaption><\/figure><\/div>\n\n\n\n<p>Autor: Luis A. Palma<br \/>Impresor: Sin informaci\u00f3n<br \/>Tama\u00f1o: 26 x 22,4 cm<br \/>Clasificaci\u00f3n: 645 P171 Caja N\u00b03a<\/p>\n\n\n\n<ul class=\"wp-block-list\"><li><a href=\"https:\/\/www.lirapopular.cl\/lirapopularxix\/2021\/08\/11\/el-testamento-de-pio-fierro\/\">El testamento de P\u00edo Fierro<\/a><\/li><li><a href=\"https:\/\/www.lirapopular.cl\/lirapopularxix\/2021\/08\/11\/gran-contrapuntode-un-mario-con-un-policial\/\">Gran contrapunto de un marino con un policial<\/a><\/li><\/ul>\n\n\n\n<p>Nota: Este ejemplar tiene escrito a mano con l\u00e1piz rojo \u201c645\u201d y con grafito &#8220;20&#8221;.<br \/>Documento optimizado digitalmente.<\/p>\n","protected":false},"excerpt":{"rendered":"<p>Autor: Luis A. PalmaImpresor: Sin informaci\u00f3nTama\u00f1o: 26 x 22,4 cmClasificaci\u00f3n: 645 P171 Caja N\u00b03a El testamento de P\u00edo Fierro Gran contrapunto de un marino con un policial Nota: Este ejemplar tiene escrito a mano con l\u00e1piz rojo \u201c645\u201d y con grafito &#8220;20&#8221;.Documento optimizado digitalmente.<\/p>\n","protected":false},"author":1,"featured_media":0,"parent":0,"menu_order":0,"comment_status":"closed","ping_status":"closed","template":"","meta":{"footnotes":""},"class_list":["post-21101","page","type-page","status-publish","hentry"],"jetpack_sharing_enabled":true,"_links":{"self":[{"href":"https:\/\/www.lirapopular.cl\/lirapopularxix\/wp-json\/wp\/v2\/pages\/21101","targetHints":{"allow":["GET"]}}],"collection":[{"href":"https:\/\/www.lirapopular.cl\/lirapopularxix\/wp-json\/wp\/v2\/pages"}],"about":[{"href":"https:\/\/www.lirapopular.cl\/lirapopularxix\/wp-json\/wp\/v2\/types\/page"}],"author":[{"embeddable":true,"href":"https:\/\/www.lirapopular.cl\/lirapopularxix\/wp-json\/wp\/v2\/users\/1"}],"replies":[{"embeddable":true,"href":"https:\/\/www.lirapopular.cl\/lirapopularxix\/wp-json\/wp\/v2\/comments?post=21101"}],"version-history":[{"count":0,"href":"https:\/\/www.lirapopular.cl\/lirapopularxix\/wp-json\/wp\/v2\/pages\/21101\/revisions"}],"wp:attachment":[{"href":"https:\/\/www.lirapopular.cl\/lirapopularxix\/wp-json\/wp\/v2\/media?parent=21101"}],"curies":[{"name":"wp","href":"https:\/\/api.w.org\/{rel}","templated":true}]}}