{"id":21070,"date":"2021-08-10T20:51:53","date_gmt":"2021-08-11T00:51:53","guid":{"rendered":"https:\/\/www.lirapopular.cl\/lirapopularxix\/?page_id=21070"},"modified":"2021-08-10T20:51:53","modified_gmt":"2021-08-11T00:51:53","slug":"los-diez-hombres-quemados-vivos","status":"publish","type":"page","link":"https:\/\/www.lirapopular.cl\/lirapopularxix\/los-diez-hombres-quemados-vivos\/","title":{"rendered":"LOS DIEZ HOMBRES <br>QUEMADOS VIVOS <br>EN PUNTA ARENAS"},"content":{"rendered":"\n<div class=\"wp-block-image\"><figure class=\"alignright size-medium\"><a href=\"http:\/\/https:\/\/www.lirapopular.cl\/lirapopularxix\/wp-content\/uploads\/2021\/08\/636-1.jpg\"><img decoding=\"async\" src=\"http:\/\/https:\/\/www.lirapopular.cl\/lirapopularxix\/wp-content\/uploads\/2021\/08\/636-1-215x300.jpg\" alt=\"\" class=\"wp-image-21074\"\/><\/a><figcaption>Colecci\u00f3n Lira Popular de la<br \/>Universidad de Chile<\/figcaption><\/figure><\/div>\n\n\n\n<p>Autor: D. Parra. Poeta del Sur<br \/>Impresor: Sin informaci\u00f3n<br \/>Tama\u00f1o: 52,8 x 37,2 cm<br \/>Clasificaci\u00f3n: 636 P258d Caja N\u00b011a, BN C\u00f3digo:\u00a0LO0012057<\/p>\n\n\n\n<ul class=\"wp-block-list\"><li><a href=\"https:\/\/www.lirapopular.cl\/lirapopularxix\/2021\/08\/11\/los-diez-hombresquemados-vivosen-punta-arenas\/\">Los diez hombres quemados vivos en Punta Arenas<\/a><\/li><li><a href=\"https:\/\/www.lirapopular.cl\/lirapopularxix\/2021\/08\/11\/sueno-de-amor\/\">Sue\u00f1o de amor<\/a><\/li><li><a href=\"https:\/\/www.lirapopular.cl\/lirapopularxix\/2021\/08\/11\/la-balanza-del-amor-2\/\">La balanza del amor<\/a><\/li><li><a href=\"https:\/\/www.lirapopular.cl\/lirapopularxix\/2021\/08\/11\/dichos-de-un-amante-4\/\">Dichos de un amante<\/a><\/li><li><a href=\"https:\/\/www.lirapopular.cl\/lirapopularxix\/2021\/08\/11\/contra-puntoentte-parra-i-el-tullio\/\">Contra-punto entre Parra y el Tull\u00edo<\/a><\/li><\/ul>\n\n\n\n<p>Nota: El 1er ejemplar tiene escrito a mano con l\u00e1piz rojo \u201c636\u201d. Sobre los versos textos manuscrito: &#8220;de Rolak&#8221;, &#8220;de Guajardo&#8221;, &#8220;de Garc\u00eda&#8221;, &#8220;Garc\u00eda&#8221; y &#8220;del D. Parra.&#8221;<br \/>El 2\u00ba ejemplar tiene escrito a mano con l\u00e1piz rojo \u201c-28-\u201d y con un timbre &#8220;447&#8221;.<br \/>Documentos optimizados digitalmente.<\/p>\n\n\n\n<div class=\"wp-block-image is-style-default\"><figure class=\"alignright size-medium\"><a href=\"https:\/\/www.lirapopular.cl\/lirapopularxix\/wp-content\/uploads\/2021\/11\/LO0012057.jpg\"><img loading=\"lazy\" decoding=\"async\" width=\"205\" height=\"300\" src=\"https:\/\/www.lirapopular.cl\/lirapopularxix\/wp-content\/uploads\/2021\/11\/LO0012057-205x300.jpg\" alt=\"\" class=\"wp-image-26709\" srcset=\"https:\/\/www.lirapopular.cl\/lirapopularxix\/wp-content\/uploads\/2021\/11\/LO0012057-205x300.jpg 205w, https:\/\/www.lirapopular.cl\/lirapopularxix\/wp-content\/uploads\/2021\/11\/LO0012057.jpg 684w\" sizes=\"auto, (max-width: 205px) 100vw, 205px\" \/><\/a><figcaption>Archivo de Literatura Oral<br \/>Fondo Rodolfo Lenz<\/figcaption><\/figure><\/div>\n","protected":false},"excerpt":{"rendered":"<p>Autor: D. Parra. Poeta del SurImpresor: Sin informaci\u00f3nTama\u00f1o: 52,8 x 37,2 cmClasificaci\u00f3n: 636 P258d Caja N\u00b011a, BN C\u00f3digo:\u00a0LO0012057 Los diez hombres quemados vivos en Punta Arenas Sue\u00f1o de amor La balanza del amor Dichos de un amante Contra-punto entre Parra y el Tull\u00edo Nota: El 1er ejemplar tiene escrito a mano con l\u00e1piz rojo \u201c636\u201d. [&hellip;]<\/p>\n","protected":false},"author":1,"featured_media":0,"parent":0,"menu_order":0,"comment_status":"closed","ping_status":"closed","template":"","meta":{"footnotes":""},"class_list":["post-21070","page","type-page","status-publish","hentry"],"jetpack_sharing_enabled":true,"_links":{"self":[{"href":"https:\/\/www.lirapopular.cl\/lirapopularxix\/wp-json\/wp\/v2\/pages\/21070","targetHints":{"allow":["GET"]}}],"collection":[{"href":"https:\/\/www.lirapopular.cl\/lirapopularxix\/wp-json\/wp\/v2\/pages"}],"about":[{"href":"https:\/\/www.lirapopular.cl\/lirapopularxix\/wp-json\/wp\/v2\/types\/page"}],"author":[{"embeddable":true,"href":"https:\/\/www.lirapopular.cl\/lirapopularxix\/wp-json\/wp\/v2\/users\/1"}],"replies":[{"embeddable":true,"href":"https:\/\/www.lirapopular.cl\/lirapopularxix\/wp-json\/wp\/v2\/comments?post=21070"}],"version-history":[{"count":0,"href":"https:\/\/www.lirapopular.cl\/lirapopularxix\/wp-json\/wp\/v2\/pages\/21070\/revisions"}],"wp:attachment":[{"href":"https:\/\/www.lirapopular.cl\/lirapopularxix\/wp-json\/wp\/v2\/media?parent=21070"}],"curies":[{"name":"wp","href":"https:\/\/api.w.org\/{rel}","templated":true}]}}