{"id":21033,"date":"2021-08-10T11:32:23","date_gmt":"2021-08-10T15:32:23","guid":{"rendered":"https:\/\/www.lirapopular.cl\/lirapopularxix\/?page_id=21033"},"modified":"2021-08-10T11:32:23","modified_gmt":"2021-08-10T15:32:23","slug":"el-comisionado-que-mato-a-un-paisano","status":"publish","type":"page","link":"https:\/\/www.lirapopular.cl\/lirapopularxix\/el-comisionado-que-mato-a-un-paisano\/","title":{"rendered":"EL COMISIONADO <br>QUE MAT\u00d3 A UN PAISANO"},"content":{"rendered":"\n<div class=\"wp-block-image\"><figure class=\"alignright size-medium\"><a href=\"http:\/\/https:\/\/www.lirapopular.cl\/lirapopularxix\/wp-content\/uploads\/2021\/08\/623-1.jpg\"><img decoding=\"async\" src=\"http:\/\/https:\/\/www.lirapopular.cl\/lirapopularxix\/wp-content\/uploads\/2021\/08\/623-1-214x300.jpg\" alt=\"\" class=\"wp-image-21037\"\/><\/a><figcaption>Colecci\u00f3n Lira Popular de la<br \/>Universidad de Chile<\/figcaption><\/figure><\/div>\n\n\n\n<p>Autor: Desiderio Parra. Poeta costino.<br \/>Impresor: Sin informaci\u00f3n<br \/>Tama\u00f1o: 53 x 37,2 cm<br \/>Clasificaci\u00f3n: 623 P258c Caja N\u00b011a<\/p>\n\n\n\n<ul class=\"wp-block-list\"><li><a href=\"https:\/\/www.lirapopular.cl\/lirapopularxix\/2021\/08\/10\/el-comisionadoque-mato-a-un-paisano\/\">El comisionado que mat\u00f3 a un paisano<\/a><\/li><li><a href=\"https:\/\/www.lirapopular.cl\/lirapopularxix\/2021\/08\/10\/la-guerrade-chile-con-la-arjentina\/\">La guerra de Chile con la Argentina<\/a><\/li><li><a href=\"https:\/\/www.lirapopular.cl\/lirapopularxix\/2021\/08\/10\/carta-de-amor-8\/\">Carta de amor<\/a><\/li><li><a href=\"https:\/\/www.lirapopular.cl\/lirapopularxix\/2021\/08\/10\/por-historia-3\/\">Por historia<\/a><\/li><li><a href=\"https:\/\/www.lirapopular.cl\/lirapopularxix\/2021\/08\/10\/los-barquillos-de-amor\/\">Los barquillos de amor<\/a><\/li><li><a href=\"https:\/\/www.lirapopular.cl\/lirapopularxix\/2021\/08\/10\/la-naturaleza-florida\/\">La naturaleza florida<\/a><\/li><\/ul>\n\n\n\n<p>Nota: Este ejemplar tiene escrito a mano con l\u00e1piz rojo \u201c623\u201d.<br \/>Documento optimizado digitalmente.<\/p>\n","protected":false},"excerpt":{"rendered":"<p>Autor: Desiderio Parra. Poeta costino.Impresor: Sin informaci\u00f3nTama\u00f1o: 53 x 37,2 cmClasificaci\u00f3n: 623 P258c Caja N\u00b011a El comisionado que mat\u00f3 a un paisano La guerra de Chile con la Argentina Carta de amor Por historia Los barquillos de amor La naturaleza florida Nota: Este ejemplar tiene escrito a mano con l\u00e1piz rojo \u201c623\u201d.Documento optimizado digitalmente.<\/p>\n","protected":false},"author":1,"featured_media":0,"parent":0,"menu_order":0,"comment_status":"closed","ping_status":"closed","template":"","meta":{"footnotes":""},"class_list":["post-21033","page","type-page","status-publish","hentry"],"jetpack_sharing_enabled":true,"_links":{"self":[{"href":"https:\/\/www.lirapopular.cl\/lirapopularxix\/wp-json\/wp\/v2\/pages\/21033","targetHints":{"allow":["GET"]}}],"collection":[{"href":"https:\/\/www.lirapopular.cl\/lirapopularxix\/wp-json\/wp\/v2\/pages"}],"about":[{"href":"https:\/\/www.lirapopular.cl\/lirapopularxix\/wp-json\/wp\/v2\/types\/page"}],"author":[{"embeddable":true,"href":"https:\/\/www.lirapopular.cl\/lirapopularxix\/wp-json\/wp\/v2\/users\/1"}],"replies":[{"embeddable":true,"href":"https:\/\/www.lirapopular.cl\/lirapopularxix\/wp-json\/wp\/v2\/comments?post=21033"}],"version-history":[{"count":0,"href":"https:\/\/www.lirapopular.cl\/lirapopularxix\/wp-json\/wp\/v2\/pages\/21033\/revisions"}],"wp:attachment":[{"href":"https:\/\/www.lirapopular.cl\/lirapopularxix\/wp-json\/wp\/v2\/media?parent=21033"}],"curies":[{"name":"wp","href":"https:\/\/api.w.org\/{rel}","templated":true}]}}