{"id":20984,"date":"2021-08-08T18:37:27","date_gmt":"2021-08-08T22:37:27","guid":{"rendered":"https:\/\/www.lirapopular.cl\/lirapopularxix\/?page_id=20984"},"modified":"2021-08-08T18:37:27","modified_gmt":"2021-08-08T22:37:27","slug":"verso-a-lo-divino-i-a-lo-humano","status":"publish","type":"page","link":"https:\/\/www.lirapopular.cl\/lirapopularxix\/verso-a-lo-divino-i-a-lo-humano\/","title":{"rendered":"VERSO A LO DIVINO I A LO HUMANO"},"content":{"rendered":"\n<div class=\"wp-block-image\"><figure class=\"alignright size-medium\"><a href=\"http:\/\/https:\/\/www.lirapopular.cl\/lirapopularxix\/wp-content\/uploads\/2021\/08\/621-1.jpg\"><img decoding=\"async\" src=\"http:\/\/https:\/\/www.lirapopular.cl\/lirapopularxix\/wp-content\/uploads\/2021\/08\/621-1-223x300.jpg\" alt=\"\" class=\"wp-image-20987\"\/><\/a><figcaption>Colecci\u00f3n Lira Popular de la<br \/>Universidad de Chile<\/figcaption><\/figure><\/div>\n\n\n\n<p>Autor: Desiderio Parra. Que trabaja en compa\u00f1\u00eda con el poeta de Curic\u00f3.<br \/>Impresor: Imprenta, Maturana 9-A<br \/>Tama\u00f1o: 50,5 x 37,2 cm<br \/>Clasificaci\u00f3n: 621 P258h Caja N\u00b011a<\/p>\n\n\n\n<ul class=\"wp-block-list\"><li><a href=\"https:\/\/www.lirapopular.cl\/lirapopularxix\/2021\/08\/09\/ponderacionesdel-poeta\/\">Ponderaciones del poeta<\/a><\/li><li><a href=\"https:\/\/www.lirapopular.cl\/lirapopularxix\/2021\/08\/09\/un-huaso-brindando-enuna-fiesta\/\">Un huaso brindando en una fiesta<\/a><\/li><li><a href=\"https:\/\/www.lirapopular.cl\/lirapopularxix\/2021\/08\/09\/contrapunto-entre-talca-icurico\/\">Contrapunto entre Talca y Curic\u00f3<\/a><\/li><li><a href=\"https:\/\/www.lirapopular.cl\/lirapopularxix\/2021\/08\/09\/servicio-a-la-guardianacional\/\">Servicio a la Guardia Nacional<\/a><\/li><li><a href=\"https:\/\/www.lirapopular.cl\/lirapopularxix\/2021\/08\/09\/asesinato-enen-curico\/\">Asesinato en Curic\u00f3<\/a><\/li><li><a href=\"https:\/\/www.lirapopular.cl\/lirapopularxix\/2021\/08\/09\/amores-de-un-fiel-amante\/\">Amores de un fiel amante<\/a><\/li><li><a href=\"https:\/\/www.lirapopular.cl\/lirapopularxix\/2021\/08\/09\/contrarresto-11\/\">Contrarresto<\/a><\/li><\/ul>\n\n\n\n<p>Nota: Este ejemplar tiene escrito a mano con l\u00e1piz rojo \u201c621\u201d.<br \/>Documento optimizado digitalmente.<\/p>\n","protected":false},"excerpt":{"rendered":"<p>Autor: Desiderio Parra. Que trabaja en compa\u00f1\u00eda con el poeta de Curic\u00f3.Impresor: Imprenta, Maturana 9-ATama\u00f1o: 50,5 x 37,2 cmClasificaci\u00f3n: 621 P258h Caja N\u00b011a Ponderaciones del poeta Un huaso brindando en una fiesta Contrapunto entre Talca y Curic\u00f3 Servicio a la Guardia Nacional Asesinato en Curic\u00f3 Amores de un fiel amante Contrarresto Nota: Este ejemplar tiene [&hellip;]<\/p>\n","protected":false},"author":1,"featured_media":0,"parent":0,"menu_order":0,"comment_status":"closed","ping_status":"closed","template":"","meta":{"footnotes":""},"class_list":["post-20984","page","type-page","status-publish","hentry"],"jetpack_sharing_enabled":true,"_links":{"self":[{"href":"https:\/\/www.lirapopular.cl\/lirapopularxix\/wp-json\/wp\/v2\/pages\/20984","targetHints":{"allow":["GET"]}}],"collection":[{"href":"https:\/\/www.lirapopular.cl\/lirapopularxix\/wp-json\/wp\/v2\/pages"}],"about":[{"href":"https:\/\/www.lirapopular.cl\/lirapopularxix\/wp-json\/wp\/v2\/types\/page"}],"author":[{"embeddable":true,"href":"https:\/\/www.lirapopular.cl\/lirapopularxix\/wp-json\/wp\/v2\/users\/1"}],"replies":[{"embeddable":true,"href":"https:\/\/www.lirapopular.cl\/lirapopularxix\/wp-json\/wp\/v2\/comments?post=20984"}],"version-history":[{"count":0,"href":"https:\/\/www.lirapopular.cl\/lirapopularxix\/wp-json\/wp\/v2\/pages\/20984\/revisions"}],"wp:attachment":[{"href":"https:\/\/www.lirapopular.cl\/lirapopularxix\/wp-json\/wp\/v2\/media?parent=20984"}],"curies":[{"name":"wp","href":"https:\/\/api.w.org\/{rel}","templated":true}]}}