{"id":2092,"date":"2019-07-31T17:37:56","date_gmt":"2019-07-31T21:37:56","guid":{"rendered":"https:\/\/www.lirapopular.cl\/lirapopularxix\/?page_id=2092"},"modified":"2019-07-31T17:37:56","modified_gmt":"2019-07-31T21:37:56","slug":"actitud-de-la-patria-recibiendo-las-cenizas-de-los-heroes","status":"publish","type":"page","link":"https:\/\/www.lirapopular.cl\/lirapopularxix\/actitud-de-la-patria-recibiendo-las-cenizas-de-los-heroes\/","title":{"rendered":"Actitud de la Patria <br>recibiendo las cenizas de los <br>h\u00e9roes"},"content":{"rendered":"\n<div class=\"wp-block-image\"><figure class=\"alignright\"><a href=\"https:\/\/www.lirapopular.cl\/lirapopularxix\/wp-content\/uploads\/2019\/07\/864.jpg\"><img loading=\"lazy\" decoding=\"async\" width=\"219\" height=\"300\" src=\"https:\/\/www.lirapopular.cl\/lirapopularxix\/wp-content\/uploads\/2019\/07\/864-219x300.jpg\" alt=\"\" class=\"wp-image-2098\" srcset=\"https:\/\/www.lirapopular.cl\/lirapopularxix\/wp-content\/uploads\/2019\/07\/864-219x300.jpg 219w, https:\/\/www.lirapopular.cl\/lirapopularxix\/wp-content\/uploads\/2019\/07\/864.jpg 731w\" sizes=\"auto, (max-width: 219px) 100vw, 219px\" \/><\/a><figcaption>Colecci\u00f3n Lira Popular de la <br>Universidad de Chile<\/figcaption><\/figure><\/div>\n\n\n\n<p>Autor: An\u00f3nimo<br>Impresor: Imp. de LAS SOCIEDADES, Maruri, 34-A.<br>Tama\u00f1o: 26,5 x 37,2 cm<br>Clasificaci\u00f3n: 864 R774a Caja N\u00b09a<\/p>\n\n\n\n<ul class=\"wp-block-list\"><li><a href=\"https:\/\/www.lirapopular.cl\/lirapopularxix\/2019\/07\/31\/actitud-de-la-patria-recibiendo-las-cenizas-de-los-heroes\/\">Actitud de la Patria recibiendo las cenizas de los h\u00e9roes<\/a><\/li><li><a href=\"https:\/\/www.lirapopular.cl\/lirapopularxix\/2019\/07\/31\/en-la-muerte-de-condell\/\">En la muerte de Condell<\/a><\/li><li><a href=\"https:\/\/www.lirapopular.cl\/lirapopularxix\/2019\/07\/31\/arturo-prat\/\">Arturo Prat<\/a><\/li><li><a href=\"https:\/\/www.lirapopular.cl\/lirapopularxix\/2019\/07\/31\/al-vencedor-de-punta-grueza\/\">Al vencedor de Punta Gruesa<\/a><\/li><\/ul>\n\n\n\n<p>Nota: Este ejemplar tiene escrito a mano con l\u00e1piz rojo \u201c864\u201d.<br>El autor borrado con tinta y al lado escrito con grafito: &#8220;R. Dosele&#8221;.<\/p>\n","protected":false},"excerpt":{"rendered":"<p>Autor: An\u00f3nimoImpresor: Imp. de LAS SOCIEDADES, Maruri, 34-A.Tama\u00f1o: 26,5 x 37,2 cmClasificaci\u00f3n: 864 R774a Caja N\u00b09a Actitud de la Patria recibiendo las cenizas de los h\u00e9roes En la muerte de Condell Arturo Prat Al vencedor de Punta Gruesa Nota: Este ejemplar tiene escrito a mano con l\u00e1piz rojo \u201c864\u201d.El autor borrado con tinta y al [&hellip;]<\/p>\n","protected":false},"author":1,"featured_media":0,"parent":0,"menu_order":0,"comment_status":"closed","ping_status":"closed","template":"","meta":{"footnotes":""},"class_list":["post-2092","page","type-page","status-publish","hentry"],"jetpack_sharing_enabled":true,"_links":{"self":[{"href":"https:\/\/www.lirapopular.cl\/lirapopularxix\/wp-json\/wp\/v2\/pages\/2092","targetHints":{"allow":["GET"]}}],"collection":[{"href":"https:\/\/www.lirapopular.cl\/lirapopularxix\/wp-json\/wp\/v2\/pages"}],"about":[{"href":"https:\/\/www.lirapopular.cl\/lirapopularxix\/wp-json\/wp\/v2\/types\/page"}],"author":[{"embeddable":true,"href":"https:\/\/www.lirapopular.cl\/lirapopularxix\/wp-json\/wp\/v2\/users\/1"}],"replies":[{"embeddable":true,"href":"https:\/\/www.lirapopular.cl\/lirapopularxix\/wp-json\/wp\/v2\/comments?post=2092"}],"version-history":[{"count":0,"href":"https:\/\/www.lirapopular.cl\/lirapopularxix\/wp-json\/wp\/v2\/pages\/2092\/revisions"}],"wp:attachment":[{"href":"https:\/\/www.lirapopular.cl\/lirapopularxix\/wp-json\/wp\/v2\/media?parent=2092"}],"curies":[{"name":"wp","href":"https:\/\/api.w.org\/{rel}","templated":true}]}}