{"id":20918,"date":"2021-08-07T19:40:03","date_gmt":"2021-08-07T23:40:03","guid":{"rendered":"https:\/\/www.lirapopular.cl\/lirapopularxix\/?page_id=20918"},"modified":"2021-08-07T19:40:03","modified_gmt":"2021-08-07T23:40:03","slug":"versos-populares-la-paz-con-la-arjentina","status":"publish","type":"page","link":"https:\/\/www.lirapopular.cl\/lirapopularxix\/versos-populares-la-paz-con-la-arjentina\/","title":{"rendered":"VERSOS POPULARES <br>LA PAZ CON LA ARJENTINA"},"content":{"rendered":"\n<div class=\"wp-block-image\"><figure class=\"alignright size-medium\"><a href=\"http:\/\/https:\/\/www.lirapopular.cl\/lirapopularxix\/wp-content\/uploads\/2021\/08\/619-1.jpg\"><img decoding=\"async\" src=\"http:\/\/https:\/\/www.lirapopular.cl\/lirapopularxix\/wp-content\/uploads\/2021\/08\/619-1-204x300.jpg\" alt=\"\" class=\"wp-image-20919\"\/><\/a><figcaption>Colecci\u00f3n Lira Popular de la<br \/>Universidad de Chile<\/figcaption><\/figure><\/div>\n\n\n\n<p>Autor: Desiderio Parra (Poeta pequen).<br \/>Impresor: Sin informaci\u00f3n<br \/>Tama\u00f1o: 52 x 35,5 cm<br \/>Clasificaci\u00f3n: 619 P258v Caja N\u00b011a<\/p>\n\n\n\n<ul class=\"wp-block-list\"><li><a href=\"https:\/\/www.lirapopular.cl\/lirapopularxix\/2021\/08\/08\/gran-asesinatoen-pelequen\/\">Gran asesinato en Pelequ\u00e9n<\/a><\/li><li><a href=\"https:\/\/www.lirapopular.cl\/lirapopularxix\/2021\/08\/08\/la-paz-con-la-arjentina\/\">La paz con la Argentina<\/a><\/li><li><a href=\"https:\/\/www.lirapopular.cl\/lirapopularxix\/2021\/08\/08\/la-lei-de-la-guardianacional\/\">La ley de la Guardia Nacional<\/a><\/li><li><a href=\"https:\/\/www.lirapopular.cl\/lirapopularxix\/2021\/08\/08\/ponderacionde-un-fusilamiento\/\">Ponderaci\u00f3n de un fusilamiento<\/a><\/li><li><a href=\"https:\/\/www.lirapopular.cl\/lirapopularxix\/2021\/08\/08\/senas-del-juicio-final\/\">Se\u00f1as del juicio final<\/a><\/li><li><a href=\"https:\/\/www.lirapopular.cl\/lirapopularxix\/2021\/08\/08\/contestacion-a-dos-poetas\/\">Contestaci\u00f3n a dos poetas.<\/a><\/li><\/ul>\n\n\n\n<p>Nota: Este ejemplar tiene escrito a mano con l\u00e1piz rojo \u201c619\u201d.<br \/>Documento optimizado digitalmente.<\/p>\n","protected":false},"excerpt":{"rendered":"<p>Autor: Desiderio Parra (Poeta pequen).Impresor: Sin informaci\u00f3nTama\u00f1o: 52 x 35,5 cmClasificaci\u00f3n: 619 P258v Caja N\u00b011a Gran asesinato en Pelequ\u00e9n La paz con la Argentina La ley de la Guardia Nacional Ponderaci\u00f3n de un fusilamiento Se\u00f1as del juicio final Contestaci\u00f3n a dos poetas. Nota: Este ejemplar tiene escrito a mano con l\u00e1piz rojo \u201c619\u201d.Documento optimizado digitalmente.<\/p>\n","protected":false},"author":1,"featured_media":0,"parent":0,"menu_order":0,"comment_status":"closed","ping_status":"closed","template":"","meta":{"footnotes":""},"class_list":["post-20918","page","type-page","status-publish","hentry"],"jetpack_sharing_enabled":true,"_links":{"self":[{"href":"https:\/\/www.lirapopular.cl\/lirapopularxix\/wp-json\/wp\/v2\/pages\/20918","targetHints":{"allow":["GET"]}}],"collection":[{"href":"https:\/\/www.lirapopular.cl\/lirapopularxix\/wp-json\/wp\/v2\/pages"}],"about":[{"href":"https:\/\/www.lirapopular.cl\/lirapopularxix\/wp-json\/wp\/v2\/types\/page"}],"author":[{"embeddable":true,"href":"https:\/\/www.lirapopular.cl\/lirapopularxix\/wp-json\/wp\/v2\/users\/1"}],"replies":[{"embeddable":true,"href":"https:\/\/www.lirapopular.cl\/lirapopularxix\/wp-json\/wp\/v2\/comments?post=20918"}],"version-history":[{"count":0,"href":"https:\/\/www.lirapopular.cl\/lirapopularxix\/wp-json\/wp\/v2\/pages\/20918\/revisions"}],"wp:attachment":[{"href":"https:\/\/www.lirapopular.cl\/lirapopularxix\/wp-json\/wp\/v2\/media?parent=20918"}],"curies":[{"name":"wp","href":"https:\/\/api.w.org\/{rel}","templated":true}]}}