{"id":20899,"date":"2021-08-07T18:06:51","date_gmt":"2021-08-07T22:06:51","guid":{"rendered":"https:\/\/www.lirapopular.cl\/lirapopularxix\/?page_id=20899"},"modified":"2021-08-07T18:06:51","modified_gmt":"2021-08-07T22:06:51","slug":"via-crucis-del-pueblo","status":"publish","type":"page","link":"https:\/\/www.lirapopular.cl\/lirapopularxix\/via-crucis-del-pueblo\/","title":{"rendered":"V\u00eda-Crucis <br>DEL <br>PUEBLO <br>POR <br>EL PADRE PADILLA.<br> PRIMERA ESTACI\u00d3N <br>Balmaceda condenado a muerte."},"content":{"rendered":"\n<div class=\"wp-block-image\"><figure class=\"alignright size-medium\"><a href=\"http:\/\/https:\/\/www.lirapopular.cl\/lirapopularxix\/wp-content\/uploads\/2021\/08\/659-1.jpg\"><img decoding=\"async\" src=\"http:\/\/https:\/\/www.lirapopular.cl\/lirapopularxix\/wp-content\/uploads\/2021\/08\/659-1-150x300.jpg\" alt=\"\" class=\"wp-image-20904\"\/><\/a><figcaption>Colecci\u00f3n Lira Popular de la<br \/>Universidad de Chile<\/figcaption><\/figure><\/div>\n\n\n\n<p>Autor: El Padre Padilla<br \/>Impresor: Imp. de La Reforma.\u2014Serena, Mayo 5 de 1892.<br \/>Tama\u00f1o: 46,2 x 22,6 cm<br \/>Clasificaci\u00f3n: 659 P123 Caja N\u00b03a<\/p>\n\n\n\n<ul class=\"wp-block-list\"><li><a href=\"https:\/\/www.lirapopular.cl\/lirapopularxix\/2021\/08\/07\/via-crucis-del-pueblo\/\">V\u00eda-Crucis del pueblo por el Padre Padilla. Primera estaci\u00f3n. Balmaceda condenado a muerte.<\/a><\/li><\/ul>\n\n\n\n<p>Nota: Este ejemplar tiene escrito a mano con l\u00e1piz rojo \u201c659\u201d.<br \/>\u201cEl Padre Padilla\u201d es uno de los muchos seud\u00f3nimos usados por Rafael Allende.<br \/>Documento optimizado digitalmente.<\/p>\n","protected":false},"excerpt":{"rendered":"<p>Autor: El Padre PadillaImpresor: Imp. de La Reforma.\u2014Serena, Mayo 5 de 1892.Tama\u00f1o: 46,2 x 22,6 cmClasificaci\u00f3n: 659 P123 Caja N\u00b03a V\u00eda-Crucis del pueblo por el Padre Padilla. Primera estaci\u00f3n. Balmaceda condenado a muerte. Nota: Este ejemplar tiene escrito a mano con l\u00e1piz rojo \u201c659\u201d.\u201cEl Padre Padilla\u201d es uno de los muchos seud\u00f3nimos usados por Rafael [&hellip;]<\/p>\n","protected":false},"author":1,"featured_media":0,"parent":0,"menu_order":0,"comment_status":"closed","ping_status":"closed","template":"","meta":{"footnotes":""},"class_list":["post-20899","page","type-page","status-publish","hentry"],"jetpack_sharing_enabled":true,"_links":{"self":[{"href":"https:\/\/www.lirapopular.cl\/lirapopularxix\/wp-json\/wp\/v2\/pages\/20899","targetHints":{"allow":["GET"]}}],"collection":[{"href":"https:\/\/www.lirapopular.cl\/lirapopularxix\/wp-json\/wp\/v2\/pages"}],"about":[{"href":"https:\/\/www.lirapopular.cl\/lirapopularxix\/wp-json\/wp\/v2\/types\/page"}],"author":[{"embeddable":true,"href":"https:\/\/www.lirapopular.cl\/lirapopularxix\/wp-json\/wp\/v2\/users\/1"}],"replies":[{"embeddable":true,"href":"https:\/\/www.lirapopular.cl\/lirapopularxix\/wp-json\/wp\/v2\/comments?post=20899"}],"version-history":[{"count":0,"href":"https:\/\/www.lirapopular.cl\/lirapopularxix\/wp-json\/wp\/v2\/pages\/20899\/revisions"}],"wp:attachment":[{"href":"https:\/\/www.lirapopular.cl\/lirapopularxix\/wp-json\/wp\/v2\/media?parent=20899"}],"curies":[{"name":"wp","href":"https:\/\/api.w.org\/{rel}","templated":true}]}}