{"id":20867,"date":"2021-08-06T16:57:47","date_gmt":"2021-08-06T20:57:47","guid":{"rendered":"https:\/\/www.lirapopular.cl\/lirapopularxix\/?page_id=20867"},"modified":"2021-08-06T16:57:47","modified_gmt":"2021-08-06T20:57:47","slug":"elojios-a-una-bella","status":"publish","type":"page","link":"https:\/\/www.lirapopular.cl\/lirapopularxix\/elojios-a-una-bella\/","title":{"rendered":"ELOJIOS A UNA BELLA"},"content":{"rendered":"\n<div class=\"wp-block-image\"><figure class=\"alignright size-medium\"><a href=\"http:\/\/https:\/\/www.lirapopular.cl\/lirapopularxix\/wp-content\/uploads\/2021\/08\/658-1.jpg\"><img decoding=\"async\" src=\"http:\/\/https:\/\/www.lirapopular.cl\/lirapopularxix\/wp-content\/uploads\/2021\/08\/658-1-300x238.jpg\" alt=\"\" class=\"wp-image-20871\"\/><\/a><figcaption>Colecci\u00f3n Lira Popular de la<br \/>Universidad de Chile<\/figcaption><\/figure><\/div>\n\n\n\n<p>Autor: J. M. Moraga y C\u00aa<br \/>Impresor: Sin informaci\u00f3n<br \/>Tama\u00f1o: 26,3 x 32,1 cm<br \/>Clasificaci\u00f3n: 658 M827 Caja N\u00b03a, BN C\u00f3digo:\u00a0LO0012263<\/p>\n\n\n\n<ul class=\"wp-block-list\"><li><a href=\"https:\/\/www.lirapopular.cl\/lirapopularxix\/2021\/08\/06\/elojios-a-una-bella\/\">Elogios a una bella<\/a><\/li><li><a href=\"https:\/\/www.lirapopular.cl\/lirapopularxix\/2021\/08\/06\/la-conductora-y-el-pajarito-2\/\">La conductora y el pajarito<\/a><\/li><li><a href=\"https:\/\/www.lirapopular.cl\/lirapopularxix\/2021\/08\/06\/a-mi-amada\/\">A mi amada<\/a><\/li><li><a href=\"https:\/\/www.lirapopular.cl\/lirapopularxix\/2021\/08\/06\/carta\/\">Carta<\/a><\/li><\/ul>\n\n\n\n<p>Nota: El 1er ejemplar tiene escrito a mano con l\u00e1piz rojo \u201c658\u201d.<br \/>El 2\u00ba ejemplar tiene escrito a mano con pluma \u201c443 @\u201d y con l\u00e1piz rojo &#8220;-1&#8221;.<br \/>Documentos optimizados digitalmente.<\/p>\n\n\n\n<p><span class=\"has-inline-color has-white-color\">.<\/span><\/p>\n\n\n\n<div class=\"wp-block-image\"><figure class=\"alignright size-medium\"><a href=\"https:\/\/www.lirapopular.cl\/lirapopularxix\/wp-content\/uploads\/2021\/11\/LO0012263.jpg\"><img loading=\"lazy\" decoding=\"async\" width=\"300\" height=\"280\" src=\"https:\/\/www.lirapopular.cl\/lirapopularxix\/wp-content\/uploads\/2021\/11\/LO0012263-300x280.jpg\" alt=\"\" class=\"wp-image-25875\" srcset=\"https:\/\/www.lirapopular.cl\/lirapopularxix\/wp-content\/uploads\/2021\/11\/LO0012263-300x280.jpg 300w, https:\/\/www.lirapopular.cl\/lirapopularxix\/wp-content\/uploads\/2021\/11\/LO0012263-768x717.jpg 768w, https:\/\/www.lirapopular.cl\/lirapopularxix\/wp-content\/uploads\/2021\/11\/LO0012263.jpg 1000w\" sizes=\"auto, (max-width: 300px) 100vw, 300px\" \/><\/a><figcaption>Archivo de Literatura Oral<br \/>Fondo Rodolfo Lenz<\/figcaption><\/figure><\/div>\n","protected":false},"excerpt":{"rendered":"<p>Autor: J. M. Moraga y C\u00aaImpresor: Sin informaci\u00f3nTama\u00f1o: 26,3 x 32,1 cmClasificaci\u00f3n: 658 M827 Caja N\u00b03a, BN C\u00f3digo:\u00a0LO0012263 Elogios a una bella La conductora y el pajarito A mi amada Carta Nota: El 1er ejemplar tiene escrito a mano con l\u00e1piz rojo \u201c658\u201d.El 2\u00ba ejemplar tiene escrito a mano con pluma \u201c443 @\u201d y con [&hellip;]<\/p>\n","protected":false},"author":1,"featured_media":0,"parent":0,"menu_order":0,"comment_status":"closed","ping_status":"closed","template":"","meta":{"footnotes":""},"class_list":["post-20867","page","type-page","status-publish","hentry"],"jetpack_sharing_enabled":true,"_links":{"self":[{"href":"https:\/\/www.lirapopular.cl\/lirapopularxix\/wp-json\/wp\/v2\/pages\/20867","targetHints":{"allow":["GET"]}}],"collection":[{"href":"https:\/\/www.lirapopular.cl\/lirapopularxix\/wp-json\/wp\/v2\/pages"}],"about":[{"href":"https:\/\/www.lirapopular.cl\/lirapopularxix\/wp-json\/wp\/v2\/types\/page"}],"author":[{"embeddable":true,"href":"https:\/\/www.lirapopular.cl\/lirapopularxix\/wp-json\/wp\/v2\/users\/1"}],"replies":[{"embeddable":true,"href":"https:\/\/www.lirapopular.cl\/lirapopularxix\/wp-json\/wp\/v2\/comments?post=20867"}],"version-history":[{"count":0,"href":"https:\/\/www.lirapopular.cl\/lirapopularxix\/wp-json\/wp\/v2\/pages\/20867\/revisions"}],"wp:attachment":[{"href":"https:\/\/www.lirapopular.cl\/lirapopularxix\/wp-json\/wp\/v2\/media?parent=20867"}],"curies":[{"name":"wp","href":"https:\/\/api.w.org\/{rel}","templated":true}]}}