{"id":20848,"date":"2021-08-06T15:36:12","date_gmt":"2021-08-06T19:36:12","guid":{"rendered":"https:\/\/www.lirapopular.cl\/lirapopularxix\/?page_id=20848"},"modified":"2021-08-06T15:36:12","modified_gmt":"2021-08-06T19:36:12","slug":"versos-de-los-doscientos-palos-a-pio-fierro","status":"publish","type":"page","link":"https:\/\/www.lirapopular.cl\/lirapopularxix\/versos-de-los-doscientos-palos-a-pio-fierro\/","title":{"rendered":"VERSOS DE LOS DOSCIENTOS PALOS A PIO FIERRO."},"content":{"rendered":"\n<div class=\"wp-block-image\"><figure class=\"alignright size-medium\"><a href=\"http:\/\/https:\/\/www.lirapopular.cl\/lirapopularxix\/wp-content\/uploads\/2021\/08\/716-1.jpg\"><img decoding=\"async\" src=\"http:\/\/https:\/\/www.lirapopular.cl\/lirapopularxix\/wp-content\/uploads\/2021\/08\/716-1-240x300.jpg\" alt=\"\" class=\"wp-image-20853\"\/><\/a><figcaption>Colecci\u00f3n Lira Popular de la<br \/>Universidad de Chile<\/figcaption><\/figure><\/div>\n\n\n\n<p>Autor: Es propiedad de Modesto.<br \/>Impresor: Sin informaci\u00f3n<br \/>Tama\u00f1o: 25,5 x 32 cm<br \/>Clasificaci\u00f3n: 716 V564 Caja N\u00b04a<\/p>\n\n\n\n<ul class=\"wp-block-list\"><li><a href=\"https:\/\/www.lirapopular.cl\/lirapopularxix\/2021\/08\/06\/versos-de-los-doscientos-palos-apio-fierro\/\">Versos de los doscientos palos a P\u00edo Fierro<\/a><\/li><li><a href=\"https:\/\/www.lirapopular.cl\/lirapopularxix\/2021\/08\/06\/el-sol-y-sus-planetas-2\/\">El sol y sus planetas<\/a><\/li><li><a href=\"https:\/\/www.lirapopular.cl\/lirapopularxix\/2021\/08\/06\/astronomia-estelaria-2\/\">Astronom\u00eda estrelaria<\/a><\/li><li><a href=\"https:\/\/www.lirapopular.cl\/lirapopularxix\/2021\/08\/06\/cueca-5\/\">Cueca<\/a><\/li><li><a href=\"https:\/\/www.lirapopular.cl\/lirapopularxix\/2021\/08\/06\/a-rosita\/\">A Rosita\u2026<\/a><\/li><\/ul>\n\n\n\n<p>Nota: Este ejemplar tiene escrito a mano con l\u00e1piz rojo \u201c716\u201d.<br \/>Documento optimizado digitalmente.<\/p>\n","protected":false},"excerpt":{"rendered":"<p>Autor: Es propiedad de Modesto.Impresor: Sin informaci\u00f3nTama\u00f1o: 25,5 x 32 cmClasificaci\u00f3n: 716 V564 Caja N\u00b04a Versos de los doscientos palos a P\u00edo Fierro El sol y sus planetas Astronom\u00eda estrelaria Cueca A Rosita\u2026 Nota: Este ejemplar tiene escrito a mano con l\u00e1piz rojo \u201c716\u201d.Documento optimizado digitalmente.<\/p>\n","protected":false},"author":1,"featured_media":0,"parent":0,"menu_order":0,"comment_status":"open","ping_status":"closed","template":"","meta":{"footnotes":""},"class_list":["post-20848","page","type-page","status-publish","hentry"],"jetpack_sharing_enabled":true,"_links":{"self":[{"href":"https:\/\/www.lirapopular.cl\/lirapopularxix\/wp-json\/wp\/v2\/pages\/20848","targetHints":{"allow":["GET"]}}],"collection":[{"href":"https:\/\/www.lirapopular.cl\/lirapopularxix\/wp-json\/wp\/v2\/pages"}],"about":[{"href":"https:\/\/www.lirapopular.cl\/lirapopularxix\/wp-json\/wp\/v2\/types\/page"}],"author":[{"embeddable":true,"href":"https:\/\/www.lirapopular.cl\/lirapopularxix\/wp-json\/wp\/v2\/users\/1"}],"replies":[{"embeddable":true,"href":"https:\/\/www.lirapopular.cl\/lirapopularxix\/wp-json\/wp\/v2\/comments?post=20848"}],"version-history":[{"count":0,"href":"https:\/\/www.lirapopular.cl\/lirapopularxix\/wp-json\/wp\/v2\/pages\/20848\/revisions"}],"wp:attachment":[{"href":"https:\/\/www.lirapopular.cl\/lirapopularxix\/wp-json\/wp\/v2\/media?parent=20848"}],"curies":[{"name":"wp","href":"https:\/\/api.w.org\/{rel}","templated":true}]}}