{"id":20791,"date":"2021-08-03T19:27:51","date_gmt":"2021-08-03T23:27:51","guid":{"rendered":"https:\/\/www.lirapopular.cl\/lirapopularxix\/?page_id=20791"},"modified":"2021-08-03T19:27:51","modified_gmt":"2021-08-03T23:27:51","slug":"el-crimen-de-san-juan-captura","status":"publish","type":"page","link":"https:\/\/www.lirapopular.cl\/lirapopularxix\/el-crimen-de-san-juan-captura\/","title":{"rendered":"EL CRIMEN DE SAN JUAN <br>CAPTURA DE LOS ASESINOS"},"content":{"rendered":"\n<div class=\"wp-block-image\"><figure class=\"alignright size-medium\"><a href=\"https:\/\/www.lirapopular.cl\/lirapopularxix\/wp-content\/uploads\/2021\/08\/269.jpg\"><img loading=\"lazy\" decoding=\"async\" width=\"217\" height=\"300\" src=\"https:\/\/www.lirapopular.cl\/lirapopularxix\/wp-content\/uploads\/2021\/08\/269-217x300.jpg\" alt=\"\" class=\"wp-image-20795\" srcset=\"https:\/\/www.lirapopular.cl\/lirapopularxix\/wp-content\/uploads\/2021\/08\/269-217x300.jpg 217w, https:\/\/www.lirapopular.cl\/lirapopularxix\/wp-content\/uploads\/2021\/08\/269.jpg 723w\" sizes=\"auto, (max-width: 217px) 100vw, 217px\" \/><\/a><figcaption>Colecci\u00f3n Lira Popular de la<br \/>Universidad de Chile<\/figcaption><\/figure><\/div>\n\n\n\n<p>Autor: R\u00f3lak.<br \/>Impresor: Sin informaci\u00f3n<br \/>Tama\u00f1o: 78 x 55 cm<br \/>Clasificaci\u00f3n: 269 R774c Caja N\u00b010<\/p>\n\n\n\n<ul class=\"wp-block-list\"><li><a href=\"https:\/\/www.lirapopular.cl\/lirapopularxix\/2021\/08\/04\/el-crimen-de-san-juan-captura-de-los-asesinos\/\">El crimen de San Juan. Captura de los asesinos<\/a><\/li><li><a href=\"https:\/\/www.lirapopular.cl\/lirapopularxix\/2021\/08\/04\/horrible-dramauna-prisionera-entre-los-araucanos\/\">Horrible drama. Una prisionera entre araucanos<\/a><\/li><\/ul>\n\n\n\n<p>Nota: Texto manuscrito, quiz\u00e1s aut\u00f3grafo: &#8220;Este verso es de un poeta arjentino en quintilla pasado a la decima por mi&#8221;.<br \/>Documento optimizado digitalmente.<\/p>\n","protected":false},"excerpt":{"rendered":"<p>Autor: R\u00f3lak.Impresor: Sin informaci\u00f3nTama\u00f1o: 78 x 55 cmClasificaci\u00f3n: 269 R774c Caja N\u00b010 El crimen de San Juan. Captura de los asesinos Horrible drama. Una prisionera entre araucanos Nota: Texto manuscrito, quiz\u00e1s aut\u00f3grafo: &#8220;Este verso es de un poeta arjentino en quintilla pasado a la decima por mi&#8221;.Documento optimizado digitalmente.<\/p>\n","protected":false},"author":1,"featured_media":0,"parent":0,"menu_order":0,"comment_status":"closed","ping_status":"closed","template":"","meta":{"footnotes":""},"class_list":["post-20791","page","type-page","status-publish","hentry"],"jetpack_sharing_enabled":true,"_links":{"self":[{"href":"https:\/\/www.lirapopular.cl\/lirapopularxix\/wp-json\/wp\/v2\/pages\/20791","targetHints":{"allow":["GET"]}}],"collection":[{"href":"https:\/\/www.lirapopular.cl\/lirapopularxix\/wp-json\/wp\/v2\/pages"}],"about":[{"href":"https:\/\/www.lirapopular.cl\/lirapopularxix\/wp-json\/wp\/v2\/types\/page"}],"author":[{"embeddable":true,"href":"https:\/\/www.lirapopular.cl\/lirapopularxix\/wp-json\/wp\/v2\/users\/1"}],"replies":[{"embeddable":true,"href":"https:\/\/www.lirapopular.cl\/lirapopularxix\/wp-json\/wp\/v2\/comments?post=20791"}],"version-history":[{"count":0,"href":"https:\/\/www.lirapopular.cl\/lirapopularxix\/wp-json\/wp\/v2\/pages\/20791\/revisions"}],"wp:attachment":[{"href":"https:\/\/www.lirapopular.cl\/lirapopularxix\/wp-json\/wp\/v2\/media?parent=20791"}],"curies":[{"name":"wp","href":"https:\/\/api.w.org\/{rel}","templated":true}]}}