{"id":20765,"date":"2021-08-03T12:06:55","date_gmt":"2021-08-03T16:06:55","guid":{"rendered":"https:\/\/www.lirapopular.cl\/lirapopularxix\/?page_id=20765"},"modified":"2021-08-03T12:06:55","modified_gmt":"2021-08-03T16:06:55","slug":"el-perdon-del-reo-jose-domingo-briceno","status":"publish","type":"page","link":"https:\/\/www.lirapopular.cl\/lirapopularxix\/el-perdon-del-reo-jose-domingo-briceno\/","title":{"rendered":"EL PERDON DEL REO <br>JOS\u00c9 DOMINGO BRICE\u00d1O"},"content":{"rendered":"\n<div class=\"wp-block-image\"><figure class=\"alignright size-medium\"><a href=\"https:\/\/www.lirapopular.cl\/lirapopularxix\/wp-content\/uploads\/2021\/08\/268.jpg\"><img loading=\"lazy\" decoding=\"async\" width=\"208\" height=\"300\" src=\"https:\/\/www.lirapopular.cl\/lirapopularxix\/wp-content\/uploads\/2021\/08\/268-208x300.jpg\" alt=\"\" class=\"wp-image-20768\" srcset=\"https:\/\/www.lirapopular.cl\/lirapopularxix\/wp-content\/uploads\/2021\/08\/268-208x300.jpg 208w, https:\/\/www.lirapopular.cl\/lirapopularxix\/wp-content\/uploads\/2021\/08\/268.jpg 694w\" sizes=\"auto, (max-width: 208px) 100vw, 208px\" \/><\/a><figcaption>Colecci\u00f3n Lira Popular de la<br \/>Universidad de Chile<\/figcaption><\/figure><\/div>\n\n\n\n<p>Autor: R\u00f3lak.<br \/>Impresor: Sin informaci\u00f3n<br \/>Tama\u00f1o: 77,8 x 55 cm<br \/>Clasificaci\u00f3n: 268 R774p Caja N\u00b010<\/p>\n\n\n\n<ul class=\"wp-block-list\"><li><a href=\"https:\/\/www.lirapopular.cl\/lirapopularxix\/2021\/08\/03\/el-perdondel-reo-briceno\/\">El perd\u00f3n del reo Brice\u00f1o<\/a><\/li><li><a href=\"https:\/\/www.lirapopular.cl\/lirapopularxix\/2021\/08\/03\/peticional-presidente-paraindultar-al-reo\/\">Petici\u00f3n al presidente para indultar al reo<\/a><\/li><li><a href=\"https:\/\/www.lirapopular.cl\/lirapopularxix\/2021\/08\/03\/la-yuntaperalta-y-reyes\/\">La yunta Peralta y Reyes<\/a><\/li><li><a href=\"https:\/\/www.lirapopular.cl\/lirapopularxix\/2021\/08\/03\/a-mis-lectores\/\">A mis lectores<\/a><\/li><li><a href=\"https:\/\/www.lirapopular.cl\/lirapopularxix\/2021\/08\/03\/combate-de-iquique21-de-mayo-de-1879hurrahal-21-de-mayo\/\">Combate de Iquique 21 de mayo de 1879 <\/a><br \/><a href=\"https:\/\/www.lirapopular.cl\/lirapopularxix\/2021\/08\/03\/combate-de-iquique21-de-mayo-de-1879hurrahal-21-de-mayo\/\">\u00a1\u00a1Hurrah! al 21 de mayo<\/a><\/li><li><a href=\"https:\/\/www.lirapopular.cl\/lirapopularxix\/2021\/08\/03\/combate-de-iquique-5\/\">Combate de Iquique<\/a><\/li><li><a href=\"https:\/\/www.lirapopular.cl\/lirapopularxix\/2021\/08\/03\/cantares-24\/\">Cantares<\/a><\/li><\/ul>\n\n\n\n<p>Nota: Este ejemplar tiene escrito a mano con l\u00e1piz grafito \u201c250\/268\u201d.<br \/>Documento optimizado digitalmente.<\/p>\n","protected":false},"excerpt":{"rendered":"<p>Autor: R\u00f3lak.Impresor: Sin informaci\u00f3nTama\u00f1o: 77,8 x 55 cmClasificaci\u00f3n: 268 R774p Caja N\u00b010 El perd\u00f3n del reo Brice\u00f1o Petici\u00f3n al presidente para indultar al reo La yunta Peralta y Reyes A mis lectores Combate de Iquique 21 de mayo de 1879 \u00a1\u00a1Hurrah! al 21 de mayo Combate de Iquique Cantares Nota: Este ejemplar tiene escrito a [&hellip;]<\/p>\n","protected":false},"author":1,"featured_media":0,"parent":0,"menu_order":0,"comment_status":"closed","ping_status":"closed","template":"","meta":{"footnotes":""},"class_list":["post-20765","page","type-page","status-publish","hentry"],"jetpack_sharing_enabled":true,"_links":{"self":[{"href":"https:\/\/www.lirapopular.cl\/lirapopularxix\/wp-json\/wp\/v2\/pages\/20765","targetHints":{"allow":["GET"]}}],"collection":[{"href":"https:\/\/www.lirapopular.cl\/lirapopularxix\/wp-json\/wp\/v2\/pages"}],"about":[{"href":"https:\/\/www.lirapopular.cl\/lirapopularxix\/wp-json\/wp\/v2\/types\/page"}],"author":[{"embeddable":true,"href":"https:\/\/www.lirapopular.cl\/lirapopularxix\/wp-json\/wp\/v2\/users\/1"}],"replies":[{"embeddable":true,"href":"https:\/\/www.lirapopular.cl\/lirapopularxix\/wp-json\/wp\/v2\/comments?post=20765"}],"version-history":[{"count":0,"href":"https:\/\/www.lirapopular.cl\/lirapopularxix\/wp-json\/wp\/v2\/pages\/20765\/revisions"}],"wp:attachment":[{"href":"https:\/\/www.lirapopular.cl\/lirapopularxix\/wp-json\/wp\/v2\/media?parent=20765"}],"curies":[{"name":"wp","href":"https:\/\/api.w.org\/{rel}","templated":true}]}}