{"id":20721,"date":"2021-08-01T17:09:38","date_gmt":"2021-08-01T21:09:38","guid":{"rendered":"https:\/\/www.lirapopular.cl\/lirapopularxix\/?page_id=20721"},"modified":"2021-08-01T17:09:38","modified_gmt":"2021-08-01T21:09:38","slug":"horrible-asesinato-el-yerno-mata-al-suegro","status":"publish","type":"page","link":"https:\/\/www.lirapopular.cl\/lirapopularxix\/horrible-asesinato-el-yerno-mata-al-suegro\/","title":{"rendered":"HORRIBLE ASESINATO <br>El yerno mata al suegro i se suicida"},"content":{"rendered":"\n<div class=\"wp-block-image\"><figure class=\"alignright size-medium\"><a href=\"https:\/\/www.lirapopular.cl\/lirapopularxix\/wp-content\/uploads\/2021\/08\/266.jpg\"><img loading=\"lazy\" decoding=\"async\" width=\"210\" height=\"300\" src=\"https:\/\/www.lirapopular.cl\/lirapopularxix\/wp-content\/uploads\/2021\/08\/266-210x300.jpg\" alt=\"\" class=\"wp-image-20724\" srcset=\"https:\/\/www.lirapopular.cl\/lirapopularxix\/wp-content\/uploads\/2021\/08\/266-210x300.jpg 210w, https:\/\/www.lirapopular.cl\/lirapopularxix\/wp-content\/uploads\/2021\/08\/266.jpg 700w\" sizes=\"auto, (max-width: 210px) 100vw, 210px\" \/><\/a><figcaption>Colecci\u00f3n Lira Popular de la<br \/>Universidad de Chile<\/figcaption><\/figure><\/div>\n\n\n\n<p>Autor: R\u00f3lak.<br \/>Impresor: Sin informaci\u00f3n<br \/>Tama\u00f1o: 52,7 x 37,2 cm<br \/>Clasificaci\u00f3n: 266 R774h Caja N\u00b010<\/p>\n\n\n\n<ul class=\"wp-block-list\"><li><a href=\"https:\/\/www.lirapopular.cl\/lirapopularxix\/2021\/08\/01\/horrible-asesinatoel-yerno-mata-al-suegroi-se-suicida\/\">Horrible asesinato. El yerno mata al suegro y se suicida<\/a><\/li><li><a href=\"https:\/\/www.lirapopular.cl\/lirapopularxix\/2021\/08\/01\/donde-esta-el-cielo-2\/\">D\u00f3nde est\u00e1 el cielo<\/a><\/li><li><a href=\"https:\/\/www.lirapopular.cl\/lirapopularxix\/2021\/08\/01\/mensajedel-presidente-de-la-republica1-o-de-junio-de-1898\/\">Mensaje del Presidente de la Rep\u00fablica. 1\u00ba de junio de 1898<\/a><\/li><li><a href=\"https:\/\/www.lirapopular.cl\/lirapopularxix\/2021\/08\/01\/saludoa-los-manueles\/\">Saludo a los manueles<\/a><\/li><li><a href=\"https:\/\/www.lirapopular.cl\/lirapopularxix\/2021\/08\/01\/sangrienta-tragediaun-nino-comido-por-un-lagarto-delante-del-padre\/\">Sangrienta tragedia. Un ni\u00f1o comido por un lagarto delante del padre<\/a><\/li><li><a href=\"https:\/\/www.lirapopular.cl\/lirapopularxix\/2021\/08\/01\/la-flor-misteriosa\/\">La flor misteriosa<\/a><\/li><li><a href=\"https:\/\/www.lirapopular.cl\/lirapopularxix\/2021\/08\/01\/quejas-de-un-amantedel-arenal-2\/\">Quejas de un amante del arenal<\/a><\/li><li><a href=\"https:\/\/www.lirapopular.cl\/lirapopularxix\/2021\/08\/01\/cantares-23\/\">Cantares<\/a><\/li><\/ul>\n\n\n\n<p>Nota: Este ejemplar tiene escrito a mano con l\u00e1piz grafito \u201c248\/266\u201d.<br \/>El documento se refiere a un suceso pol\u00edtico cercano ocurrido el 1\u00ba de junio de 1898.<br \/>Documento optimizado digitalmente.<\/p>\n","protected":false},"excerpt":{"rendered":"<p>Autor: R\u00f3lak.Impresor: Sin informaci\u00f3nTama\u00f1o: 52,7 x 37,2 cmClasificaci\u00f3n: 266 R774h Caja N\u00b010 Horrible asesinato. El yerno mata al suegro y se suicida D\u00f3nde est\u00e1 el cielo Mensaje del Presidente de la Rep\u00fablica. 1\u00ba de junio de 1898 Saludo a los manueles Sangrienta tragedia. Un ni\u00f1o comido por un lagarto delante del padre La flor misteriosa [&hellip;]<\/p>\n","protected":false},"author":1,"featured_media":0,"parent":0,"menu_order":0,"comment_status":"closed","ping_status":"closed","template":"","meta":{"footnotes":""},"class_list":["post-20721","page","type-page","status-publish","hentry"],"jetpack_sharing_enabled":true,"_links":{"self":[{"href":"https:\/\/www.lirapopular.cl\/lirapopularxix\/wp-json\/wp\/v2\/pages\/20721","targetHints":{"allow":["GET"]}}],"collection":[{"href":"https:\/\/www.lirapopular.cl\/lirapopularxix\/wp-json\/wp\/v2\/pages"}],"about":[{"href":"https:\/\/www.lirapopular.cl\/lirapopularxix\/wp-json\/wp\/v2\/types\/page"}],"author":[{"embeddable":true,"href":"https:\/\/www.lirapopular.cl\/lirapopularxix\/wp-json\/wp\/v2\/users\/1"}],"replies":[{"embeddable":true,"href":"https:\/\/www.lirapopular.cl\/lirapopularxix\/wp-json\/wp\/v2\/comments?post=20721"}],"version-history":[{"count":0,"href":"https:\/\/www.lirapopular.cl\/lirapopularxix\/wp-json\/wp\/v2\/pages\/20721\/revisions"}],"wp:attachment":[{"href":"https:\/\/www.lirapopular.cl\/lirapopularxix\/wp-json\/wp\/v2\/media?parent=20721"}],"curies":[{"name":"wp","href":"https:\/\/api.w.org\/{rel}","templated":true}]}}