{"id":20667,"date":"2021-07-31T17:39:16","date_gmt":"2021-07-31T21:39:16","guid":{"rendered":"https:\/\/www.lirapopular.cl\/lirapopularxix\/?page_id=20667"},"modified":"2024-07-17T00:34:50","modified_gmt":"2024-07-17T03:34:50","slug":"1879-21-de-mayo","status":"publish","type":"page","link":"https:\/\/www.lirapopular.cl\/lirapopularxix\/1879-21-de-mayo\/","title":{"rendered":"1879 <br>21 DE MAYO"},"content":{"rendered":"\n<figure class=\"wp-block-gallery alignright has-nested-images columns-default is-cropped wp-block-gallery-1 is-layout-flex wp-block-gallery-is-layout-flex\"><div class=\"wp-block-image\">\n<figure class=\"alignright size-thumbnail\"><a href=\"https:\/\/www.lirapopular.cl\/lirapopularxix\/wp-content\/uploads\/2021\/07\/264.jpg\"><img loading=\"lazy\" decoding=\"async\" width=\"150\" height=\"150\" data-id=\"20668\" src=\"https:\/\/www.lirapopular.cl\/lirapopularxix\/wp-content\/uploads\/2021\/07\/264-150x150.jpg\" alt=\"\" class=\"wp-image-20668\"\/><\/a><figcaption class=\"wp-element-caption\">Colecci\u00f3n Lira Popular de la<br>Universidad de Chile<\/figcaption><\/figure>\n<\/div><\/figure>\n\n\n\n<p>Autor: R\u00f3lak y Juan de Aria.<br>Impresor: Sin informaci\u00f3n<br>Tama\u00f1o: 53,2 x 37,4 cm<br>Clasificaci\u00f3n: 264 R774 Caja N\u00b010, 264 R774 c.2 Caja N\u00b010<\/p>\n\n\n\n<ul class=\"wp-block-list\">\n<li><a href=\"https:\/\/www.lirapopular.cl\/lirapopularxix\/2021\/07\/31\/hurra-2\/\">\u00a1\u00a1Hurra!!<\/a><\/li>\n\n\n\n<li><a href=\"https:\/\/www.lirapopular.cl\/lirapopularxix\/2021\/07\/31\/condell\/\">Condel en el Combate de Iquique a juicio de un huaso.<\/a><\/li>\n\n\n\n<li><a href=\"https:\/\/www.lirapopular.cl\/lirapopularxix\/2021\/07\/31\/combate-de-iquique-4\/\">Combate de Iquique<\/a><\/li>\n\n\n\n<li><a href=\"https:\/\/www.lirapopular.cl\/lirapopularxix\/2021\/07\/31\/a-prat-combate-de-iquique-1879\/\">A Prat. Combate de Iquique\u20141879<\/a><\/li>\n<\/ul>\n\n\n\n<p>Nota: El 1er ejemplar tiene escrito a mano con l\u00e1piz grafito \u201c246\/264\u201d.<br>El 2\u00ba ejemplar tiene escrito a mano con l\u00e1piz rojo \u201c838\u201d.<br>Documento fechado: 21 de mayo 1890.<br>Documentos optimizados digitalmente.<\/p>\n\n\n<div class=\"wp-block-image\">\n<figure class=\"alignright size-thumbnail\"><a href=\"https:\/\/www.lirapopular.cl\/lirapopularxix\/wp-content\/uploads\/2021\/07\/264b.jpg\"><img loading=\"lazy\" decoding=\"async\" width=\"150\" height=\"150\" src=\"https:\/\/www.lirapopular.cl\/lirapopularxix\/wp-content\/uploads\/2021\/07\/264b-150x150.jpg\" alt=\"\" class=\"wp-image-20673\"\/><\/a><figcaption class=\"wp-element-caption\">Colecci\u00f3n Lira Popular de la<br>Universidad de Chile<\/figcaption><\/figure>\n<\/div>","protected":false},"excerpt":{"rendered":"<p>Autor: R\u00f3lak y Juan de Aria.Impresor: Sin informaci\u00f3nTama\u00f1o: 53,2 x 37,4 cmClasificaci\u00f3n: 264 R774 Caja N\u00b010, 264 R774 c.2 Caja N\u00b010 Nota: El 1er ejemplar tiene escrito a mano con l\u00e1piz grafito \u201c246\/264\u201d.El 2\u00ba ejemplar tiene escrito a mano con l\u00e1piz rojo \u201c838\u201d.Documento fechado: 21 de mayo 1890.Documentos optimizados digitalmente.<\/p>\n","protected":false},"author":1,"featured_media":0,"parent":0,"menu_order":0,"comment_status":"closed","ping_status":"closed","template":"","meta":{"footnotes":""},"class_list":["post-20667","page","type-page","status-publish","hentry"],"jetpack_sharing_enabled":true,"_links":{"self":[{"href":"https:\/\/www.lirapopular.cl\/lirapopularxix\/wp-json\/wp\/v2\/pages\/20667","targetHints":{"allow":["GET"]}}],"collection":[{"href":"https:\/\/www.lirapopular.cl\/lirapopularxix\/wp-json\/wp\/v2\/pages"}],"about":[{"href":"https:\/\/www.lirapopular.cl\/lirapopularxix\/wp-json\/wp\/v2\/types\/page"}],"author":[{"embeddable":true,"href":"https:\/\/www.lirapopular.cl\/lirapopularxix\/wp-json\/wp\/v2\/users\/1"}],"replies":[{"embeddable":true,"href":"https:\/\/www.lirapopular.cl\/lirapopularxix\/wp-json\/wp\/v2\/comments?post=20667"}],"version-history":[{"count":4,"href":"https:\/\/www.lirapopular.cl\/lirapopularxix\/wp-json\/wp\/v2\/pages\/20667\/revisions"}],"predecessor-version":[{"id":28523,"href":"https:\/\/www.lirapopular.cl\/lirapopularxix\/wp-json\/wp\/v2\/pages\/20667\/revisions\/28523"}],"wp:attachment":[{"href":"https:\/\/www.lirapopular.cl\/lirapopularxix\/wp-json\/wp\/v2\/media?parent=20667"}],"curies":[{"name":"wp","href":"https:\/\/api.w.org\/{rel}","templated":true}]}}