{"id":20640,"date":"2021-07-31T16:36:04","date_gmt":"2021-07-31T20:36:04","guid":{"rendered":"https:\/\/www.lirapopular.cl\/lirapopularxix\/?page_id=20640"},"modified":"2021-07-31T16:36:04","modified_gmt":"2021-07-31T20:36:04","slug":"el-reo-briseno-en-capilla","status":"publish","type":"page","link":"https:\/\/www.lirapopular.cl\/lirapopularxix\/el-reo-briseno-en-capilla\/","title":{"rendered":"EL REO BRISE\u00d1O<BR>EN CAPILLA"},"content":{"rendered":"\n<div class=\"wp-block-image\"><figure class=\"alignright size-medium\"><a href=\"https:\/\/www.lirapopular.cl\/lirapopularxix\/wp-content\/uploads\/2021\/07\/262.jpg\"><img loading=\"lazy\" decoding=\"async\" width=\"221\" height=\"300\" src=\"https:\/\/www.lirapopular.cl\/lirapopularxix\/wp-content\/uploads\/2021\/07\/262-221x300.jpg\" alt=\"\" class=\"wp-image-20641\" srcset=\"https:\/\/www.lirapopular.cl\/lirapopularxix\/wp-content\/uploads\/2021\/07\/262-221x300.jpg 221w, https:\/\/www.lirapopular.cl\/lirapopularxix\/wp-content\/uploads\/2021\/07\/262.jpg 736w\" sizes=\"auto, (max-width: 221px) 100vw, 221px\" \/><\/a><figcaption>Colecci\u00f3n Lira Popular de la<br \/>Universidad de Chile<\/figcaption><\/figure><\/div>\n\n\n\n<p>Autor: R\u00f3lak.<br \/>Impresor: Sin informaci\u00f3n<br \/>Tama\u00f1o: 53,2 x 37,6 cm<br \/>Clasificaci\u00f3n: 262 R774r Caja N\u00b010<\/p>\n\n\n\n<ul class=\"wp-block-list\"><li><a href=\"https:\/\/www.lirapopular.cl\/lirapopularxix\/2021\/07\/31\/el-reo-brisenoen-capilla\/\">El reo Brice\u00f1o en capilla<\/a><\/li><li><a href=\"https:\/\/www.lirapopular.cl\/lirapopularxix\/2021\/07\/31\/el-suicidado-dondeuna-chusca\/\">El suicidado donde una chusca<\/a><\/li><li><a href=\"https:\/\/www.lirapopular.cl\/lirapopularxix\/2021\/07\/31\/el-diablo-que-sellevo-a-la-bruja\/\">El diablo que se llev\u00f3 a la bruja<\/a><\/li><li><a href=\"https:\/\/www.lirapopular.cl\/lirapopularxix\/2021\/07\/31\/el-hombremitad-bestia\/\">El hombre mitad bestia<\/a><\/li><li><a href=\"https:\/\/www.lirapopular.cl\/lirapopularxix\/2021\/07\/31\/filosofia-de-unborracho\/\">Filosof\u00eda de un borracho<\/a><\/li><li><a href=\"https:\/\/www.lirapopular.cl\/lirapopularxix\/2021\/07\/31\/rolakadaso-sea-bromas-de-rolak\/\">\u00a1Rolakadas! O sea bromas de R\u00f3lak.<\/a><\/li><\/ul>\n\n\n\n<p>Nota: Este ejemplar tiene escrito a mano con l\u00e1piz grafito \u201c244\/262\u201d.<br \/>A excepci\u00f3n del grabado y la primera d\u00e9cima, es una reimpresi\u00f3n, <a href=\"https:\/\/www.lirapopular.cl\/lirapopularxix\/el-hermano-que-mato-a-dos-hermanas\/\">ver<\/a>.<br \/>Documento optimizado digitalmente.<\/p>\n","protected":false},"excerpt":{"rendered":"<p>Autor: R\u00f3lak.Impresor: Sin informaci\u00f3nTama\u00f1o: 53,2 x 37,6 cmClasificaci\u00f3n: 262 R774r Caja N\u00b010 El reo Brice\u00f1o en capilla El suicidado donde una chusca El diablo que se llev\u00f3 a la bruja El hombre mitad bestia Filosof\u00eda de un borracho \u00a1Rolakadas! O sea bromas de R\u00f3lak. Nota: Este ejemplar tiene escrito a mano con l\u00e1piz grafito \u201c244\/262\u201d.A [&hellip;]<\/p>\n","protected":false},"author":1,"featured_media":0,"parent":0,"menu_order":0,"comment_status":"closed","ping_status":"closed","template":"","meta":{"footnotes":""},"class_list":["post-20640","page","type-page","status-publish","hentry"],"jetpack_sharing_enabled":true,"_links":{"self":[{"href":"https:\/\/www.lirapopular.cl\/lirapopularxix\/wp-json\/wp\/v2\/pages\/20640","targetHints":{"allow":["GET"]}}],"collection":[{"href":"https:\/\/www.lirapopular.cl\/lirapopularxix\/wp-json\/wp\/v2\/pages"}],"about":[{"href":"https:\/\/www.lirapopular.cl\/lirapopularxix\/wp-json\/wp\/v2\/types\/page"}],"author":[{"embeddable":true,"href":"https:\/\/www.lirapopular.cl\/lirapopularxix\/wp-json\/wp\/v2\/users\/1"}],"replies":[{"embeddable":true,"href":"https:\/\/www.lirapopular.cl\/lirapopularxix\/wp-json\/wp\/v2\/comments?post=20640"}],"version-history":[{"count":0,"href":"https:\/\/www.lirapopular.cl\/lirapopularxix\/wp-json\/wp\/v2\/pages\/20640\/revisions"}],"wp:attachment":[{"href":"https:\/\/www.lirapopular.cl\/lirapopularxix\/wp-json\/wp\/v2\/media?parent=20640"}],"curies":[{"name":"wp","href":"https:\/\/api.w.org\/{rel}","templated":true}]}}