{"id":20617,"date":"2021-07-31T10:20:38","date_gmt":"2021-07-31T14:20:38","guid":{"rendered":"https:\/\/www.lirapopular.cl\/lirapopularxix\/?page_id=20617"},"modified":"2021-07-31T10:20:38","modified_gmt":"2021-07-31T14:20:38","slug":"desrielamiento-e-incendio-del-tren","status":"publish","type":"page","link":"https:\/\/www.lirapopular.cl\/lirapopularxix\/desrielamiento-e-incendio-del-tren\/","title":{"rendered":"DESRIELAMIENTO E IN-<br>CENDIO DEL TREN <br>UNA MADRE I UNA HIJA <br>QUEMADAS VIVAS"},"content":{"rendered":"\n<div class=\"wp-block-image\"><figure class=\"alignright size-medium\"><a href=\"https:\/\/www.lirapopular.cl\/lirapopularxix\/wp-content\/uploads\/2021\/07\/261.jpg\"><img loading=\"lazy\" decoding=\"async\" width=\"222\" height=\"300\" src=\"https:\/\/www.lirapopular.cl\/lirapopularxix\/wp-content\/uploads\/2021\/07\/261-222x300.jpg\" alt=\"\" class=\"wp-image-20620\" srcset=\"https:\/\/www.lirapopular.cl\/lirapopularxix\/wp-content\/uploads\/2021\/07\/261-222x300.jpg 222w, https:\/\/www.lirapopular.cl\/lirapopularxix\/wp-content\/uploads\/2021\/07\/261.jpg 741w\" sizes=\"auto, (max-width: 222px) 100vw, 222px\" \/><\/a><figcaption>Colecci\u00f3n Lira Popular de la<br \/>Universidad de Chile<\/figcaption><\/figure><\/div>\n\n\n\n<p>Autor: R\u00f3lak.<br \/>Impresor: Sin informaci\u00f3n<br \/>Tama\u00f1o: 52,9 x 37,8 cm<br \/>Clasificaci\u00f3n: 261 R774d Caja N\u00b010, C\u00f3digos BN LO0012641<\/p>\n\n\n\n<ul class=\"wp-block-list\"><li><a href=\"https:\/\/www.lirapopular.cl\/lirapopularxix\/2021\/07\/31\/desrielamiento-e-incendio-del-tren\/\">Desrielamiento e incendio del tren. Una madre y una hija quemadas vivas<\/a><\/li><li><a href=\"https:\/\/www.lirapopular.cl\/lirapopularxix\/2021\/07\/31\/contrapunto-entreel-reo-briceno-i-eljuez\/\">Contrapunto entre el reo Brice\u00f1o y el juez<\/a><\/li><li><a href=\"https:\/\/www.lirapopular.cl\/lirapopularxix\/2021\/07\/31\/carta-a-un-tramposo\/\">Carta a un tramposo<\/a><\/li><li><a href=\"https:\/\/www.lirapopular.cl\/lirapopularxix\/2021\/07\/31\/el-inventor-delvuelo\/\">El inventor del vuelo<\/a><\/li><\/ul>\n\n\n\n<p>Nota: El 1er ejemplar tiene escrito a mano con l\u00e1piz rojo \u201c243\/261\u201d.<br \/>El 2\u00ba ejemplar tiene escrito a mano con plum\u00f3n \u201c315\u201d, por el reverso sobre etiqueta&#8221;88&#8243;.<br \/>Documentos optimizados digitalmente.<\/p>\n\n\n\n<p><span class=\"has-inline-color has-white-color\">.<\/span><\/p>\n\n\n\n<p><span class=\"has-inline-color has-white-color\">.<\/span><\/p>\n\n\n\n<div class=\"wp-block-image\"><figure class=\"alignright size-medium\"><a href=\"https:\/\/www.lirapopular.cl\/lirapopularxix\/wp-content\/uploads\/2021\/09\/LO0012641.jpg\"><img loading=\"lazy\" decoding=\"async\" width=\"215\" height=\"300\" src=\"https:\/\/www.lirapopular.cl\/lirapopularxix\/wp-content\/uploads\/2021\/09\/LO0012641-215x300.jpg\" alt=\"\" class=\"wp-image-23012\" srcset=\"https:\/\/www.lirapopular.cl\/lirapopularxix\/wp-content\/uploads\/2021\/09\/LO0012641-215x300.jpg 215w, https:\/\/www.lirapopular.cl\/lirapopularxix\/wp-content\/uploads\/2021\/09\/LO0012641.jpg 718w\" sizes=\"auto, (max-width: 215px) 100vw, 215px\" \/><\/a><figcaption>Archivo de Literatura Oral<br \/>Colecci\u00f3n Alamiro de \u00c1vila<\/figcaption><\/figure><\/div>\n","protected":false},"excerpt":{"rendered":"<p>Autor: R\u00f3lak.Impresor: Sin informaci\u00f3nTama\u00f1o: 52,9 x 37,8 cmClasificaci\u00f3n: 261 R774d Caja N\u00b010, C\u00f3digos BN LO0012641 Desrielamiento e incendio del tren. Una madre y una hija quemadas vivas Contrapunto entre el reo Brice\u00f1o y el juez Carta a un tramposo El inventor del vuelo Nota: El 1er ejemplar tiene escrito a mano con l\u00e1piz rojo \u201c243\/261\u201d.El [&hellip;]<\/p>\n","protected":false},"author":1,"featured_media":0,"parent":0,"menu_order":0,"comment_status":"closed","ping_status":"closed","template":"","meta":{"footnotes":""},"class_list":["post-20617","page","type-page","status-publish","hentry"],"jetpack_sharing_enabled":true,"_links":{"self":[{"href":"https:\/\/www.lirapopular.cl\/lirapopularxix\/wp-json\/wp\/v2\/pages\/20617","targetHints":{"allow":["GET"]}}],"collection":[{"href":"https:\/\/www.lirapopular.cl\/lirapopularxix\/wp-json\/wp\/v2\/pages"}],"about":[{"href":"https:\/\/www.lirapopular.cl\/lirapopularxix\/wp-json\/wp\/v2\/types\/page"}],"author":[{"embeddable":true,"href":"https:\/\/www.lirapopular.cl\/lirapopularxix\/wp-json\/wp\/v2\/users\/1"}],"replies":[{"embeddable":true,"href":"https:\/\/www.lirapopular.cl\/lirapopularxix\/wp-json\/wp\/v2\/comments?post=20617"}],"version-history":[{"count":0,"href":"https:\/\/www.lirapopular.cl\/lirapopularxix\/wp-json\/wp\/v2\/pages\/20617\/revisions"}],"wp:attachment":[{"href":"https:\/\/www.lirapopular.cl\/lirapopularxix\/wp-json\/wp\/v2\/media?parent=20617"}],"curies":[{"name":"wp","href":"https:\/\/api.w.org\/{rel}","templated":true}]}}