{"id":20507,"date":"2021-07-28T19:42:04","date_gmt":"2021-07-28T23:42:04","guid":{"rendered":"https:\/\/www.lirapopular.cl\/lirapopularxix\/?page_id=20507"},"modified":"2021-07-28T19:42:04","modified_gmt":"2021-07-28T23:42:04","slug":"el-combate-en-angostura-de-paine","status":"publish","type":"page","link":"https:\/\/www.lirapopular.cl\/lirapopularxix\/el-combate-en-angostura-de-paine\/","title":{"rendered":"EL COMBATE <br>EN ANGOSTURA DE PAINE"},"content":{"rendered":"\n<div class=\"wp-block-image\"><figure class=\"alignright size-medium\"><a href=\"https:\/\/www.lirapopular.cl\/lirapopularxix\/wp-content\/uploads\/2021\/07\/252.jpg\"><img loading=\"lazy\" decoding=\"async\" width=\"221\" height=\"300\" src=\"https:\/\/www.lirapopular.cl\/lirapopularxix\/wp-content\/uploads\/2021\/07\/252-221x300.jpg\" alt=\"\" class=\"wp-image-20508\" srcset=\"https:\/\/www.lirapopular.cl\/lirapopularxix\/wp-content\/uploads\/2021\/07\/252-221x300.jpg 221w, https:\/\/www.lirapopular.cl\/lirapopularxix\/wp-content\/uploads\/2021\/07\/252.jpg 736w\" sizes=\"auto, (max-width: 221px) 100vw, 221px\" \/><\/a><figcaption>Colecci\u00f3n Lira Popular de la<br \/>Universidad de Chile<\/figcaption><\/figure><\/div>\n\n\n\n<p>Autor: R\u00f3lak.<br \/>Impresor: Sin informaci\u00f3n<br \/>Tama\u00f1o: 52,1 x 37,2 cm<br \/>Clasificaci\u00f3n: 252 R774c Caja N\u00b09, BN C\u00f3digo:\u00a0LO0012068<\/p>\n\n\n\n<ul class=\"wp-block-list\"><li><a href=\"https:\/\/www.lirapopular.cl\/lirapopularxix\/2021\/07\/29\/el-combateen-angostura-de-paine\/\">Muerte de Allendes y Cotapos<\/a><\/li><li><a href=\"https:\/\/www.lirapopular.cl\/lirapopularxix\/2021\/07\/29\/la-sentenciade-los-reos-dictatoriales\/\">La sentencia de los reos dictatoriales<\/a><\/li><li><a href=\"https:\/\/www.lirapopular.cl\/lirapopularxix\/2021\/07\/29\/ataque-al-cochranepor-los-dictatoriales\/\">Ataque al Cochrane por los dictatoriales<\/a><\/li><li><a href=\"https:\/\/www.lirapopular.cl\/lirapopularxix\/2021\/07\/29\/cuento\/\">Cuento<\/a><\/li><li><a href=\"https:\/\/www.lirapopular.cl\/lirapopularxix\/2021\/07\/29\/la-noche-buena-2\/\">La Nochebuena<\/a><\/li><\/ul>\n\n\n\n<p>Nota: El 1er ejemplar tiene escrito a mano con l\u00e1piz grafito \u201c234\/252\u201d y con pluma &#8220;de Salvador Rueda&#8221; .<br \/>El 2\u00ba ejemplar tiene escrito a mano con l\u00e1piz grafito \u201c-10-\u201d, con un timbre &#8220;316&#8221;. con l\u00e1piz azul &#8220;35\/5&#8221; y numerados los versos.<br \/>Documentos optimizados digitalmente.<\/p>\n\n\n\n<p><span class=\"has-inline-color has-white-color\">.<\/span><\/p>\n\n\n\n<div class=\"wp-block-image\"><figure class=\"alignright size-medium\"><a href=\"https:\/\/www.lirapopular.cl\/lirapopularxix\/wp-content\/uploads\/2021\/11\/LO0012068.jpg\"><img loading=\"lazy\" decoding=\"async\" width=\"214\" height=\"300\" src=\"https:\/\/www.lirapopular.cl\/lirapopularxix\/wp-content\/uploads\/2021\/11\/LO0012068-214x300.jpg\" alt=\"\" class=\"wp-image-25690\" srcset=\"https:\/\/www.lirapopular.cl\/lirapopularxix\/wp-content\/uploads\/2021\/11\/LO0012068-214x300.jpg 214w, https:\/\/www.lirapopular.cl\/lirapopularxix\/wp-content\/uploads\/2021\/11\/LO0012068.jpg 712w\" sizes=\"auto, (max-width: 214px) 100vw, 214px\" \/><\/a><figcaption>Archivo de Literatura Oral<br \/>Fondo Rodolfo Lenz<\/figcaption><\/figure><\/div>\n","protected":false},"excerpt":{"rendered":"<p>Autor: R\u00f3lak.Impresor: Sin informaci\u00f3nTama\u00f1o: 52,1 x 37,2 cmClasificaci\u00f3n: 252 R774c Caja N\u00b09, BN C\u00f3digo:\u00a0LO0012068 Muerte de Allendes y Cotapos La sentencia de los reos dictatoriales Ataque al Cochrane por los dictatoriales Cuento La Nochebuena Nota: El 1er ejemplar tiene escrito a mano con l\u00e1piz grafito \u201c234\/252\u201d y con pluma &#8220;de Salvador Rueda&#8221; .El 2\u00ba ejemplar [&hellip;]<\/p>\n","protected":false},"author":1,"featured_media":0,"parent":0,"menu_order":0,"comment_status":"closed","ping_status":"closed","template":"","meta":{"footnotes":""},"class_list":["post-20507","page","type-page","status-publish","hentry"],"jetpack_sharing_enabled":true,"_links":{"self":[{"href":"https:\/\/www.lirapopular.cl\/lirapopularxix\/wp-json\/wp\/v2\/pages\/20507","targetHints":{"allow":["GET"]}}],"collection":[{"href":"https:\/\/www.lirapopular.cl\/lirapopularxix\/wp-json\/wp\/v2\/pages"}],"about":[{"href":"https:\/\/www.lirapopular.cl\/lirapopularxix\/wp-json\/wp\/v2\/types\/page"}],"author":[{"embeddable":true,"href":"https:\/\/www.lirapopular.cl\/lirapopularxix\/wp-json\/wp\/v2\/users\/1"}],"replies":[{"embeddable":true,"href":"https:\/\/www.lirapopular.cl\/lirapopularxix\/wp-json\/wp\/v2\/comments?post=20507"}],"version-history":[{"count":0,"href":"https:\/\/www.lirapopular.cl\/lirapopularxix\/wp-json\/wp\/v2\/pages\/20507\/revisions"}],"wp:attachment":[{"href":"https:\/\/www.lirapopular.cl\/lirapopularxix\/wp-json\/wp\/v2\/media?parent=20507"}],"curies":[{"name":"wp","href":"https:\/\/api.w.org\/{rel}","templated":true}]}}