{"id":20491,"date":"2021-07-27T15:57:17","date_gmt":"2021-07-27T19:57:17","guid":{"rendered":"https:\/\/www.lirapopular.cl\/lirapopularxix\/?page_id=20491"},"modified":"2021-07-27T15:57:17","modified_gmt":"2021-07-27T19:57:17","slug":"apelacion-del-reo-briceno-a-la-corte","status":"publish","type":"page","link":"https:\/\/www.lirapopular.cl\/lirapopularxix\/apelacion-del-reo-briceno-a-la-corte\/","title":{"rendered":"APELACION DEL REO BRICE\u00d1O A LA CORTE"},"content":{"rendered":"\n<div class=\"wp-block-image\"><figure class=\"alignright size-medium\"><a href=\"https:\/\/www.lirapopular.cl\/lirapopularxix\/wp-content\/uploads\/2021\/07\/251.jpg\"><img loading=\"lazy\" decoding=\"async\" width=\"221\" height=\"300\" src=\"https:\/\/www.lirapopular.cl\/lirapopularxix\/wp-content\/uploads\/2021\/07\/251-221x300.jpg\" alt=\"\" class=\"wp-image-20495\" srcset=\"https:\/\/www.lirapopular.cl\/lirapopularxix\/wp-content\/uploads\/2021\/07\/251-221x300.jpg 221w, https:\/\/www.lirapopular.cl\/lirapopularxix\/wp-content\/uploads\/2021\/07\/251.jpg 736w\" sizes=\"auto, (max-width: 221px) 100vw, 221px\" \/><\/a><figcaption>Colecci\u00f3n Lira Popular de la<br \/>Universidad de Chile<\/figcaption><\/figure><\/div>\n\n\n\n<p>Autor: R\u00f3lak.<br \/>Impresor: Sin informaci\u00f3n<br \/>Tama\u00f1o: 53,2 x 37,9 cm<br \/>Clasificaci\u00f3n: 251 R774a Caja N\u00b09<\/p>\n\n\n\n<ul class=\"wp-block-list\"><li><a href=\"https:\/\/www.lirapopular.cl\/lirapopularxix\/2021\/07\/28\/apelacion-del-reo-briseno\/\">Apelaci\u00f3n del reo Brice\u00f1o para probar su inocencia<\/a><\/li><li><a href=\"https:\/\/www.lirapopular.cl\/lirapopularxix\/2021\/07\/28\/el-asesinato-de-lacalle-de-padura\/\">El asesinato de la calle de Padura<\/a><\/li><li><a href=\"https:\/\/www.lirapopular.cl\/lirapopularxix\/2021\/07\/28\/lamentacionesde-un-presidario\/\">Lamentaciones de un presidario<\/a><\/li><li><a href=\"https:\/\/www.lirapopular.cl\/lirapopularxix\/2021\/07\/28\/cantares-21\/\">Cantares<\/a><\/li><\/ul>\n\n\n\n<p>Nota: Este ejemplar tiene escrito a mano con l\u00e1piz grafito \u201c233\/251\u201d, &#8220;del Arjentino Hernandez&#8221; y &#8220;Rolak&#8221;.<br \/>Documento optimizado digitalmente.<\/p>\n","protected":false},"excerpt":{"rendered":"<p>Autor: R\u00f3lak.Impresor: Sin informaci\u00f3nTama\u00f1o: 53,2 x 37,9 cmClasificaci\u00f3n: 251 R774a Caja N\u00b09 Apelaci\u00f3n del reo Brice\u00f1o para probar su inocencia El asesinato de la calle de Padura Lamentaciones de un presidario Cantares Nota: Este ejemplar tiene escrito a mano con l\u00e1piz grafito \u201c233\/251\u201d, &#8220;del Arjentino Hernandez&#8221; y &#8220;Rolak&#8221;.Documento optimizado digitalmente.<\/p>\n","protected":false},"author":1,"featured_media":0,"parent":0,"menu_order":0,"comment_status":"closed","ping_status":"closed","template":"","meta":{"footnotes":""},"class_list":["post-20491","page","type-page","status-publish","hentry"],"jetpack_sharing_enabled":true,"_links":{"self":[{"href":"https:\/\/www.lirapopular.cl\/lirapopularxix\/wp-json\/wp\/v2\/pages\/20491","targetHints":{"allow":["GET"]}}],"collection":[{"href":"https:\/\/www.lirapopular.cl\/lirapopularxix\/wp-json\/wp\/v2\/pages"}],"about":[{"href":"https:\/\/www.lirapopular.cl\/lirapopularxix\/wp-json\/wp\/v2\/types\/page"}],"author":[{"embeddable":true,"href":"https:\/\/www.lirapopular.cl\/lirapopularxix\/wp-json\/wp\/v2\/users\/1"}],"replies":[{"embeddable":true,"href":"https:\/\/www.lirapopular.cl\/lirapopularxix\/wp-json\/wp\/v2\/comments?post=20491"}],"version-history":[{"count":0,"href":"https:\/\/www.lirapopular.cl\/lirapopularxix\/wp-json\/wp\/v2\/pages\/20491\/revisions"}],"wp:attachment":[{"href":"https:\/\/www.lirapopular.cl\/lirapopularxix\/wp-json\/wp\/v2\/media?parent=20491"}],"curies":[{"name":"wp","href":"https:\/\/api.w.org\/{rel}","templated":true}]}}