{"id":20300,"date":"2021-07-17T13:10:42","date_gmt":"2021-07-17T17:10:42","guid":{"rendered":"https:\/\/www.lirapopular.cl\/lirapopularxix\/?page_id=20300"},"modified":"2021-07-17T13:10:42","modified_gmt":"2021-07-17T17:10:42","slug":"contra-punto-entre-san-miguel-y-el-diablo","status":"publish","type":"page","link":"https:\/\/www.lirapopular.cl\/lirapopularxix\/contra-punto-entre-san-miguel-y-el-diablo\/","title":{"rendered":"CONTRA-PUNTO <br>ENTRE <br>San Miguel y el Diablo"},"content":{"rendered":"\n<div class=\"wp-block-image\"><figure class=\"alignright size-medium\"><a href=\"https:\/\/www.lirapopular.cl\/lirapopularxix\/wp-content\/uploads\/2021\/07\/230.jpg\"><img loading=\"lazy\" decoding=\"async\" width=\"220\" height=\"300\" src=\"https:\/\/www.lirapopular.cl\/lirapopularxix\/wp-content\/uploads\/2021\/07\/230-220x300.jpg\" alt=\"\" class=\"wp-image-20303\" srcset=\"https:\/\/www.lirapopular.cl\/lirapopularxix\/wp-content\/uploads\/2021\/07\/230-220x300.jpg 220w, https:\/\/www.lirapopular.cl\/lirapopularxix\/wp-content\/uploads\/2021\/07\/230.jpg 733w\" sizes=\"auto, (max-width: 220px) 100vw, 220px\" \/><\/a><figcaption>Colecci\u00f3n Lira Popular de la<br \/>Universidad de Chile<\/figcaption><\/figure><\/div>\n\n\n\n<p>Autor: R\u00f3lak.<br \/>Impresor: Sin informaci\u00f3n<br \/>Tama\u00f1o: 53,2 x 37,5 cm<br \/>Clasificaci\u00f3n: 230 R774c Caja N\u00b09<\/p>\n\n\n\n<ul class=\"wp-block-list\"><li><a href=\"https:\/\/www.lirapopular.cl\/lirapopularxix\/2021\/07\/18\/contra-puntoentresan-miguel-y-el-diablo\/\">Contra-punto entre San Miguel y el Diablo<\/a><\/li><li><a href=\"https:\/\/www.lirapopular.cl\/lirapopularxix\/2021\/07\/18\/el-salteode-colmo\/\">El salteo de Colmo<\/a><\/li><li><a href=\"https:\/\/www.lirapopular.cl\/lirapopularxix\/2021\/07\/18\/asaltoalconvento-de-la-merced\/\">Asalto al convento de La Merced<\/a><\/li><li><a href=\"https:\/\/www.lirapopular.cl\/lirapopularxix\/2021\/07\/18\/las-sietemaravillas-del-mundo\/\">Las siete maravillas del mundo<\/a><\/li><li><a href=\"https:\/\/www.lirapopular.cl\/lirapopularxix\/2021\/07\/18\/el-publicoi-los-poetas-del-dia\/\">El p\u00fablico y los poetas del d\u00eda<\/a><\/li><li><a href=\"https:\/\/www.lirapopular.cl\/lirapopularxix\/2021\/07\/18\/las-bolaspublicado-en-tiempo-de-la-dictadura\/\">Las bolas<\/a><\/li><\/ul>\n\n\n\n<p>Nota: Este ejemplar tiene escrito a mano con l\u00e1piz grafito \u201c221\/230\u201d.<br \/>Documento optimizado digitalmente.<\/p>\n","protected":false},"excerpt":{"rendered":"<p>Autor: R\u00f3lak.Impresor: Sin informaci\u00f3nTama\u00f1o: 53,2 x 37,5 cmClasificaci\u00f3n: 230 R774c Caja N\u00b09 Contra-punto entre San Miguel y el Diablo El salteo de Colmo Asalto al convento de La Merced Las siete maravillas del mundo El p\u00fablico y los poetas del d\u00eda Las bolas Nota: Este ejemplar tiene escrito a mano con l\u00e1piz grafito \u201c221\/230\u201d.Documento optimizado [&hellip;]<\/p>\n","protected":false},"author":1,"featured_media":0,"parent":0,"menu_order":0,"comment_status":"closed","ping_status":"closed","template":"","meta":{"footnotes":""},"class_list":["post-20300","page","type-page","status-publish","hentry"],"jetpack_sharing_enabled":true,"_links":{"self":[{"href":"https:\/\/www.lirapopular.cl\/lirapopularxix\/wp-json\/wp\/v2\/pages\/20300","targetHints":{"allow":["GET"]}}],"collection":[{"href":"https:\/\/www.lirapopular.cl\/lirapopularxix\/wp-json\/wp\/v2\/pages"}],"about":[{"href":"https:\/\/www.lirapopular.cl\/lirapopularxix\/wp-json\/wp\/v2\/types\/page"}],"author":[{"embeddable":true,"href":"https:\/\/www.lirapopular.cl\/lirapopularxix\/wp-json\/wp\/v2\/users\/1"}],"replies":[{"embeddable":true,"href":"https:\/\/www.lirapopular.cl\/lirapopularxix\/wp-json\/wp\/v2\/comments?post=20300"}],"version-history":[{"count":0,"href":"https:\/\/www.lirapopular.cl\/lirapopularxix\/wp-json\/wp\/v2\/pages\/20300\/revisions"}],"wp:attachment":[{"href":"https:\/\/www.lirapopular.cl\/lirapopularxix\/wp-json\/wp\/v2\/media?parent=20300"}],"curies":[{"name":"wp","href":"https:\/\/api.w.org\/{rel}","templated":true}]}}