{"id":20275,"date":"2021-07-14T20:09:38","date_gmt":"2021-07-15T00:09:38","guid":{"rendered":"https:\/\/www.lirapopular.cl\/lirapopularxix\/?page_id=20275"},"modified":"2021-07-14T20:09:38","modified_gmt":"2021-07-15T00:09:38","slug":"una-mujer-degollada-por-venganza","status":"publish","type":"page","link":"https:\/\/www.lirapopular.cl\/lirapopularxix\/una-mujer-degollada-por-venganza\/","title":{"rendered":"UNA MUJER DEGOLLADA <BR>POR VENGANZA"},"content":{"rendered":"\n<div class=\"wp-block-image\"><figure class=\"alignright size-medium\"><a href=\"https:\/\/www.lirapopular.cl\/lirapopularxix\/wp-content\/uploads\/2021\/07\/229.jpg\"><img loading=\"lazy\" decoding=\"async\" width=\"219\" height=\"300\" src=\"https:\/\/www.lirapopular.cl\/lirapopularxix\/wp-content\/uploads\/2021\/07\/229-219x300.jpg\" alt=\"\" class=\"wp-image-20276\" srcset=\"https:\/\/www.lirapopular.cl\/lirapopularxix\/wp-content\/uploads\/2021\/07\/229-219x300.jpg 219w, https:\/\/www.lirapopular.cl\/lirapopularxix\/wp-content\/uploads\/2021\/07\/229.jpg 730w\" sizes=\"auto, (max-width: 219px) 100vw, 219px\" \/><\/a><figcaption>Colecci\u00f3n Lira Popular de la<br \/>Universidad de Chile<\/figcaption><\/figure><\/div>\n\n\n\n<p>Autor: R\u00f3lak.<br \/>Impresor: Sin informaci\u00f3n<br \/>Tama\u00f1o: 53,2 x 37,5 cm<br \/>Clasificaci\u00f3n: 229 R774u Caja N\u00b09<\/p>\n\n\n\n<ul class=\"wp-block-list\"><li><a href=\"https:\/\/www.lirapopular.cl\/lirapopularxix\/2021\/07\/17\/una-mujer-degolladapor-venganza\/\">Una mujer degollada por venganza<\/a><\/li><li><a href=\"https:\/\/www.lirapopular.cl\/lirapopularxix\/2021\/07\/17\/el-curita-enamorado\/\">El curita enamorado<\/a><\/li><li><a href=\"https:\/\/www.lirapopular.cl\/lirapopularxix\/2021\/07\/17\/canciondel-borracho-2\/\">Canci\u00f3n del borracho<\/a><\/li><li><a href=\"https:\/\/www.lirapopular.cl\/lirapopularxix\/2021\/07\/17\/chinchorrazoal-pueta-peralta\/\">Chinchorrazo al pueta Peralta<\/a><\/li><li><a href=\"https:\/\/www.lirapopular.cl\/lirapopularxix\/2021\/07\/17\/brindis-10\/\">Brindis<\/a><\/li><li><a href=\"https:\/\/www.lirapopular.cl\/lirapopularxix\/2021\/07\/17\/el-asesinato-2\/\">El asesinato<\/a><\/li><\/ul>\n\n\n\n<p>Nota: Este ejemplar tiene escrito a mano con l\u00e1piz grafito \u201c220\/229\u201d.<br \/>Mismo grabado utilizado en versos de R\u00f3lak y Adolfo Reyes, <a href=\"https:\/\/www.lirapopular.cl\/lirapopularxix\/una-nina-degollada\/\">ver<\/a>.<br \/>Documento optimizado digitalmente.<\/p>\n","protected":false},"excerpt":{"rendered":"<p>Autor: R\u00f3lak.Impresor: Sin informaci\u00f3nTama\u00f1o: 53,2 x 37,5 cmClasificaci\u00f3n: 229 R774u Caja N\u00b09 Una mujer degollada por venganza El curita enamorado Canci\u00f3n del borracho Chinchorrazo al pueta Peralta Brindis El asesinato Nota: Este ejemplar tiene escrito a mano con l\u00e1piz grafito \u201c220\/229\u201d.Mismo grabado utilizado en versos de R\u00f3lak y Adolfo Reyes, ver.Documento optimizado digitalmente.<\/p>\n","protected":false},"author":1,"featured_media":0,"parent":0,"menu_order":0,"comment_status":"closed","ping_status":"closed","template":"","meta":{"footnotes":""},"class_list":["post-20275","page","type-page","status-publish","hentry"],"jetpack_sharing_enabled":true,"_links":{"self":[{"href":"https:\/\/www.lirapopular.cl\/lirapopularxix\/wp-json\/wp\/v2\/pages\/20275","targetHints":{"allow":["GET"]}}],"collection":[{"href":"https:\/\/www.lirapopular.cl\/lirapopularxix\/wp-json\/wp\/v2\/pages"}],"about":[{"href":"https:\/\/www.lirapopular.cl\/lirapopularxix\/wp-json\/wp\/v2\/types\/page"}],"author":[{"embeddable":true,"href":"https:\/\/www.lirapopular.cl\/lirapopularxix\/wp-json\/wp\/v2\/users\/1"}],"replies":[{"embeddable":true,"href":"https:\/\/www.lirapopular.cl\/lirapopularxix\/wp-json\/wp\/v2\/comments?post=20275"}],"version-history":[{"count":0,"href":"https:\/\/www.lirapopular.cl\/lirapopularxix\/wp-json\/wp\/v2\/pages\/20275\/revisions"}],"wp:attachment":[{"href":"https:\/\/www.lirapopular.cl\/lirapopularxix\/wp-json\/wp\/v2\/media?parent=20275"}],"curies":[{"name":"wp","href":"https:\/\/api.w.org\/{rel}","templated":true}]}}