{"id":20224,"date":"2021-07-12T21:07:17","date_gmt":"2021-07-13T01:07:17","guid":{"rendered":"https:\/\/www.lirapopular.cl\/lirapopularxix\/?page_id=20224"},"modified":"2021-07-12T21:07:17","modified_gmt":"2021-07-13T01:07:17","slug":"los-tres-asesinados-en-el-camino-de-cintura","status":"publish","type":"page","link":"https:\/\/www.lirapopular.cl\/lirapopularxix\/los-tres-asesinados-en-el-camino-de-cintura\/","title":{"rendered":"LOS TRES ASESINADOS <br>EN EL CAMINO DE CINTURA"},"content":{"rendered":"\n<div class=\"wp-block-image\"><figure class=\"alignright size-medium\"><a href=\"https:\/\/www.lirapopular.cl\/lirapopularxix\/wp-content\/uploads\/2021\/07\/227.jpg\"><img loading=\"lazy\" decoding=\"async\" width=\"219\" height=\"300\" src=\"https:\/\/www.lirapopular.cl\/lirapopularxix\/wp-content\/uploads\/2021\/07\/227-219x300.jpg\" alt=\"\" class=\"wp-image-20225\" srcset=\"https:\/\/www.lirapopular.cl\/lirapopularxix\/wp-content\/uploads\/2021\/07\/227-219x300.jpg 219w, https:\/\/www.lirapopular.cl\/lirapopularxix\/wp-content\/uploads\/2021\/07\/227.jpg 731w\" sizes=\"auto, (max-width: 219px) 100vw, 219px\" \/><\/a><figcaption>Colecci\u00f3n Lira Popular de la<br \/>Universidad de Chile<\/figcaption><\/figure><\/div>\n\n\n\n<p>Autor: R\u00f3lak.<br \/>Impresor: Sin informaci\u00f3n<br \/>Tama\u00f1o: 53 x 37 cm<br \/>Clasificaci\u00f3n: 227 R774t Caja N\u00b09, BN C\u00f3digo:\u00a0LO0012071<\/p>\n\n\n\n<ul class=\"wp-block-list\"><li><a href=\"https:\/\/www.lirapopular.cl\/lirapopularxix\/2021\/07\/13\/los-tres-asesinadosen-el-camino-de-cintura\/\">Los tres asesinados en el camino de Cintura<\/a><\/li><li><a href=\"https:\/\/www.lirapopular.cl\/lirapopularxix\/2021\/07\/13\/quejas-de-un-soldado\/\">Quejas de un soldado<\/a><\/li><li><a href=\"https:\/\/www.lirapopular.cl\/lirapopularxix\/2021\/07\/13\/anor-convenido\/\">Amor convenido<\/a><\/li><li><a href=\"https:\/\/www.lirapopular.cl\/lirapopularxix\/2021\/07\/13\/suspiros-de-un-huaso\/\">Suspiros de un huaso<\/a><\/li><li><a href=\"https:\/\/www.lirapopular.cl\/lirapopularxix\/2021\/07\/13\/tonadade-un-enamorado\/\">Tonada de un enamorado<\/a><\/li><li><a href=\"https:\/\/www.lirapopular.cl\/lirapopularxix\/2021\/07\/13\/los-dos-vesos\/\">Los dos besos<\/a><\/li><li><a href=\"https:\/\/www.lirapopular.cl\/lirapopularxix\/2021\/07\/13\/el-jeneral-pililo-2\/\">El general Pililo<\/a><\/li><\/ul>\n\n\n\n<p>Nota: El 1er ejemplar tiene escrito a mano con l\u00e1piz grafito \u201c218\/227\u201d. Dos textos manuscritos: &#8220;Este verso es ajeno&#8221; y &#8220;Del poeta arjentino Hernandez&#8221;.<br \/>El 2\u00ba ejemplar tiene escrito a mano con l\u00e1piz rojo \u201c-13-\u201d y con grafito &#8220;del arjentino Hernandez&#8221;<br \/>Documentos optimizados digitalmente.<\/p>\n\n\n\n<div class=\"wp-block-image is-style-default\"><figure class=\"alignright size-medium\"><a href=\"https:\/\/www.lirapopular.cl\/lirapopularxix\/wp-content\/uploads\/2021\/11\/LO0012071.jpg\"><img loading=\"lazy\" decoding=\"async\" width=\"209\" height=\"300\" src=\"https:\/\/www.lirapopular.cl\/lirapopularxix\/wp-content\/uploads\/2021\/11\/LO0012071-209x300.jpg\" alt=\"\" class=\"wp-image-26737\" srcset=\"https:\/\/www.lirapopular.cl\/lirapopularxix\/wp-content\/uploads\/2021\/11\/LO0012071-209x300.jpg 209w, https:\/\/www.lirapopular.cl\/lirapopularxix\/wp-content\/uploads\/2021\/11\/LO0012071.jpg 698w\" sizes=\"auto, (max-width: 209px) 100vw, 209px\" \/><\/a><figcaption>Archivo de Literatura Oral<br \/>Fondo Rodolfo Lenz<\/figcaption><\/figure><\/div>\n","protected":false},"excerpt":{"rendered":"<p>Autor: R\u00f3lak.Impresor: Sin informaci\u00f3nTama\u00f1o: 53 x 37 cmClasificaci\u00f3n: 227 R774t Caja N\u00b09, BN C\u00f3digo:\u00a0LO0012071 Los tres asesinados en el camino de Cintura Quejas de un soldado Amor convenido Suspiros de un huaso Tonada de un enamorado Los dos besos El general Pililo Nota: El 1er ejemplar tiene escrito a mano con l\u00e1piz grafito \u201c218\/227\u201d. Dos [&hellip;]<\/p>\n","protected":false},"author":1,"featured_media":0,"parent":0,"menu_order":0,"comment_status":"closed","ping_status":"closed","template":"","meta":{"footnotes":""},"class_list":["post-20224","page","type-page","status-publish","hentry"],"jetpack_sharing_enabled":true,"_links":{"self":[{"href":"https:\/\/www.lirapopular.cl\/lirapopularxix\/wp-json\/wp\/v2\/pages\/20224","targetHints":{"allow":["GET"]}}],"collection":[{"href":"https:\/\/www.lirapopular.cl\/lirapopularxix\/wp-json\/wp\/v2\/pages"}],"about":[{"href":"https:\/\/www.lirapopular.cl\/lirapopularxix\/wp-json\/wp\/v2\/types\/page"}],"author":[{"embeddable":true,"href":"https:\/\/www.lirapopular.cl\/lirapopularxix\/wp-json\/wp\/v2\/users\/1"}],"replies":[{"embeddable":true,"href":"https:\/\/www.lirapopular.cl\/lirapopularxix\/wp-json\/wp\/v2\/comments?post=20224"}],"version-history":[{"count":0,"href":"https:\/\/www.lirapopular.cl\/lirapopularxix\/wp-json\/wp\/v2\/pages\/20224\/revisions"}],"wp:attachment":[{"href":"https:\/\/www.lirapopular.cl\/lirapopularxix\/wp-json\/wp\/v2\/media?parent=20224"}],"curies":[{"name":"wp","href":"https:\/\/api.w.org\/{rel}","templated":true}]}}