{"id":20101,"date":"2021-07-08T21:27:29","date_gmt":"2021-07-09T01:27:29","guid":{"rendered":"https:\/\/www.lirapopular.cl\/lirapopularxix\/?page_id=20101"},"modified":"2021-07-08T21:27:29","modified_gmt":"2021-07-09T01:27:29","slug":"el-calvario","status":"publish","type":"page","link":"https:\/\/www.lirapopular.cl\/lirapopularxix\/el-calvario\/","title":{"rendered":"EL CALVARIO"},"content":{"rendered":"\n<div class=\"wp-block-image\"><figure class=\"alignright size-medium\"><a href=\"https:\/\/www.lirapopular.cl\/lirapopularxix\/wp-content\/uploads\/2021\/07\/221.jpg\"><img loading=\"lazy\" decoding=\"async\" width=\"211\" height=\"300\" src=\"https:\/\/www.lirapopular.cl\/lirapopularxix\/wp-content\/uploads\/2021\/07\/221-211x300.jpg\" alt=\"\" class=\"wp-image-20104\" srcset=\"https:\/\/www.lirapopular.cl\/lirapopularxix\/wp-content\/uploads\/2021\/07\/221-211x300.jpg 211w, https:\/\/www.lirapopular.cl\/lirapopularxix\/wp-content\/uploads\/2021\/07\/221.jpg 703w\" sizes=\"auto, (max-width: 211px) 100vw, 211px\" \/><\/a><figcaption>Colecci\u00f3n Lira Popular de la<br \/>Universidad de Chile<\/figcaption><\/figure><\/div>\n\n\n\n<p>Autor: R\u00f3lak.<br \/>Impresor: Sin informaci\u00f3n<br \/>Tama\u00f1o: 51,5 x 34,2 cm<br \/>Clasificaci\u00f3n: 221 R774c Caja N\u00b09<\/p>\n\n\n\n<ul class=\"wp-block-list\"><li><a href=\"https:\/\/www.lirapopular.cl\/lirapopularxix\/2021\/07\/09\/el-calvario-2\/\">El Calvario<\/a><\/li><li><a href=\"https:\/\/www.lirapopular.cl\/lirapopularxix\/2021\/07\/09\/la-pasion-3\/\">La Pasi\u00f3n<\/a><\/li><li><a href=\"https:\/\/www.lirapopular.cl\/lirapopularxix\/2021\/07\/09\/la-semana-santa-3\/\">\u00a1La Semana Santa!<\/a><\/li><li><a href=\"https:\/\/www.lirapopular.cl\/lirapopularxix\/2021\/07\/09\/el-constitucionalque-mato-a-un-dictatorial\/\">El constitucional que mat\u00f3 a un dictatorial<\/a><\/li><li><a href=\"https:\/\/www.lirapopular.cl\/lirapopularxix\/2021\/07\/09\/el-hombre-canonmutilado-en-el-circo\/\">El hombre-ca\u00f1\u00f3n mutilado en el circo<\/a><\/li><li><a href=\"https:\/\/www.lirapopular.cl\/lirapopularxix\/2021\/07\/09\/al-poeta-japones-2\/\">Al poeta japon\u00e9s<\/a><\/li><\/ul>\n\n\n\n<p>Nota: Este ejemplar tiene escrito a mano con l\u00e1piz grafito \u201c207\/221\u201d.<br \/>Documento optimizado digitalmente.<\/p>\n","protected":false},"excerpt":{"rendered":"<p>Autor: R\u00f3lak.Impresor: Sin informaci\u00f3nTama\u00f1o: 51,5 x 34,2 cmClasificaci\u00f3n: 221 R774c Caja N\u00b09 El Calvario La Pasi\u00f3n \u00a1La Semana Santa! El constitucional que mat\u00f3 a un dictatorial El hombre-ca\u00f1\u00f3n mutilado en el circo Al poeta japon\u00e9s Nota: Este ejemplar tiene escrito a mano con l\u00e1piz grafito \u201c207\/221\u201d.Documento optimizado digitalmente.<\/p>\n","protected":false},"author":1,"featured_media":0,"parent":0,"menu_order":0,"comment_status":"closed","ping_status":"closed","template":"","meta":{"footnotes":""},"class_list":["post-20101","page","type-page","status-publish","hentry"],"jetpack_sharing_enabled":true,"_links":{"self":[{"href":"https:\/\/www.lirapopular.cl\/lirapopularxix\/wp-json\/wp\/v2\/pages\/20101","targetHints":{"allow":["GET"]}}],"collection":[{"href":"https:\/\/www.lirapopular.cl\/lirapopularxix\/wp-json\/wp\/v2\/pages"}],"about":[{"href":"https:\/\/www.lirapopular.cl\/lirapopularxix\/wp-json\/wp\/v2\/types\/page"}],"author":[{"embeddable":true,"href":"https:\/\/www.lirapopular.cl\/lirapopularxix\/wp-json\/wp\/v2\/users\/1"}],"replies":[{"embeddable":true,"href":"https:\/\/www.lirapopular.cl\/lirapopularxix\/wp-json\/wp\/v2\/comments?post=20101"}],"version-history":[{"count":0,"href":"https:\/\/www.lirapopular.cl\/lirapopularxix\/wp-json\/wp\/v2\/pages\/20101\/revisions"}],"wp:attachment":[{"href":"https:\/\/www.lirapopular.cl\/lirapopularxix\/wp-json\/wp\/v2\/media?parent=20101"}],"curies":[{"name":"wp","href":"https:\/\/api.w.org\/{rel}","templated":true}]}}