{"id":19859,"date":"2021-07-01T21:16:21","date_gmt":"2021-07-02T01:16:21","guid":{"rendered":"https:\/\/www.lirapopular.cl\/lirapopularxix\/?page_id=19859"},"modified":"2021-07-01T21:16:21","modified_gmt":"2021-07-02T01:16:21","slug":"los-dos-inmigrante","status":"publish","type":"page","link":"https:\/\/www.lirapopular.cl\/lirapopularxix\/los-dos-inmigrante\/","title":{"rendered":"LOS DOS INMIGRANTE<br>ORSIBLE ASESINATO"},"content":{"rendered":"\n<div class=\"wp-block-image\"><figure class=\"alignright size-medium\"><a href=\"https:\/\/www.lirapopular.cl\/lirapopularxix\/wp-content\/uploads\/2021\/07\/187.jpg\"><img loading=\"lazy\" decoding=\"async\" width=\"300\" height=\"216\" src=\"https:\/\/www.lirapopular.cl\/lirapopularxix\/wp-content\/uploads\/2021\/07\/187-300x216.jpg\" alt=\"\" class=\"wp-image-19860\" srcset=\"https:\/\/www.lirapopular.cl\/lirapopularxix\/wp-content\/uploads\/2021\/07\/187-300x216.jpg 300w, https:\/\/www.lirapopular.cl\/lirapopularxix\/wp-content\/uploads\/2021\/07\/187-768x554.jpg 768w, https:\/\/www.lirapopular.cl\/lirapopularxix\/wp-content\/uploads\/2021\/07\/187.jpg 1000w\" sizes=\"auto, (max-width: 300px) 100vw, 300px\" \/><\/a><figcaption>Colecci\u00f3n Lira Popular de la<br \/>Universidad de Chile<\/figcaption><\/figure><\/div>\n\n\n\n<p>Autor: R\u00f3lak.<br \/>Impresor: Sin informaci\u00f3n<br \/>Tama\u00f1o: 37,2 x 27,2 cm<br \/>Clasificaci\u00f3n: 187 R774d Caja N\u00b02<\/p>\n\n\n\n<ul class=\"wp-block-list\"><li><a href=\"https:\/\/www.lirapopular.cl\/lirapopularxix\/2021\/07\/02\/los-dos-inmigranteorsible-asesinato\/\">Los dos inmigrantes. Orsible asesinato<\/a><\/li><li><a href=\"https:\/\/www.lirapopular.cl\/lirapopularxix\/2021\/07\/02\/desesperasionde-un-amante-3\/\">Desesperaci\u00f3n de un amante<\/a><\/li><li><a href=\"https:\/\/www.lirapopular.cl\/lirapopularxix\/2021\/07\/02\/repiqueteo-de-amor-3\/\">Repiqueteo de amor<\/a><\/li><li><a href=\"https:\/\/www.lirapopular.cl\/lirapopularxix\/2021\/07\/02\/las-tres-pasiones-2\/\">Las tres pasiones<\/a><\/li><\/ul>\n\n\n\n<p>Nota: publicada por R\u00f3lak con peque\u00f1as diferencias, <a href=\"https:\/\/www.lirapopular.cl\/lirapopularxix\/los-dos-inmigrante-horrible-asesinato\/\">ver<\/a>.<br \/>Esta lira fue publicada en parte por Adolfo Reyes,\u00a0<a href=\"https:\/\/www.lirapopular.cl\/lirapopularxix\/los-dos-inmigrantehorrible-asesinato\/\">ver<\/a>.<br \/>Documento optimizado digitalmente.<\/p>\n","protected":false},"excerpt":{"rendered":"<p>Autor: R\u00f3lak.Impresor: Sin informaci\u00f3nTama\u00f1o: 37,2 x 27,2 cmClasificaci\u00f3n: 187 R774d Caja N\u00b02 Los dos inmigrantes. Orsible asesinato Desesperaci\u00f3n de un amante Repiqueteo de amor Las tres pasiones Nota: publicada por R\u00f3lak con peque\u00f1as diferencias, ver.Esta lira fue publicada en parte por Adolfo Reyes,\u00a0ver.Documento optimizado digitalmente.<\/p>\n","protected":false},"author":1,"featured_media":0,"parent":0,"menu_order":0,"comment_status":"closed","ping_status":"closed","template":"","meta":{"footnotes":""},"class_list":["post-19859","page","type-page","status-publish","hentry"],"jetpack_sharing_enabled":true,"_links":{"self":[{"href":"https:\/\/www.lirapopular.cl\/lirapopularxix\/wp-json\/wp\/v2\/pages\/19859","targetHints":{"allow":["GET"]}}],"collection":[{"href":"https:\/\/www.lirapopular.cl\/lirapopularxix\/wp-json\/wp\/v2\/pages"}],"about":[{"href":"https:\/\/www.lirapopular.cl\/lirapopularxix\/wp-json\/wp\/v2\/types\/page"}],"author":[{"embeddable":true,"href":"https:\/\/www.lirapopular.cl\/lirapopularxix\/wp-json\/wp\/v2\/users\/1"}],"replies":[{"embeddable":true,"href":"https:\/\/www.lirapopular.cl\/lirapopularxix\/wp-json\/wp\/v2\/comments?post=19859"}],"version-history":[{"count":0,"href":"https:\/\/www.lirapopular.cl\/lirapopularxix\/wp-json\/wp\/v2\/pages\/19859\/revisions"}],"wp:attachment":[{"href":"https:\/\/www.lirapopular.cl\/lirapopularxix\/wp-json\/wp\/v2\/media?parent=19859"}],"curies":[{"name":"wp","href":"https:\/\/api.w.org\/{rel}","templated":true}]}}