{"id":19846,"date":"2021-07-01T19:34:33","date_gmt":"2021-07-01T23:34:33","guid":{"rendered":"https:\/\/www.lirapopular.cl\/lirapopularxix\/?page_id=19846"},"modified":"2021-07-01T19:34:33","modified_gmt":"2021-07-01T23:34:33","slug":"de-pio-del-fierro","status":"publish","type":"page","link":"https:\/\/www.lirapopular.cl\/lirapopularxix\/de-pio-del-fierro\/","title":{"rendered":"DE PIO DEL FIERRO"},"content":{"rendered":"\n<div class=\"wp-block-image\"><figure class=\"alignright size-medium\"><a href=\"http:\/\/https:\/\/www.lirapopular.cl\/lirapopularxix\/wp-content\/uploads\/2021\/07\/873-1.jpg\"><img decoding=\"async\" src=\"http:\/\/https:\/\/www.lirapopular.cl\/lirapopularxix\/wp-content\/uploads\/2021\/07\/873-1-300x204.jpg\" alt=\"\" class=\"wp-image-19847\"\/><\/a><figcaption>Colecci\u00f3n Lira Popular de la<br \/>Universidad de Chile<\/figcaption><\/figure><\/div>\n\n\n\n<p>Autor: R\u00f3lak.<br \/>Impresor: Sin informaci\u00f3n<br \/>Tama\u00f1o: 25,5 x 37 cm<br \/>Clasificaci\u00f3n: 873 R774d Caja N\u00b09a<\/p>\n\n\n\n<ul class=\"wp-block-list\"><li><a href=\"https:\/\/www.lirapopular.cl\/lirapopularxix\/2021\/07\/01\/de-pio-del-fierro\/\">De P\u00edo del Fierro<\/a><\/li><li><a href=\"https:\/\/www.lirapopular.cl\/lirapopularxix\/2021\/07\/01\/el-saqueo-de-talagante\/\">El saqueo de Talagante<\/a><\/li><li><a href=\"https:\/\/www.lirapopular.cl\/lirapopularxix\/2021\/07\/01\/derrota-i-fuga-de-la-rosa\/\">Derrota y fuga de la Rosa<\/a><\/li><\/ul>\n\n\n\n<p>Nota: Este ejemplar tiene escrito a mano con l\u00e1piz rojo \u201c873\u201d. Texto manuscrito &#8220;ajeno&#8221; &#8220;ajeno&#8221;<br \/>Documento optimizado digitalmente.<\/p>\n","protected":false},"excerpt":{"rendered":"<p>Autor: R\u00f3lak.Impresor: Sin informaci\u00f3nTama\u00f1o: 25,5 x 37 cmClasificaci\u00f3n: 873 R774d Caja N\u00b09a De P\u00edo del Fierro El saqueo de Talagante Derrota y fuga de la Rosa Nota: Este ejemplar tiene escrito a mano con l\u00e1piz rojo \u201c873\u201d. Texto manuscrito &#8220;ajeno&#8221; &#8220;ajeno&#8221;Documento optimizado digitalmente.<\/p>\n","protected":false},"author":1,"featured_media":0,"parent":0,"menu_order":0,"comment_status":"closed","ping_status":"closed","template":"","meta":{"footnotes":""},"class_list":["post-19846","page","type-page","status-publish","hentry"],"jetpack_sharing_enabled":true,"_links":{"self":[{"href":"https:\/\/www.lirapopular.cl\/lirapopularxix\/wp-json\/wp\/v2\/pages\/19846","targetHints":{"allow":["GET"]}}],"collection":[{"href":"https:\/\/www.lirapopular.cl\/lirapopularxix\/wp-json\/wp\/v2\/pages"}],"about":[{"href":"https:\/\/www.lirapopular.cl\/lirapopularxix\/wp-json\/wp\/v2\/types\/page"}],"author":[{"embeddable":true,"href":"https:\/\/www.lirapopular.cl\/lirapopularxix\/wp-json\/wp\/v2\/users\/1"}],"replies":[{"embeddable":true,"href":"https:\/\/www.lirapopular.cl\/lirapopularxix\/wp-json\/wp\/v2\/comments?post=19846"}],"version-history":[{"count":0,"href":"https:\/\/www.lirapopular.cl\/lirapopularxix\/wp-json\/wp\/v2\/pages\/19846\/revisions"}],"wp:attachment":[{"href":"https:\/\/www.lirapopular.cl\/lirapopularxix\/wp-json\/wp\/v2\/media?parent=19846"}],"curies":[{"name":"wp","href":"https:\/\/api.w.org\/{rel}","templated":true}]}}