{"id":19794,"date":"2021-06-30T18:51:33","date_gmt":"2021-06-30T22:51:33","guid":{"rendered":"https:\/\/www.lirapopular.cl\/lirapopularxix\/?page_id=19794"},"modified":"2021-06-30T18:51:33","modified_gmt":"2021-06-30T22:51:33","slug":"el-gran-combate-en-21-de-mayo-de-1879","status":"publish","type":"page","link":"https:\/\/www.lirapopular.cl\/lirapopularxix\/el-gran-combate-en-21-de-mayo-de-1879\/","title":{"rendered":"El gran combate <br>en 21 de mayo de 1879"},"content":{"rendered":"\n<div class=\"wp-block-image\"><figure class=\"alignright size-medium\"><a href=\"http:\/\/https:\/\/www.lirapopular.cl\/lirapopularxix\/wp-content\/uploads\/2021\/06\/869-1.jpg\"><img decoding=\"async\" src=\"http:\/\/https:\/\/www.lirapopular.cl\/lirapopularxix\/wp-content\/uploads\/2021\/06\/869-1-300x228.jpg\" alt=\"\" class=\"wp-image-19795\"\/><\/a><figcaption>Colecci\u00f3n Lira Popular de la<br \/>Universidad de Chile<\/figcaption><\/figure><\/div>\n\n\n\n<p>Autor: R\u00f3lak.<br \/>Impresor: Sin informaci\u00f3n<br \/>Tama\u00f1o: 27,5 x 37,5 cm<br \/>Clasificaci\u00f3n: 869 R774g Caja N\u00b09a<\/p>\n\n\n\n<ul class=\"wp-block-list\"><li><a href=\"https:\/\/www.lirapopular.cl\/lirapopularxix\/2021\/06\/30\/el-gran-combateen-21-de-mayo-de-1879\/\">El gran combate en 21 de mayo de 1879<\/a><\/li><li><a href=\"https:\/\/www.lirapopular.cl\/lirapopularxix\/2021\/06\/30\/relato-del-marinerode-la-esmeralda\/\">Relato del marinero de la Esmeralda<\/a><\/li><li><a href=\"https:\/\/www.lirapopular.cl\/lirapopularxix\/2021\/06\/30\/relato-del-marinerode-la-covdonga\/\">Relato del marinero del Covadonga<\/a><\/li><li><a href=\"https:\/\/www.lirapopular.cl\/lirapopularxix\/2021\/06\/30\/el-asesinatocalle-santa-isabel\/\">El asesinato calle Santa Isabel<\/a><\/li><\/ul>\n\n\n\n<p>Nota: Este ejemplar tiene escrito a mano con l\u00e1piz rojo \u201c869\u201d. Fechado el 21 de mayo de 1891.<br \/>Documento optimizado digitalmente.<\/p>\n","protected":false},"excerpt":{"rendered":"<p>Autor: R\u00f3lak.Impresor: Sin informaci\u00f3nTama\u00f1o: 27,5 x 37,5 cmClasificaci\u00f3n: 869 R774g Caja N\u00b09a El gran combate en 21 de mayo de 1879 Relato del marinero de la Esmeralda Relato del marinero del Covadonga El asesinato calle Santa Isabel Nota: Este ejemplar tiene escrito a mano con l\u00e1piz rojo \u201c869\u201d. Fechado el 21 de mayo de 1891.Documento [&hellip;]<\/p>\n","protected":false},"author":1,"featured_media":0,"parent":0,"menu_order":0,"comment_status":"closed","ping_status":"closed","template":"","meta":{"footnotes":""},"class_list":["post-19794","page","type-page","status-publish","hentry"],"jetpack_sharing_enabled":true,"_links":{"self":[{"href":"https:\/\/www.lirapopular.cl\/lirapopularxix\/wp-json\/wp\/v2\/pages\/19794","targetHints":{"allow":["GET"]}}],"collection":[{"href":"https:\/\/www.lirapopular.cl\/lirapopularxix\/wp-json\/wp\/v2\/pages"}],"about":[{"href":"https:\/\/www.lirapopular.cl\/lirapopularxix\/wp-json\/wp\/v2\/types\/page"}],"author":[{"embeddable":true,"href":"https:\/\/www.lirapopular.cl\/lirapopularxix\/wp-json\/wp\/v2\/users\/1"}],"replies":[{"embeddable":true,"href":"https:\/\/www.lirapopular.cl\/lirapopularxix\/wp-json\/wp\/v2\/comments?post=19794"}],"version-history":[{"count":0,"href":"https:\/\/www.lirapopular.cl\/lirapopularxix\/wp-json\/wp\/v2\/pages\/19794\/revisions"}],"wp:attachment":[{"href":"https:\/\/www.lirapopular.cl\/lirapopularxix\/wp-json\/wp\/v2\/media?parent=19794"}],"curies":[{"name":"wp","href":"https:\/\/api.w.org\/{rel}","templated":true}]}}