{"id":19767,"date":"2021-06-19T19:22:16","date_gmt":"2021-06-19T23:22:16","guid":{"rendered":"https:\/\/www.lirapopular.cl\/lirapopularxix\/?page_id=19767"},"modified":"2021-06-19T19:22:16","modified_gmt":"2021-06-19T23:22:16","slug":"gran-asesinato-en-la-linea","status":"publish","type":"page","link":"https:\/\/www.lirapopular.cl\/lirapopularxix\/gran-asesinato-en-la-linea\/","title":{"rendered":"GRAN ASESINATO <br>En la l\u00ednea del ferrocarril"},"content":{"rendered":"\n<div class=\"wp-block-image\"><figure class=\"alignright size-medium\"><a href=\"http:\/\/https:\/\/www.lirapopular.cl\/lirapopularxix\/wp-content\/uploads\/2021\/06\/867-1.jpg\"><img decoding=\"async\" src=\"http:\/\/https:\/\/www.lirapopular.cl\/lirapopularxix\/wp-content\/uploads\/2021\/06\/867-1-300x223.jpg\" alt=\"\" class=\"wp-image-19770\"\/><\/a><figcaption>Colecci\u00f3n Lira Popular de la<br \/>Universidad de Chile<\/figcaption><\/figure><\/div>\n\n\n\n<p>Autor: R\u00f3lak.<br \/>Impresor: Sin informaci\u00f3n<br \/>Tama\u00f1o: 27,5 x 37,3 cm<br \/>Clasificaci\u00f3n: 867 R774g Caja N\u00b09a<\/p>\n\n\n\n<ul class=\"wp-block-list\"><li><a href=\"https:\/\/www.lirapopular.cl\/lirapopularxix\/2021\/06\/20\/gran-asesinatoen-la-linea-del-ferrocarril\/\">Gran asesinato en la l\u00ednea del ferrocarril<\/a><\/li><li><a href=\"https:\/\/www.lirapopular.cl\/lirapopularxix\/2021\/06\/20\/ejecucionde-una-hija-que-mato-al-padre\/\">Ejecuci\u00f3n de una hija que mat\u00f3 al padre<\/a><\/li><li><a href=\"https:\/\/www.lirapopular.cl\/lirapopularxix\/2021\/06\/20\/juan-valientehistoria-terriblecontinuacion-num-3\/\">Juan Valiente (Historia terrible).<\/a><\/li><\/ul>\n\n\n\n<p>Nota: Este ejemplar tiene escrito a mano con l\u00e1piz rojo \u201c867\u201d. Texto manuscrito: &#8220;de otro arjentino&#8221;<br \/>Documento optimizado digitalmente.<\/p>\n","protected":false},"excerpt":{"rendered":"<p>Autor: R\u00f3lak.Impresor: Sin informaci\u00f3nTama\u00f1o: 27,5 x 37,3 cmClasificaci\u00f3n: 867 R774g Caja N\u00b09a Gran asesinato en la l\u00ednea del ferrocarril Ejecuci\u00f3n de una hija que mat\u00f3 al padre Juan Valiente (Historia terrible). Nota: Este ejemplar tiene escrito a mano con l\u00e1piz rojo \u201c867\u201d. Texto manuscrito: &#8220;de otro arjentino&#8221;Documento optimizado digitalmente.<\/p>\n","protected":false},"author":1,"featured_media":0,"parent":0,"menu_order":0,"comment_status":"closed","ping_status":"closed","template":"","meta":{"footnotes":""},"class_list":["post-19767","page","type-page","status-publish","hentry"],"jetpack_sharing_enabled":true,"_links":{"self":[{"href":"https:\/\/www.lirapopular.cl\/lirapopularxix\/wp-json\/wp\/v2\/pages\/19767","targetHints":{"allow":["GET"]}}],"collection":[{"href":"https:\/\/www.lirapopular.cl\/lirapopularxix\/wp-json\/wp\/v2\/pages"}],"about":[{"href":"https:\/\/www.lirapopular.cl\/lirapopularxix\/wp-json\/wp\/v2\/types\/page"}],"author":[{"embeddable":true,"href":"https:\/\/www.lirapopular.cl\/lirapopularxix\/wp-json\/wp\/v2\/users\/1"}],"replies":[{"embeddable":true,"href":"https:\/\/www.lirapopular.cl\/lirapopularxix\/wp-json\/wp\/v2\/comments?post=19767"}],"version-history":[{"count":0,"href":"https:\/\/www.lirapopular.cl\/lirapopularxix\/wp-json\/wp\/v2\/pages\/19767\/revisions"}],"wp:attachment":[{"href":"https:\/\/www.lirapopular.cl\/lirapopularxix\/wp-json\/wp\/v2\/media?parent=19767"}],"curies":[{"name":"wp","href":"https:\/\/api.w.org\/{rel}","templated":true}]}}