{"id":19720,"date":"2021-06-18T11:05:30","date_gmt":"2021-06-18T15:05:30","guid":{"rendered":"https:\/\/www.lirapopular.cl\/lirapopularxix\/?page_id=19720"},"modified":"2021-06-18T11:05:30","modified_gmt":"2021-06-18T15:05:30","slug":"tremendo-asesinato-en-collipulli","status":"publish","type":"page","link":"https:\/\/www.lirapopular.cl\/lirapopularxix\/tremendo-asesinato-en-collipulli\/","title":{"rendered":"TREMENDO ASESINATO <br>EN COLLIPULLI"},"content":{"rendered":"\n<div class=\"wp-block-image\"><figure class=\"alignright size-medium\"><a href=\"http:\/\/https:\/\/www.lirapopular.cl\/lirapopularxix\/wp-content\/uploads\/2021\/06\/861-1.jpg\"><img decoding=\"async\" src=\"http:\/\/https:\/\/www.lirapopular.cl\/lirapopularxix\/wp-content\/uploads\/2021\/06\/861-1-216x300.jpg\" alt=\"\" class=\"wp-image-19723\"\/><\/a><figcaption>Colecci\u00f3n Lira Popular de la<br \/>Universidad de Chile<\/figcaption><\/figure><\/div>\n\n\n\n<p>Autor: R\u00f3lak.<br \/>Impresor: Sin informaci\u00f3n<br \/>Tama\u00f1o: 27,2 x 37 cm<br \/>Clasificaci\u00f3n: 861 R774t Caja N\u00b09a<\/p>\n\n\n\n<ul class=\"wp-block-list\"><li><a href=\"https:\/\/www.lirapopular.cl\/lirapopularxix\/2021\/06\/18\/tremendo-asesinatoen-collipulli\/\">Tremendo asesinato en Collipulli<\/a><\/li><li><a href=\"https:\/\/www.lirapopular.cl\/lirapopularxix\/2021\/06\/18\/asesinato-del-capi-tan-molina\/\">Asesinato del capit\u00e1n Molina<\/a><\/li><li><a href=\"https:\/\/www.lirapopular.cl\/lirapopularxix\/2021\/06\/18\/sangrienta-peleaa-trompones\/\">Sangrienta pelea a trompones<\/a><\/li><li><a href=\"https:\/\/www.lirapopular.cl\/lirapopularxix\/2021\/06\/18\/lujuria\/\">Lujuria. Poemita hist\u00f3rico (continuaci\u00f3n)<\/a><\/li><\/ul>\n\n\n\n<p>Nota: Este ejemplar tiene escrito a mano con l\u00e1piz rojo \u201c861\u201d.<br \/>Documento optimizado digitalmente.<\/p>\n","protected":false},"excerpt":{"rendered":"<p>Autor: R\u00f3lak.Impresor: Sin informaci\u00f3nTama\u00f1o: 27,2 x 37 cmClasificaci\u00f3n: 861 R774t Caja N\u00b09a Tremendo asesinato en Collipulli Asesinato del capit\u00e1n Molina Sangrienta pelea a trompones Lujuria. Poemita hist\u00f3rico (continuaci\u00f3n) Nota: Este ejemplar tiene escrito a mano con l\u00e1piz rojo \u201c861\u201d.Documento optimizado digitalmente.<\/p>\n","protected":false},"author":1,"featured_media":0,"parent":0,"menu_order":0,"comment_status":"closed","ping_status":"closed","template":"","meta":{"footnotes":""},"class_list":["post-19720","page","type-page","status-publish","hentry"],"jetpack_sharing_enabled":true,"_links":{"self":[{"href":"https:\/\/www.lirapopular.cl\/lirapopularxix\/wp-json\/wp\/v2\/pages\/19720","targetHints":{"allow":["GET"]}}],"collection":[{"href":"https:\/\/www.lirapopular.cl\/lirapopularxix\/wp-json\/wp\/v2\/pages"}],"about":[{"href":"https:\/\/www.lirapopular.cl\/lirapopularxix\/wp-json\/wp\/v2\/types\/page"}],"author":[{"embeddable":true,"href":"https:\/\/www.lirapopular.cl\/lirapopularxix\/wp-json\/wp\/v2\/users\/1"}],"replies":[{"embeddable":true,"href":"https:\/\/www.lirapopular.cl\/lirapopularxix\/wp-json\/wp\/v2\/comments?post=19720"}],"version-history":[{"count":0,"href":"https:\/\/www.lirapopular.cl\/lirapopularxix\/wp-json\/wp\/v2\/pages\/19720\/revisions"}],"wp:attachment":[{"href":"https:\/\/www.lirapopular.cl\/lirapopularxix\/wp-json\/wp\/v2\/media?parent=19720"}],"curies":[{"name":"wp","href":"https:\/\/api.w.org\/{rel}","templated":true}]}}