{"id":19701,"date":"2021-06-17T12:20:47","date_gmt":"2021-06-17T16:20:47","guid":{"rendered":"https:\/\/www.lirapopular.cl\/lirapopularxix\/?page_id=19701"},"modified":"2021-06-17T12:20:47","modified_gmt":"2021-06-17T16:20:47","slug":"homenaje-al-21-de-mayo","status":"publish","type":"page","link":"https:\/\/www.lirapopular.cl\/lirapopularxix\/homenaje-al-21-de-mayo\/","title":{"rendered":"HOMENAJE AL 21 DE MAYO."},"content":{"rendered":"\n<div class=\"wp-block-image\"><figure class=\"alignright size-medium\"><a href=\"http:\/\/https:\/\/www.lirapopular.cl\/lirapopularxix\/wp-content\/uploads\/2021\/06\/860-1.jpg\"><img decoding=\"async\" src=\"http:\/\/https:\/\/www.lirapopular.cl\/lirapopularxix\/wp-content\/uploads\/2021\/06\/860-1-216x300.jpg\" alt=\"\" class=\"wp-image-19704\"\/><\/a><figcaption>Colecci\u00f3n Lira Popular de la<br \/>Universidad de Chile<\/figcaption><\/figure><\/div>\n\n\n\n<p>Autor: R\u00f3lak. Se venden: Cequion num 11<br \/>Impresor: Imprenta Estrella de Chile, Sto. Domingo, 47<br \/>Tama\u00f1o: 26,7 x 37,1 cm<br \/>Clasificaci\u00f3n: 860 R774h Caja N\u00b09a<\/p>\n\n\n\n<ul class=\"wp-block-list\"><li><a href=\"https:\/\/www.lirapopular.cl\/lirapopularxix\/2021\/06\/17\/preliminares-del-gran-dia-2\/\">Preliminares del gran d\u00eda<\/a><\/li><li><a href=\"https:\/\/www.lirapopular.cl\/lirapopularxix\/2021\/06\/17\/heroico-combate-entre-la-es-meralda-y-el-huascar\/\">Heroico combate entre la Esmeralda y el Hu\u00e1scar<\/a><\/li><li><a href=\"https:\/\/www.lirapopular.cl\/lirapopularxix\/2021\/06\/17\/entre-la-covadonga-y-laindependencia\/\">Entre la Covadonga y la Independencia<\/a><\/li><li><a href=\"https:\/\/www.lirapopular.cl\/lirapopularxix\/2021\/06\/17\/a-condell-en-los-momentosde-su-muerte\/\">A Condell, en los momentos de su muerte.<\/a><\/li><\/ul>\n\n\n\n<p>Nota: Este ejemplar tiene escrito a mano con l\u00e1piz rojo \u201c860\u201d.<br \/>Posible publicaci\u00f3n en mayo de 1887.<br \/>Documento optimizado digitalmente.<\/p>\n","protected":false},"excerpt":{"rendered":"<p>Autor: R\u00f3lak. Se venden: Cequion num 11Impresor: Imprenta Estrella de Chile, Sto. Domingo, 47Tama\u00f1o: 26,7 x 37,1 cmClasificaci\u00f3n: 860 R774h Caja N\u00b09a Preliminares del gran d\u00eda Heroico combate entre la Esmeralda y el Hu\u00e1scar Entre la Covadonga y la Independencia A Condell, en los momentos de su muerte. Nota: Este ejemplar tiene escrito a mano [&hellip;]<\/p>\n","protected":false},"author":1,"featured_media":0,"parent":0,"menu_order":0,"comment_status":"closed","ping_status":"closed","template":"","meta":{"footnotes":""},"class_list":["post-19701","page","type-page","status-publish","hentry"],"jetpack_sharing_enabled":true,"_links":{"self":[{"href":"https:\/\/www.lirapopular.cl\/lirapopularxix\/wp-json\/wp\/v2\/pages\/19701","targetHints":{"allow":["GET"]}}],"collection":[{"href":"https:\/\/www.lirapopular.cl\/lirapopularxix\/wp-json\/wp\/v2\/pages"}],"about":[{"href":"https:\/\/www.lirapopular.cl\/lirapopularxix\/wp-json\/wp\/v2\/types\/page"}],"author":[{"embeddable":true,"href":"https:\/\/www.lirapopular.cl\/lirapopularxix\/wp-json\/wp\/v2\/users\/1"}],"replies":[{"embeddable":true,"href":"https:\/\/www.lirapopular.cl\/lirapopularxix\/wp-json\/wp\/v2\/comments?post=19701"}],"version-history":[{"count":0,"href":"https:\/\/www.lirapopular.cl\/lirapopularxix\/wp-json\/wp\/v2\/pages\/19701\/revisions"}],"wp:attachment":[{"href":"https:\/\/www.lirapopular.cl\/lirapopularxix\/wp-json\/wp\/v2\/media?parent=19701"}],"curies":[{"name":"wp","href":"https:\/\/api.w.org\/{rel}","templated":true}]}}