{"id":19683,"date":"2021-06-16T20:29:43","date_gmt":"2021-06-17T00:29:43","guid":{"rendered":"https:\/\/www.lirapopular.cl\/lirapopularxix\/?page_id=19683"},"modified":"2021-06-16T20:29:43","modified_gmt":"2021-06-17T00:29:43","slug":"fecundidad","status":"publish","type":"page","link":"https:\/\/www.lirapopular.cl\/lirapopularxix\/fecundidad\/","title":{"rendered":"\u00a1FECUNDIDAD! <br>Los tres ni\u00f1os mellizos"},"content":{"rendered":"<div class=\"wp-block-image\">\n<figure class=\"alignright size-medium\"><a href=\"http:\/\/https:\/\/www.lirapopular.cl\/lirapopularxix\/wp-content\/uploads\/2021\/06\/859-1.jpg\"><img decoding=\"async\" src=\"http:\/\/https:\/\/www.lirapopular.cl\/lirapopularxix\/wp-content\/uploads\/2021\/06\/859-1-220x300.jpg\" alt=\"\" class=\"wp-image-19686\"\/><\/a><figcaption class=\"wp-element-caption\">Colecci\u00f3n Lira Popular de la<br \/>Universidad de Chile<\/figcaption><\/figure>\n<\/div>\n\n\n<p>Autor: R\u00f3lak. Se venden: Cequi\u00f3n, n\u00fam. 11<br \/>Impresor: Imprenta Estrella de Chile, Sto. Domingo, 47<br \/>Tama\u00f1o: 27 x 37,4 cm<br \/>Clasificaci\u00f3n: 859 R774f Caja N\u00b09a, 192 R774f Caja N\u00b0 2<\/p>\n\n\n\n<ul class=\"wp-block-list\">\n<li><a href=\"https:\/\/www.lirapopular.cl\/lirapopularxix\/2021\/06\/17\/fecundidadlos-tres-ninos-mellizos\/\">\u00a1Fecundidad! Los tres ni\u00f1os mellizos<\/a><\/li>\n\n\n\n<li><a href=\"https:\/\/www.lirapopular.cl\/lirapopularxix\/2021\/06\/17\/salteoy-muerte-de-un-bandido\/\">Salteo y muerte de un bandido<\/a><\/li>\n\n\n\n<li><a href=\"https:\/\/www.lirapopular.cl\/lirapopularxix\/2021\/06\/17\/la-mujer-del-pobre-2\/\">La mujer del pobre<\/a><\/li>\n\n\n\n<li><a href=\"https:\/\/www.lirapopular.cl\/lirapopularxix\/2021\/06\/17\/un-matrimonio-por-la-iglesia\/\">Un matrimonio por la iglesia.<\/a><\/li>\n<\/ul>\n\n\n\n<p>Nota: El 1er ejemplar tiene escrito a mano con l\u00e1piz rojo \u201c859\u201d.<br \/>El 2\u00baejemplar tiene escrito a mano con l\u00e1piz rojo \u201c183\/192\u201d.<br \/>Documentos optimizados digitalmente.<\/p>\n\n\n\n<p class=\"has-white-color has-text-color has-link-color wp-elements-7e4ac651328708ea719ac0894fa30934\">.<\/p>\n\n\n\n<p class=\"has-white-color has-text-color has-link-color wp-elements-7e4ac651328708ea719ac0894fa30934\">.<\/p>\n\n\n<div class=\"wp-block-image\">\n<figure class=\"alignright size-medium\"><a href=\"https:\/\/www.lirapopular.cl\/lirapopularxix\/wp-content\/uploads\/2021\/07\/192.jpg\"><img loading=\"lazy\" decoding=\"async\" width=\"220\" height=\"300\" src=\"https:\/\/www.lirapopular.cl\/lirapopularxix\/wp-content\/uploads\/2021\/07\/192-220x300.jpg\" alt=\"\" class=\"wp-image-19909\" srcset=\"https:\/\/www.lirapopular.cl\/lirapopularxix\/wp-content\/uploads\/2021\/07\/192-220x300.jpg 220w, https:\/\/www.lirapopular.cl\/lirapopularxix\/wp-content\/uploads\/2021\/07\/192.jpg 732w\" sizes=\"auto, (max-width: 220px) 100vw, 220px\" \/><\/a><figcaption class=\"wp-element-caption\">Colecci\u00f3n Lira Popular de la<br \/>Universidad de Chile<\/figcaption><\/figure>\n<\/div>","protected":false},"excerpt":{"rendered":"<p>Autor: R\u00f3lak. Se venden: Cequi\u00f3n, n\u00fam. 11Impresor: Imprenta Estrella de Chile, Sto. Domingo, 47Tama\u00f1o: 27 x 37,4 cmClasificaci\u00f3n: 859 R774f Caja N\u00b09a, 192 R774f Caja N\u00b0 2 Nota: El 1er ejemplar tiene escrito a mano con l\u00e1piz rojo \u201c859\u201d.El 2\u00baejemplar tiene escrito a mano con l\u00e1piz rojo \u201c183\/192\u201d.Documentos optimizados digitalmente. . .<\/p>\n","protected":false},"author":1,"featured_media":0,"parent":0,"menu_order":0,"comment_status":"closed","ping_status":"closed","template":"","meta":{"footnotes":""},"class_list":["post-19683","page","type-page","status-publish","hentry"],"jetpack_sharing_enabled":true,"_links":{"self":[{"href":"https:\/\/www.lirapopular.cl\/lirapopularxix\/wp-json\/wp\/v2\/pages\/19683","targetHints":{"allow":["GET"]}}],"collection":[{"href":"https:\/\/www.lirapopular.cl\/lirapopularxix\/wp-json\/wp\/v2\/pages"}],"about":[{"href":"https:\/\/www.lirapopular.cl\/lirapopularxix\/wp-json\/wp\/v2\/types\/page"}],"author":[{"embeddable":true,"href":"https:\/\/www.lirapopular.cl\/lirapopularxix\/wp-json\/wp\/v2\/users\/1"}],"replies":[{"embeddable":true,"href":"https:\/\/www.lirapopular.cl\/lirapopularxix\/wp-json\/wp\/v2\/comments?post=19683"}],"version-history":[{"count":0,"href":"https:\/\/www.lirapopular.cl\/lirapopularxix\/wp-json\/wp\/v2\/pages\/19683\/revisions"}],"wp:attachment":[{"href":"https:\/\/www.lirapopular.cl\/lirapopularxix\/wp-json\/wp\/v2\/media?parent=19683"}],"curies":[{"name":"wp","href":"https:\/\/api.w.org\/{rel}","templated":true}]}}