{"id":19650,"date":"2021-06-16T10:02:48","date_gmt":"2021-06-16T14:02:48","guid":{"rendered":"https:\/\/www.lirapopular.cl\/lirapopularxix\/?page_id=19650"},"modified":"2021-06-16T10:02:48","modified_gmt":"2021-06-16T14:02:48","slug":"viva-el-dieziocho-2","status":"publish","type":"page","link":"https:\/\/www.lirapopular.cl\/lirapopularxix\/viva-el-dieziocho-2\/","title":{"rendered":"\u00a1VIVA EL DIEZIOCHO!"},"content":{"rendered":"\n<div class=\"wp-block-image\"><figure class=\"alignright size-medium\"><a href=\"http:\/\/https:\/\/www.lirapopular.cl\/lirapopularxix\/wp-content\/uploads\/2021\/06\/857-1.jpg\"><img decoding=\"async\" src=\"http:\/\/https:\/\/www.lirapopular.cl\/lirapopularxix\/wp-content\/uploads\/2021\/06\/857-1-220x300.jpg\" alt=\"\" class=\"wp-image-19651\"\/><\/a><figcaption>Colecci\u00f3n Lira Popular de la<br \/>Universidad de Chile<\/figcaption><\/figure><\/div>\n\n\n\n<p>Autor: R\u00f3lak.<br \/>Impresor: Sin informaci\u00f3n<br \/>Tama\u00f1o: 27,5 x 37,2 cm<br \/>Clasificaci\u00f3n: 857 R774v Caja N\u00b09a<\/p>\n\n\n\n<ul class=\"wp-block-list\"><li><a href=\"https:\/\/www.lirapopular.cl\/lirapopularxix\/2021\/06\/16\/viva-el-dieziocho-3\/\">\u00a1Viva el Dieciocho!<\/a><\/li><li><a href=\"https:\/\/www.lirapopular.cl\/lirapopularxix\/2021\/06\/16\/asesinato-en-penco\/\">Asesinato en Penco<\/a><\/li><li><a href=\"https:\/\/www.lirapopular.cl\/lirapopularxix\/2021\/06\/16\/quemado-vivo\/\">Quemado vivo<\/a><\/li><li><a href=\"https:\/\/www.lirapopular.cl\/lirapopularxix\/2021\/06\/16\/lujuriapoemita\/\">Lujuria. Poemita hist\u00f3rico<\/a><\/li><li><a href=\"https:\/\/www.lirapopular.cl\/lirapopularxix\/2021\/06\/16\/parte-primeraella\/\">Parte primera. \u00a1Ella!<\/a><\/li><\/ul>\n\n\n\n<p>Nota: Este ejemplar tiene escrito a mano con l\u00e1piz rojo \u201c857\u201d. <br \/>Posible fecha de publicaci\u00f3n: septiembre de 1887.<br \/>Documento optimizado digitalmente.<\/p>\n","protected":false},"excerpt":{"rendered":"<p>Autor: R\u00f3lak.Impresor: Sin informaci\u00f3nTama\u00f1o: 27,5 x 37,2 cmClasificaci\u00f3n: 857 R774v Caja N\u00b09a \u00a1Viva el Dieciocho! Asesinato en Penco Quemado vivo Lujuria. Poemita hist\u00f3rico Parte primera. \u00a1Ella! Nota: Este ejemplar tiene escrito a mano con l\u00e1piz rojo \u201c857\u201d. Posible fecha de publicaci\u00f3n: septiembre de 1887.Documento optimizado digitalmente.<\/p>\n","protected":false},"author":1,"featured_media":0,"parent":0,"menu_order":0,"comment_status":"closed","ping_status":"closed","template":"","meta":{"footnotes":""},"class_list":["post-19650","page","type-page","status-publish","hentry"],"jetpack_sharing_enabled":true,"_links":{"self":[{"href":"https:\/\/www.lirapopular.cl\/lirapopularxix\/wp-json\/wp\/v2\/pages\/19650","targetHints":{"allow":["GET"]}}],"collection":[{"href":"https:\/\/www.lirapopular.cl\/lirapopularxix\/wp-json\/wp\/v2\/pages"}],"about":[{"href":"https:\/\/www.lirapopular.cl\/lirapopularxix\/wp-json\/wp\/v2\/types\/page"}],"author":[{"embeddable":true,"href":"https:\/\/www.lirapopular.cl\/lirapopularxix\/wp-json\/wp\/v2\/users\/1"}],"replies":[{"embeddable":true,"href":"https:\/\/www.lirapopular.cl\/lirapopularxix\/wp-json\/wp\/v2\/comments?post=19650"}],"version-history":[{"count":0,"href":"https:\/\/www.lirapopular.cl\/lirapopularxix\/wp-json\/wp\/v2\/pages\/19650\/revisions"}],"wp:attachment":[{"href":"https:\/\/www.lirapopular.cl\/lirapopularxix\/wp-json\/wp\/v2\/media?parent=19650"}],"curies":[{"name":"wp","href":"https:\/\/api.w.org\/{rel}","templated":true}]}}