{"id":19635,"date":"2021-06-15T18:44:29","date_gmt":"2021-06-15T22:44:29","guid":{"rendered":"https:\/\/www.lirapopular.cl\/lirapopularxix\/?page_id=19635"},"modified":"2021-06-15T18:44:29","modified_gmt":"2021-06-15T22:44:29","slug":"horrible-asesinato-el-cadaver","status":"publish","type":"page","link":"https:\/\/www.lirapopular.cl\/lirapopularxix\/horrible-asesinato-el-cadaver\/","title":{"rendered":"HORRIBLE ASESINATO <br>El cad\u00e1ver comido por los pe-<br>rros"},"content":{"rendered":"\n<div class=\"wp-block-image\"><figure class=\"alignright size-medium\"><a href=\"http:\/\/https:\/\/www.lirapopular.cl\/lirapopularxix\/wp-content\/uploads\/2021\/06\/855-1.jpg\"><img decoding=\"async\" src=\"http:\/\/https:\/\/www.lirapopular.cl\/lirapopularxix\/wp-content\/uploads\/2021\/06\/855-1-221x300.jpg\" alt=\"\" class=\"wp-image-19638\"\/><\/a><figcaption>Colecci\u00f3n Lira Popular de la<br \/>Universidad de Chile<\/figcaption><\/figure><\/div>\n\n\n\n<p>Autor: R\u00f3lak.<br \/>Impresor: Sin informaci\u00f3n<br \/>Tama\u00f1o: 27 x 36,3 cm<br \/>Clasificaci\u00f3n: 855 R774h Caja N\u00b08a<\/p>\n\n\n\n<ul class=\"wp-block-list\"><li><a href=\"https:\/\/www.lirapopular.cl\/lirapopularxix\/2021\/06\/16\/horrible-asesinato-el-cadaver-comido\/\">Horrible asesinato. El cad\u00e1ver comido por los perros<\/a><\/li><li><a href=\"https:\/\/www.lirapopular.cl\/lirapopularxix\/2021\/06\/16\/aventuras-de-un-huaso-3\/\">Aventuras de un huaso contadas por el  mismo.<\/a><\/li><\/ul>\n\n\n\n<p>Nota: Este ejemplar tiene escrito a mano con l\u00e1piz rojo \u201c855\u201d. Texto manuscrito &#8220;del arjentino H&#8221;<br \/>Documento optimizado digitalmente.<\/p>\n","protected":false},"excerpt":{"rendered":"<p>Autor: R\u00f3lak.Impresor: Sin informaci\u00f3nTama\u00f1o: 27 x 36,3 cmClasificaci\u00f3n: 855 R774h Caja N\u00b08a Horrible asesinato. El cad\u00e1ver comido por los perros Aventuras de un huaso contadas por el mismo. Nota: Este ejemplar tiene escrito a mano con l\u00e1piz rojo \u201c855\u201d. Texto manuscrito &#8220;del arjentino H&#8221;Documento optimizado digitalmente.<\/p>\n","protected":false},"author":1,"featured_media":0,"parent":0,"menu_order":0,"comment_status":"closed","ping_status":"closed","template":"","meta":{"footnotes":""},"class_list":["post-19635","page","type-page","status-publish","hentry"],"jetpack_sharing_enabled":true,"_links":{"self":[{"href":"https:\/\/www.lirapopular.cl\/lirapopularxix\/wp-json\/wp\/v2\/pages\/19635","targetHints":{"allow":["GET"]}}],"collection":[{"href":"https:\/\/www.lirapopular.cl\/lirapopularxix\/wp-json\/wp\/v2\/pages"}],"about":[{"href":"https:\/\/www.lirapopular.cl\/lirapopularxix\/wp-json\/wp\/v2\/types\/page"}],"author":[{"embeddable":true,"href":"https:\/\/www.lirapopular.cl\/lirapopularxix\/wp-json\/wp\/v2\/users\/1"}],"replies":[{"embeddable":true,"href":"https:\/\/www.lirapopular.cl\/lirapopularxix\/wp-json\/wp\/v2\/comments?post=19635"}],"version-history":[{"count":0,"href":"https:\/\/www.lirapopular.cl\/lirapopularxix\/wp-json\/wp\/v2\/pages\/19635\/revisions"}],"wp:attachment":[{"href":"https:\/\/www.lirapopular.cl\/lirapopularxix\/wp-json\/wp\/v2\/media?parent=19635"}],"curies":[{"name":"wp","href":"https:\/\/api.w.org\/{rel}","templated":true}]}}