{"id":19566,"date":"2021-06-14T20:30:30","date_gmt":"2021-06-15T00:30:30","guid":{"rendered":"https:\/\/www.lirapopular.cl\/lirapopularxix\/?page_id=19566"},"modified":"2021-06-14T20:30:30","modified_gmt":"2021-06-15T00:30:30","slug":"ramillete-al-ejercito-constitucional-2","status":"publish","type":"page","link":"https:\/\/www.lirapopular.cl\/lirapopularxix\/ramillete-al-ejercito-constitucional-2\/","title":{"rendered":"RAMILLETE AL EJ\u00c9RCITO CONSTITUCIONAL"},"content":{"rendered":"\n<div class=\"wp-block-image\"><figure class=\"alignright size-medium\"><a href=\"http:\/\/https:\/\/www.lirapopular.cl\/lirapopularxix\/wp-content\/uploads\/2021\/06\/850-1.jpg\"><img decoding=\"async\" src=\"http:\/\/https:\/\/www.lirapopular.cl\/lirapopularxix\/wp-content\/uploads\/2021\/06\/850-1-218x300.jpg\" alt=\"\" class=\"wp-image-19567\"\/><\/a><figcaption>Colecci\u00f3n Lira Popular de la<br \/>Universidad de Chile<\/figcaption><\/figure><\/div>\n\n\n\n<p>Autor: R\u00f3lak.<br \/>Impresor: Sin informaci\u00f3n<br \/>Tama\u00f1o: 26,5 x 37 cm<br \/>Clasificaci\u00f3n: 850 R774r Caja N\u00b08a<\/p>\n\n\n\n<ul class=\"wp-block-list\"><li><a href=\"https:\/\/www.lirapopular.cl\/lirapopularxix\/2021\/06\/14\/ramillete-al-ejercito-constitucional-2\/\">Ramillete al Ej\u00e9rcito Constitucional<\/a><\/li><\/ul>\n\n\n\n<p>Nota: Este ejemplar tiene escrito a mano con l\u00e1piz rojo \u201c850\u201d.<br \/>Hay una reimpresi\u00f3n de esta lira ampliada, <a href=\"https:\/\/www.lirapopular.cl\/lirapopularxix\/ramillete-al-ejercito-constitucional\/\">ver<\/a>.<br \/>Documento optimizado digitalmente.<\/p>\n","protected":false},"excerpt":{"rendered":"<p>Autor: R\u00f3lak.Impresor: Sin informaci\u00f3nTama\u00f1o: 26,5 x 37 cmClasificaci\u00f3n: 850 R774r Caja N\u00b08a Ramillete al Ej\u00e9rcito Constitucional Nota: Este ejemplar tiene escrito a mano con l\u00e1piz rojo \u201c850\u201d.Hay una reimpresi\u00f3n de esta lira ampliada, ver.Documento optimizado digitalmente.<\/p>\n","protected":false},"author":1,"featured_media":0,"parent":0,"menu_order":0,"comment_status":"closed","ping_status":"closed","template":"","meta":{"footnotes":""},"class_list":["post-19566","page","type-page","status-publish","hentry"],"jetpack_sharing_enabled":true,"_links":{"self":[{"href":"https:\/\/www.lirapopular.cl\/lirapopularxix\/wp-json\/wp\/v2\/pages\/19566","targetHints":{"allow":["GET"]}}],"collection":[{"href":"https:\/\/www.lirapopular.cl\/lirapopularxix\/wp-json\/wp\/v2\/pages"}],"about":[{"href":"https:\/\/www.lirapopular.cl\/lirapopularxix\/wp-json\/wp\/v2\/types\/page"}],"author":[{"embeddable":true,"href":"https:\/\/www.lirapopular.cl\/lirapopularxix\/wp-json\/wp\/v2\/users\/1"}],"replies":[{"embeddable":true,"href":"https:\/\/www.lirapopular.cl\/lirapopularxix\/wp-json\/wp\/v2\/comments?post=19566"}],"version-history":[{"count":0,"href":"https:\/\/www.lirapopular.cl\/lirapopularxix\/wp-json\/wp\/v2\/pages\/19566\/revisions"}],"wp:attachment":[{"href":"https:\/\/www.lirapopular.cl\/lirapopularxix\/wp-json\/wp\/v2\/media?parent=19566"}],"curies":[{"name":"wp","href":"https:\/\/api.w.org\/{rel}","templated":true}]}}