{"id":19555,"date":"2021-06-14T13:11:52","date_gmt":"2021-06-14T17:11:52","guid":{"rendered":"https:\/\/www.lirapopular.cl\/lirapopularxix\/?page_id=19555"},"modified":"2021-06-14T13:11:52","modified_gmt":"2021-06-14T17:11:52","slug":"el-asesinato-de-la-calle-de-carrion","status":"publish","type":"page","link":"https:\/\/www.lirapopular.cl\/lirapopularxix\/el-asesinato-de-la-calle-de-carrion\/","title":{"rendered":"EL ASESINATO <BR>DE LA CALLE DE CARRION"},"content":{"rendered":"\n<div class=\"wp-block-image\"><figure class=\"alignright size-medium\"><a href=\"http:\/\/https:\/\/www.lirapopular.cl\/lirapopularxix\/wp-content\/uploads\/2021\/06\/849-1.jpg\"><img decoding=\"async\" src=\"http:\/\/https:\/\/www.lirapopular.cl\/lirapopularxix\/wp-content\/uploads\/2021\/06\/849-1-222x300.jpg\" alt=\"\" class=\"wp-image-19556\"\/><\/a><figcaption>Colecci\u00f3n Lira Popular de la<br \/>Universidad de Chile<\/figcaption><\/figure><\/div>\n\n\n\n<p>Autor: R\u00f3lak.<br \/>Impresor: Sin informaci\u00f3n<br \/>Tama\u00f1o: 27,7 x 37 cm<br \/>Clasificaci\u00f3n: 849 R774a Caja N\u00b08a<\/p>\n\n\n\n<ul class=\"wp-block-list\"><li><a href=\"https:\/\/www.lirapopular.cl\/lirapopularxix\/2021\/06\/14\/el-asesinatode-la-calle-de-carrion\/\">El asesinato de la calle de Carri\u00f3n<\/a><\/li><li><a href=\"https:\/\/www.lirapopular.cl\/lirapopularxix\/2021\/06\/14\/cantares-18\/\">Cantares<\/a><\/li><\/ul>\n\n\n\n<p>Nota: Este ejemplar tiene escrito a mano con l\u00e1piz rojo \u201c849\u201d, texto manuscrito &#8220;del arjentino H.&#8221;.<br \/>Documento optimizado digitalmente.<\/p>\n","protected":false},"excerpt":{"rendered":"<p>Autor: R\u00f3lak.Impresor: Sin informaci\u00f3nTama\u00f1o: 27,7 x 37 cmClasificaci\u00f3n: 849 R774a Caja N\u00b08a El asesinato de la calle de Carri\u00f3n Cantares Nota: Este ejemplar tiene escrito a mano con l\u00e1piz rojo \u201c849\u201d, texto manuscrito &#8220;del arjentino H.&#8221;.Documento optimizado digitalmente.<\/p>\n","protected":false},"author":1,"featured_media":0,"parent":0,"menu_order":0,"comment_status":"closed","ping_status":"closed","template":"","meta":{"footnotes":""},"class_list":["post-19555","page","type-page","status-publish","hentry"],"jetpack_sharing_enabled":true,"_links":{"self":[{"href":"https:\/\/www.lirapopular.cl\/lirapopularxix\/wp-json\/wp\/v2\/pages\/19555","targetHints":{"allow":["GET"]}}],"collection":[{"href":"https:\/\/www.lirapopular.cl\/lirapopularxix\/wp-json\/wp\/v2\/pages"}],"about":[{"href":"https:\/\/www.lirapopular.cl\/lirapopularxix\/wp-json\/wp\/v2\/types\/page"}],"author":[{"embeddable":true,"href":"https:\/\/www.lirapopular.cl\/lirapopularxix\/wp-json\/wp\/v2\/users\/1"}],"replies":[{"embeddable":true,"href":"https:\/\/www.lirapopular.cl\/lirapopularxix\/wp-json\/wp\/v2\/comments?post=19555"}],"version-history":[{"count":0,"href":"https:\/\/www.lirapopular.cl\/lirapopularxix\/wp-json\/wp\/v2\/pages\/19555\/revisions"}],"wp:attachment":[{"href":"https:\/\/www.lirapopular.cl\/lirapopularxix\/wp-json\/wp\/v2\/media?parent=19555"}],"curies":[{"name":"wp","href":"https:\/\/api.w.org\/{rel}","templated":true}]}}