{"id":19489,"date":"2021-05-25T11:22:55","date_gmt":"2021-05-25T15:22:55","guid":{"rendered":"https:\/\/www.lirapopular.cl\/lirapopularxix\/?page_id=19489"},"modified":"2021-05-25T11:22:55","modified_gmt":"2021-05-25T15:22:55","slug":"el-hijo-muerto-a-palo","status":"publish","type":"page","link":"https:\/\/www.lirapopular.cl\/lirapopularxix\/el-hijo-muerto-a-palo\/","title":{"rendered":"EL HIJO MUERTO A PALO <BR>POR SU PADRE I SU MUJER"},"content":{"rendered":"\n<div class=\"wp-block-image\"><figure class=\"alignright size-medium\"><a href=\"http:\/\/https:\/\/www.lirapopular.cl\/lirapopularxix\/wp-content\/uploads\/2021\/05\/845-1.jpg\"><img decoding=\"async\" src=\"http:\/\/https:\/\/www.lirapopular.cl\/lirapopularxix\/wp-content\/uploads\/2021\/05\/845-1-226x300.jpg\" alt=\"\" class=\"wp-image-19492\"\/><\/a><figcaption>Colecci\u00f3n Lira Popular de la<br \/>Universidad de Chile<\/figcaption><\/figure><\/div>\n\n\n\n<p>Autor: R\u00f3lak.<br \/>Impresor: Sin informaci\u00f3n<br \/>Tama\u00f1o: 27,1 x 35,8 cm<br \/>Clasificaci\u00f3n: 845 R774h Caja N\u00b08a<\/p>\n\n\n\n<ul class=\"wp-block-list\"><li><a href=\"https:\/\/www.lirapopular.cl\/lirapopularxix\/2021\/05\/25\/el-hijo-muerto-a-palopor-su-padre-i-su-mujer\/\">El hijo muerto a palo por su padre y su mujer<\/a><\/li><li><a href=\"https:\/\/www.lirapopular.cl\/lirapopularxix\/2021\/05\/25\/el-crimen-de-san-bernardo-los-tres-marcos\/\">El crimen de San Bernardo &#8220;Los tres marcos&#8221;<\/a><\/li><li><a href=\"https:\/\/www.lirapopular.cl\/lirapopularxix\/2021\/05\/25\/la-gran-serpientedevoradora-de-ninos\/\">La gran serpiente devoradora de ni\u00f1os<\/a><\/li><li><a href=\"https:\/\/www.lirapopular.cl\/lirapopularxix\/2021\/05\/25\/amor-furioso\/\">Amor furioso<\/a><\/li><\/ul>\n\n\n\n<p>Nota: Este ejemplar tiene escrito a mano con l\u00e1piz rojo &#8220;845\u201d.<br \/>Documento optimizado digitalmente.<\/p>\n","protected":false},"excerpt":{"rendered":"<p>Autor: R\u00f3lak.Impresor: Sin informaci\u00f3nTama\u00f1o: 27,1 x 35,8 cmClasificaci\u00f3n: 845 R774h Caja N\u00b08a El hijo muerto a palo por su padre y su mujer El crimen de San Bernardo &#8220;Los tres marcos&#8221; La gran serpiente devoradora de ni\u00f1os Amor furioso Nota: Este ejemplar tiene escrito a mano con l\u00e1piz rojo &#8220;845\u201d.Documento optimizado digitalmente.<\/p>\n","protected":false},"author":1,"featured_media":0,"parent":0,"menu_order":0,"comment_status":"closed","ping_status":"closed","template":"","meta":{"footnotes":""},"class_list":["post-19489","page","type-page","status-publish","hentry"],"jetpack_sharing_enabled":true,"_links":{"self":[{"href":"https:\/\/www.lirapopular.cl\/lirapopularxix\/wp-json\/wp\/v2\/pages\/19489","targetHints":{"allow":["GET"]}}],"collection":[{"href":"https:\/\/www.lirapopular.cl\/lirapopularxix\/wp-json\/wp\/v2\/pages"}],"about":[{"href":"https:\/\/www.lirapopular.cl\/lirapopularxix\/wp-json\/wp\/v2\/types\/page"}],"author":[{"embeddable":true,"href":"https:\/\/www.lirapopular.cl\/lirapopularxix\/wp-json\/wp\/v2\/users\/1"}],"replies":[{"embeddable":true,"href":"https:\/\/www.lirapopular.cl\/lirapopularxix\/wp-json\/wp\/v2\/comments?post=19489"}],"version-history":[{"count":0,"href":"https:\/\/www.lirapopular.cl\/lirapopularxix\/wp-json\/wp\/v2\/pages\/19489\/revisions"}],"wp:attachment":[{"href":"https:\/\/www.lirapopular.cl\/lirapopularxix\/wp-json\/wp\/v2\/media?parent=19489"}],"curies":[{"name":"wp","href":"https:\/\/api.w.org\/{rel}","templated":true}]}}