{"id":19469,"date":"2021-05-24T19:05:57","date_gmt":"2021-05-24T23:05:57","guid":{"rendered":"https:\/\/www.lirapopular.cl\/lirapopularxix\/?page_id=19469"},"modified":"2021-05-24T19:05:57","modified_gmt":"2021-05-24T23:05:57","slug":"horroroso-asesinato-en-san-vicente","status":"publish","type":"page","link":"https:\/\/www.lirapopular.cl\/lirapopularxix\/horroroso-asesinato-en-san-vicente\/","title":{"rendered":"Horroroso asesinato en San <br>Vicente"},"content":{"rendered":"\n<div class=\"wp-block-image\"><figure class=\"alignright size-medium\"><a href=\"http:\/\/https:\/\/www.lirapopular.cl\/lirapopularxix\/wp-content\/uploads\/2021\/05\/842c-1.jpg\"><img decoding=\"async\" src=\"http:\/\/https:\/\/www.lirapopular.cl\/lirapopularxix\/wp-content\/uploads\/2021\/05\/842c-1-234x300.jpg\" alt=\"\" class=\"wp-image-19470\"\/><\/a><figcaption>Colecci\u00f3n Lira Popular de la<br \/>Universidad de Chile<\/figcaption><\/figure><\/div>\n\n\n\n<p>Autor: R\u00f3lak.<br \/>Impresor: Imprenta Estrella de Chile, Sto. Domingo, 47. Se venden: Cequi\u00f3n, n\u00fam. 11<br \/>Tama\u00f1o: 27,8 x 35,3 cm<br \/>Clasificaci\u00f3n: 842c R774h Caja N\u00b08a<\/p>\n\n\n\n<ul class=\"wp-block-list\"><li><a href=\"https:\/\/www.lirapopular.cl\/lirapopularxix\/2021\/05\/25\/horroroso-asesinato-en-san-vicente\/\">Horroroso asesinato en San Vicente (Un colono y sus seis hijos muertos)<\/a><\/li><li><a href=\"https:\/\/www.lirapopular.cl\/lirapopularxix\/2021\/05\/25\/bandido-contra-bandido-2\/\">\u00a1Bandido contra bandido!<\/a><\/li><li><a href=\"https:\/\/www.lirapopular.cl\/lirapopularxix\/2021\/05\/25\/el-camino-del-cielocansion-del-borracho\/\">El camino del cielo (Canci\u00f3n del borracho)<\/a><\/li><li><a href=\"https:\/\/www.lirapopular.cl\/lirapopularxix\/2021\/05\/25\/esplicaciones\/\">Explicaciones<\/a><\/li><\/ul>\n\n\n\n<p>Nota: Este ejemplar tiene escrito a mano con pluma \u201c842 c\u201d. Dos versos marcados con &#8220;X&#8221;.<br \/>Documento optimizado digitalmente.<\/p>\n","protected":false},"excerpt":{"rendered":"<p>Autor: R\u00f3lak.Impresor: Imprenta Estrella de Chile, Sto. Domingo, 47. Se venden: Cequi\u00f3n, n\u00fam. 11Tama\u00f1o: 27,8 x 35,3 cmClasificaci\u00f3n: 842c R774h Caja N\u00b08a Horroroso asesinato en San Vicente (Un colono y sus seis hijos muertos) \u00a1Bandido contra bandido! El camino del cielo (Canci\u00f3n del borracho) Explicaciones Nota: Este ejemplar tiene escrito a mano con pluma \u201c842 [&hellip;]<\/p>\n","protected":false},"author":1,"featured_media":0,"parent":0,"menu_order":0,"comment_status":"closed","ping_status":"closed","template":"","meta":{"footnotes":""},"class_list":["post-19469","page","type-page","status-publish","hentry"],"jetpack_sharing_enabled":true,"_links":{"self":[{"href":"https:\/\/www.lirapopular.cl\/lirapopularxix\/wp-json\/wp\/v2\/pages\/19469","targetHints":{"allow":["GET"]}}],"collection":[{"href":"https:\/\/www.lirapopular.cl\/lirapopularxix\/wp-json\/wp\/v2\/pages"}],"about":[{"href":"https:\/\/www.lirapopular.cl\/lirapopularxix\/wp-json\/wp\/v2\/types\/page"}],"author":[{"embeddable":true,"href":"https:\/\/www.lirapopular.cl\/lirapopularxix\/wp-json\/wp\/v2\/users\/1"}],"replies":[{"embeddable":true,"href":"https:\/\/www.lirapopular.cl\/lirapopularxix\/wp-json\/wp\/v2\/comments?post=19469"}],"version-history":[{"count":0,"href":"https:\/\/www.lirapopular.cl\/lirapopularxix\/wp-json\/wp\/v2\/pages\/19469\/revisions"}],"wp:attachment":[{"href":"https:\/\/www.lirapopular.cl\/lirapopularxix\/wp-json\/wp\/v2\/media?parent=19469"}],"curies":[{"name":"wp","href":"https:\/\/api.w.org\/{rel}","templated":true}]}}