{"id":19419,"date":"2021-05-22T16:41:35","date_gmt":"2021-05-22T20:41:35","guid":{"rendered":"https:\/\/www.lirapopular.cl\/lirapopularxix\/?page_id=19419"},"modified":"2021-05-22T16:41:35","modified_gmt":"2021-05-22T20:41:35","slug":"la-aliansa-brasilera","status":"publish","type":"page","link":"https:\/\/www.lirapopular.cl\/lirapopularxix\/la-aliansa-brasilera\/","title":{"rendered":"LA ALIANSA BRASILERA"},"content":{"rendered":"\n<div class=\"wp-block-image\"><figure class=\"alignright size-medium\"><a href=\"http:\/\/https:\/\/www.lirapopular.cl\/lirapopularxix\/wp-content\/uploads\/2021\/05\/841-1.jpg\"><img decoding=\"async\" src=\"http:\/\/https:\/\/www.lirapopular.cl\/lirapopularxix\/wp-content\/uploads\/2021\/05\/841-1-221x300.jpg\" alt=\"\" class=\"wp-image-19420\"\/><\/a><figcaption>Colecci\u00f3n Lira Popular de la<br \/>Universidad de Chile<\/figcaption><\/figure><\/div>\n\n\n\n<p>Autor: R\u00f3lak.<br \/>Impresor: Sin informaci\u00f3n<br \/>Tama\u00f1o: 25,3 x 33,1 cm<br \/>Clasificaci\u00f3n: 841 R774a Caja N\u00b08a<\/p>\n\n\n\n<ul class=\"wp-block-list\"><li><a href=\"https:\/\/www.lirapopular.cl\/lirapopularxix\/2021\/05\/22\/la-aliansa-brasilera-2\/\">La alianza brasilera<\/a><\/li><li><a href=\"https:\/\/www.lirapopular.cl\/lirapopularxix\/2021\/05\/22\/a-un-mal-juez-2\/\">A un mal juez<\/a><\/li><li><a href=\"https:\/\/www.lirapopular.cl\/lirapopularxix\/2021\/05\/22\/degradaciondel-sub-teniente-nebel-2\/\">Degradaci\u00f3n del Sub-Teniente Nebel.<\/a><\/li><\/ul>\n\n\n\n<p>Nota: Este ejemplar tiene escrito a mano con l\u00e1piz rojo \u201c841\u201d.<br \/>Texto manuscrito &#8220;<sup>x<\/sup> Acr\u00f3stico: Ojeda Polidoro juez ezpulsado de San Carlos&#8221;.<br \/>Documento optimizado digitalmente.<\/p>\n","protected":false},"excerpt":{"rendered":"<p>Autor: R\u00f3lak.Impresor: Sin informaci\u00f3nTama\u00f1o: 25,3 x 33,1 cmClasificaci\u00f3n: 841 R774a Caja N\u00b08a La alianza brasilera A un mal juez Degradaci\u00f3n del Sub-Teniente Nebel. Nota: Este ejemplar tiene escrito a mano con l\u00e1piz rojo \u201c841\u201d.Texto manuscrito &#8220;x Acr\u00f3stico: Ojeda Polidoro juez ezpulsado de San Carlos&#8221;.Documento optimizado digitalmente.<\/p>\n","protected":false},"author":1,"featured_media":0,"parent":0,"menu_order":0,"comment_status":"closed","ping_status":"closed","template":"","meta":{"footnotes":""},"class_list":["post-19419","page","type-page","status-publish","hentry"],"jetpack_sharing_enabled":true,"_links":{"self":[{"href":"https:\/\/www.lirapopular.cl\/lirapopularxix\/wp-json\/wp\/v2\/pages\/19419","targetHints":{"allow":["GET"]}}],"collection":[{"href":"https:\/\/www.lirapopular.cl\/lirapopularxix\/wp-json\/wp\/v2\/pages"}],"about":[{"href":"https:\/\/www.lirapopular.cl\/lirapopularxix\/wp-json\/wp\/v2\/types\/page"}],"author":[{"embeddable":true,"href":"https:\/\/www.lirapopular.cl\/lirapopularxix\/wp-json\/wp\/v2\/users\/1"}],"replies":[{"embeddable":true,"href":"https:\/\/www.lirapopular.cl\/lirapopularxix\/wp-json\/wp\/v2\/comments?post=19419"}],"version-history":[{"count":0,"href":"https:\/\/www.lirapopular.cl\/lirapopularxix\/wp-json\/wp\/v2\/pages\/19419\/revisions"}],"wp:attachment":[{"href":"https:\/\/www.lirapopular.cl\/lirapopularxix\/wp-json\/wp\/v2\/media?parent=19419"}],"curies":[{"name":"wp","href":"https:\/\/api.w.org\/{rel}","templated":true}]}}