{"id":19387,"date":"2021-05-22T13:01:40","date_gmt":"2021-05-22T17:01:40","guid":{"rendered":"https:\/\/www.lirapopular.cl\/lirapopularxix\/?page_id=19387"},"modified":"2021-05-22T13:01:40","modified_gmt":"2021-05-22T17:01:40","slug":"fusilamiento-del-reo-arias","status":"publish","type":"page","link":"https:\/\/www.lirapopular.cl\/lirapopularxix\/fusilamiento-del-reo-arias\/","title":{"rendered":"FUSILAMIENTO <BR>DEL REO ARIAS"},"content":{"rendered":"\n<div class=\"wp-block-image\"><figure class=\"alignright size-medium\"><a href=\"http:\/\/https:\/\/www.lirapopular.cl\/lirapopularxix\/wp-content\/uploads\/2021\/05\/839-1.jpg\"><img decoding=\"async\" src=\"http:\/\/https:\/\/www.lirapopular.cl\/lirapopularxix\/wp-content\/uploads\/2021\/05\/839-1-228x300.jpg\" alt=\"\" class=\"wp-image-19390\"\/><\/a><figcaption>Colecci\u00f3n Lira Popular de la<br \/>Universidad de Chile<\/figcaption><\/figure><\/div>\n\n\n\n<p>Autor: R\u00f3lak.<br \/>Impresor: Cequi\u00f3n N\u00fam. 11<br \/>Tama\u00f1o: 25,8 x 33,5 cm<br \/>Clasificaci\u00f3n: 839 R774f Caja N\u00b08a<\/p>\n\n\n\n<ul class=\"wp-block-list\"><li><a href=\"https:\/\/www.lirapopular.cl\/lirapopularxix\/2021\/05\/22\/fusilamientodel-reo-arias\/\">Fusilamiento del reo Arias<\/a><\/li><li><a href=\"https:\/\/www.lirapopular.cl\/lirapopularxix\/2021\/05\/22\/la-conductorade-la-canadilla\/\">La conductora de la Ca\u00f1adilla<\/a><\/li><li><a href=\"https:\/\/www.lirapopular.cl\/lirapopularxix\/2021\/05\/22\/la-nina-salvadoradel-viejo-del-canal\/\">La ni\u00f1a salvadora del viejo Canal<\/a><\/li><\/ul>\n\n\n\n<p>Nota: Este ejemplar tiene escrito a mano con l\u00e1piz rojo \u201c839\u201d.<br \/>Documento optimizado digitalmente.<\/p>\n","protected":false},"excerpt":{"rendered":"<p>Autor: R\u00f3lak.Impresor: Cequi\u00f3n N\u00fam. 11Tama\u00f1o: 25,8 x 33,5 cmClasificaci\u00f3n: 839 R774f Caja N\u00b08a Fusilamiento del reo Arias La conductora de la Ca\u00f1adilla La ni\u00f1a salvadora del viejo Canal Nota: Este ejemplar tiene escrito a mano con l\u00e1piz rojo \u201c839\u201d.Documento optimizado digitalmente.<\/p>\n","protected":false},"author":1,"featured_media":0,"parent":0,"menu_order":0,"comment_status":"closed","ping_status":"closed","template":"","meta":{"footnotes":""},"class_list":["post-19387","page","type-page","status-publish","hentry"],"jetpack_sharing_enabled":true,"_links":{"self":[{"href":"https:\/\/www.lirapopular.cl\/lirapopularxix\/wp-json\/wp\/v2\/pages\/19387","targetHints":{"allow":["GET"]}}],"collection":[{"href":"https:\/\/www.lirapopular.cl\/lirapopularxix\/wp-json\/wp\/v2\/pages"}],"about":[{"href":"https:\/\/www.lirapopular.cl\/lirapopularxix\/wp-json\/wp\/v2\/types\/page"}],"author":[{"embeddable":true,"href":"https:\/\/www.lirapopular.cl\/lirapopularxix\/wp-json\/wp\/v2\/users\/1"}],"replies":[{"embeddable":true,"href":"https:\/\/www.lirapopular.cl\/lirapopularxix\/wp-json\/wp\/v2\/comments?post=19387"}],"version-history":[{"count":0,"href":"https:\/\/www.lirapopular.cl\/lirapopularxix\/wp-json\/wp\/v2\/pages\/19387\/revisions"}],"wp:attachment":[{"href":"https:\/\/www.lirapopular.cl\/lirapopularxix\/wp-json\/wp\/v2\/media?parent=19387"}],"curies":[{"name":"wp","href":"https:\/\/api.w.org\/{rel}","templated":true}]}}