{"id":19295,"date":"2021-05-19T12:15:54","date_gmt":"2021-05-19T16:15:54","guid":{"rendered":"https:\/\/www.lirapopular.cl\/lirapopularxix\/?page_id=19295"},"modified":"2021-05-19T12:15:54","modified_gmt":"2021-05-19T16:15:54","slug":"el-fantasma-del-puente","status":"publish","type":"page","link":"https:\/\/www.lirapopular.cl\/lirapopularxix\/el-fantasma-del-puente\/","title":{"rendered":"EL FANTASMA <BR>Del Puente de Cal y Canto,<br> O LA SOMBRA DE ZA\u00d1ARTU<BR> (ROMANCE POPULAR)"},"content":{"rendered":"\n<div class=\"wp-block-image\"><figure class=\"alignright size-medium\"><a href=\"http:\/\/https:\/\/www.lirapopular.cl\/lirapopularxix\/wp-content\/uploads\/2021\/05\/830-1.jpg\"><img decoding=\"async\" src=\"http:\/\/https:\/\/www.lirapopular.cl\/lirapopularxix\/wp-content\/uploads\/2021\/05\/830-1-151x300.jpg\" alt=\"\" class=\"wp-image-19298\"\/><\/a><figcaption>Colecci\u00f3n Lira Popular de la<br \/>Universidad de Chile<\/figcaption><\/figure><\/div>\n\n\n\n<p>Autor: R\u00f3lak.<br \/>Impresor: Imprenta Estrella de Chile, Puente, 1-D.<br \/>Tama\u00f1o: 50 x 23,2 cm<br \/>Clasificaci\u00f3n: 830 R774f Caja N\u00b08a<\/p>\n\n\n\n<ul class=\"wp-block-list\"><li><a href=\"https:\/\/www.lirapopular.cl\/lirapopularxix\/2021\/05\/19\/el-fantasma-del-puente-de-cal-y-canto\/\">El fantasma del Puente Cal y Canto o la sombra de Za\u00f1artu (romance popular).<\/a><\/li><\/ul>\n\n\n\n<p>Nota: Este ejemplar tiene escrito a mano con l\u00e1piz rojo \u201c830\u201d, el autor, R. Dosele, tachado a mano  y reemplazado por &#8220;R\u00f3lak&#8221;. <br \/>Tal como se menciona en la post data, este verso fue publicado en &#8220;Historia y tradiciones del puente de Cal y Canto&#8221; de Justo Abel Rosales en pp. 78-80 y aparece firmado por R. Dosele, probable seud\u00f3nimo de Larra\u00f1aga (R\u00f3lak). <br \/>Faltan varios versos, lo que nos hace suponer un autor desconocido diferente a Dosele y R\u00f3lak. El libro Se imprimi\u00f3 en la misma imprenta y este documento que fue su volante promocional contiene los mismos errores y vac\u00edos.<br \/>La noche del 10 de agosto de 1888 el puente fue destrozado por el r\u00edo Mapocho.<br \/>Documento optimizado digitalmente.<\/p>\n","protected":false},"excerpt":{"rendered":"<p>Autor: R\u00f3lak.Impresor: Imprenta Estrella de Chile, Puente, 1-D.Tama\u00f1o: 50 x 23,2 cmClasificaci\u00f3n: 830 R774f Caja N\u00b08a El fantasma del Puente Cal y Canto o la sombra de Za\u00f1artu (romance popular). Nota: Este ejemplar tiene escrito a mano con l\u00e1piz rojo \u201c830\u201d, el autor, R. Dosele, tachado a mano y reemplazado por &#8220;R\u00f3lak&#8221;. Tal como se [&hellip;]<\/p>\n","protected":false},"author":1,"featured_media":0,"parent":0,"menu_order":0,"comment_status":"closed","ping_status":"closed","template":"","meta":{"footnotes":""},"class_list":["post-19295","page","type-page","status-publish","hentry"],"jetpack_sharing_enabled":true,"_links":{"self":[{"href":"https:\/\/www.lirapopular.cl\/lirapopularxix\/wp-json\/wp\/v2\/pages\/19295","targetHints":{"allow":["GET"]}}],"collection":[{"href":"https:\/\/www.lirapopular.cl\/lirapopularxix\/wp-json\/wp\/v2\/pages"}],"about":[{"href":"https:\/\/www.lirapopular.cl\/lirapopularxix\/wp-json\/wp\/v2\/types\/page"}],"author":[{"embeddable":true,"href":"https:\/\/www.lirapopular.cl\/lirapopularxix\/wp-json\/wp\/v2\/users\/1"}],"replies":[{"embeddable":true,"href":"https:\/\/www.lirapopular.cl\/lirapopularxix\/wp-json\/wp\/v2\/comments?post=19295"}],"version-history":[{"count":0,"href":"https:\/\/www.lirapopular.cl\/lirapopularxix\/wp-json\/wp\/v2\/pages\/19295\/revisions"}],"wp:attachment":[{"href":"https:\/\/www.lirapopular.cl\/lirapopularxix\/wp-json\/wp\/v2\/media?parent=19295"}],"curies":[{"name":"wp","href":"https:\/\/api.w.org\/{rel}","templated":true}]}}