{"id":19277,"date":"2021-05-18T18:09:33","date_gmt":"2021-05-18T22:09:33","guid":{"rendered":"https:\/\/www.lirapopular.cl\/lirapopularxix\/?page_id=19277"},"modified":"2021-05-18T18:09:33","modified_gmt":"2021-05-18T22:09:33","slug":"fusilamiento-del-asesino-del-teniente","status":"publish","type":"page","link":"https:\/\/www.lirapopular.cl\/lirapopularxix\/fusilamiento-del-asesino-del-teniente\/","title":{"rendered":"Fusilamiento del asesino <br>DEL TENIENTE LARRAIN"},"content":{"rendered":"\n<div class=\"wp-block-image\"><figure class=\"alignright size-medium\"><a href=\"http:\/\/https:\/\/www.lirapopular.cl\/lirapopularxix\/wp-content\/uploads\/2021\/05\/829-1.jpg\"><img decoding=\"async\" src=\"http:\/\/https:\/\/www.lirapopular.cl\/lirapopularxix\/wp-content\/uploads\/2021\/05\/829-1-300x215.jpg\" alt=\"\" class=\"wp-image-19278\"\/><\/a><figcaption>Colecci\u00f3n Lira Popular de la<br \/>Universidad de Chile<\/figcaption><\/figure><\/div>\n\n\n\n<p>Autor: R\u00f3lak.<br \/>Impresor: Sin informaci\u00f3n<br \/>Tama\u00f1o: 26,8 X 37,2 cm<br \/>Clasificaci\u00f3n: 829 R774f Caja N\u00b08a<\/p>\n\n\n\n<ul class=\"wp-block-list\"><li><a href=\"https:\/\/www.lirapopular.cl\/lirapopularxix\/2021\/05\/19\/fusilamiento-del-asesinodel-teniente-larrain\/\">Fusilamiento del asesino del Teniente Larra\u00edn<\/a><\/li><li><a href=\"https:\/\/www.lirapopular.cl\/lirapopularxix\/2021\/05\/19\/inocentadasde-rolac\/\">Inocentadas de R\u00f3lac<\/a><\/li><li><a href=\"https:\/\/www.lirapopular.cl\/lirapopularxix\/2021\/05\/19\/prisionde-carvallo-orrego-2\/\">Prisi\u00f3n de Carvallo Orrego<\/a><\/li><li><a href=\"https:\/\/www.lirapopular.cl\/lirapopularxix\/2021\/05\/19\/licenciamientodel-atacama-taltal-i-9o\/\">Licenciamiento del Atacama, Taltal y 9\u00ba<\/a><\/li><\/ul>\n\n\n\n<p>Nota: Este ejemplar tiene escrito a mano con l\u00e1piz rojo \u201c829\u201d.<br \/>Documento optimizado digitalmente.<\/p>\n","protected":false},"excerpt":{"rendered":"<p>Autor: R\u00f3lak.Impresor: Sin informaci\u00f3nTama\u00f1o: 26,8 X 37,2 cmClasificaci\u00f3n: 829 R774f Caja N\u00b08a Fusilamiento del asesino del Teniente Larra\u00edn Inocentadas de R\u00f3lac Prisi\u00f3n de Carvallo Orrego Licenciamiento del Atacama, Taltal y 9\u00ba Nota: Este ejemplar tiene escrito a mano con l\u00e1piz rojo \u201c829\u201d.Documento optimizado digitalmente.<\/p>\n","protected":false},"author":1,"featured_media":0,"parent":0,"menu_order":0,"comment_status":"closed","ping_status":"closed","template":"","meta":{"footnotes":""},"class_list":["post-19277","page","type-page","status-publish","hentry"],"jetpack_sharing_enabled":true,"_links":{"self":[{"href":"https:\/\/www.lirapopular.cl\/lirapopularxix\/wp-json\/wp\/v2\/pages\/19277","targetHints":{"allow":["GET"]}}],"collection":[{"href":"https:\/\/www.lirapopular.cl\/lirapopularxix\/wp-json\/wp\/v2\/pages"}],"about":[{"href":"https:\/\/www.lirapopular.cl\/lirapopularxix\/wp-json\/wp\/v2\/types\/page"}],"author":[{"embeddable":true,"href":"https:\/\/www.lirapopular.cl\/lirapopularxix\/wp-json\/wp\/v2\/users\/1"}],"replies":[{"embeddable":true,"href":"https:\/\/www.lirapopular.cl\/lirapopularxix\/wp-json\/wp\/v2\/comments?post=19277"}],"version-history":[{"count":0,"href":"https:\/\/www.lirapopular.cl\/lirapopularxix\/wp-json\/wp\/v2\/pages\/19277\/revisions"}],"wp:attachment":[{"href":"https:\/\/www.lirapopular.cl\/lirapopularxix\/wp-json\/wp\/v2\/media?parent=19277"}],"curies":[{"name":"wp","href":"https:\/\/api.w.org\/{rel}","templated":true}]}}