{"id":19198,"date":"2021-05-17T19:23:37","date_gmt":"2021-05-17T23:23:37","guid":{"rendered":"https:\/\/www.lirapopular.cl\/lirapopularxix\/?page_id=19198"},"modified":"2021-05-17T19:23:37","modified_gmt":"2021-05-17T23:23:37","slug":"el-edecan-del-presidenteherido-en-la-alameda","status":"publish","type":"page","link":"https:\/\/www.lirapopular.cl\/lirapopularxix\/el-edecan-del-presidenteherido-en-la-alameda\/","title":{"rendered":"EL EDECAN DEL PRESIDENTE<br>HERIDO EN LA ALAMEDA"},"content":{"rendered":"\n<div class=\"wp-block-image\"><figure class=\"alignright size-medium\"><a href=\"http:\/\/https:\/\/www.lirapopular.cl\/lirapopularxix\/wp-content\/uploads\/2021\/05\/825-1.jpg\"><img decoding=\"async\" src=\"http:\/\/https:\/\/www.lirapopular.cl\/lirapopularxix\/wp-content\/uploads\/2021\/05\/825-1-300x215.jpg\" alt=\"\" class=\"wp-image-19201\"\/><\/a><figcaption>Colecci\u00f3n Lira Popular de la<br \/>Universidad de Chile<\/figcaption><\/figure><\/div>\n\n\n\n<p>Autor: R\u00f3lak.<br \/>Impresor: Sin informaci\u00f3n<br \/>Tama\u00f1o: 26,2 x 37,5 cm<br \/>Clasificaci\u00f3n: 825 R774e Caja N\u00b08a<\/p>\n\n\n\n<ul class=\"wp-block-list\"><li><a href=\"https:\/\/www.lirapopular.cl\/lirapopularxix\/2021\/05\/17\/el-edecan-del-presidenteherido-en-la-alameda-2\/\">El edec\u00e1n del Presidente herido en la Alameda<\/a><\/li><li><a href=\"https:\/\/www.lirapopular.cl\/lirapopularxix\/2021\/05\/17\/el-pintor-desconocido-2\/\">Un pintor desconocido<\/a><\/li><li><a href=\"https:\/\/www.lirapopular.cl\/lirapopularxix\/2021\/05\/17\/el-cocinero-del-frente\/\">El cocinero del frente<\/a><\/li><li><a href=\"https:\/\/www.lirapopular.cl\/lirapopularxix\/2021\/05\/17\/los-dos-luchadoressangriento-combate-2\/\">Los dos luchadores. Sangriento combate<\/a><\/li><li><a href=\"https:\/\/www.lirapopular.cl\/lirapopularxix\/2021\/05\/17\/el-gran-pezcadocon-alas-2\/\">El gran pescado con alas.<\/a><\/li><\/ul>\n\n\n\n<p>Nota: Este ejemplar tiene escrito a mano con l\u00e1piz rojo \u201c825\u201d.<br \/>Hay una reimpresi\u00f3n con solo un verso diferente, <a href=\"https:\/\/www.lirapopular.cl\/lirapopularxix\/el-edecan-del-presidente-herido\/\">ver<\/a>.<br \/>Documento optimizado digitalmente.<\/p>\n","protected":false},"excerpt":{"rendered":"<p>Autor: R\u00f3lak.Impresor: Sin informaci\u00f3nTama\u00f1o: 26,2 x 37,5 cmClasificaci\u00f3n: 825 R774e Caja N\u00b08a El edec\u00e1n del Presidente herido en la Alameda Un pintor desconocido El cocinero del frente Los dos luchadores. Sangriento combate El gran pescado con alas. Nota: Este ejemplar tiene escrito a mano con l\u00e1piz rojo \u201c825\u201d.Hay una reimpresi\u00f3n con solo un verso diferente, [&hellip;]<\/p>\n","protected":false},"author":1,"featured_media":0,"parent":0,"menu_order":0,"comment_status":"closed","ping_status":"closed","template":"","meta":{"footnotes":""},"class_list":["post-19198","page","type-page","status-publish","hentry"],"jetpack_sharing_enabled":true,"_links":{"self":[{"href":"https:\/\/www.lirapopular.cl\/lirapopularxix\/wp-json\/wp\/v2\/pages\/19198","targetHints":{"allow":["GET"]}}],"collection":[{"href":"https:\/\/www.lirapopular.cl\/lirapopularxix\/wp-json\/wp\/v2\/pages"}],"about":[{"href":"https:\/\/www.lirapopular.cl\/lirapopularxix\/wp-json\/wp\/v2\/types\/page"}],"author":[{"embeddable":true,"href":"https:\/\/www.lirapopular.cl\/lirapopularxix\/wp-json\/wp\/v2\/users\/1"}],"replies":[{"embeddable":true,"href":"https:\/\/www.lirapopular.cl\/lirapopularxix\/wp-json\/wp\/v2\/comments?post=19198"}],"version-history":[{"count":0,"href":"https:\/\/www.lirapopular.cl\/lirapopularxix\/wp-json\/wp\/v2\/pages\/19198\/revisions"}],"wp:attachment":[{"href":"https:\/\/www.lirapopular.cl\/lirapopularxix\/wp-json\/wp\/v2\/media?parent=19198"}],"curies":[{"name":"wp","href":"https:\/\/api.w.org\/{rel}","templated":true}]}}