{"id":19146,"date":"2021-05-14T18:27:21","date_gmt":"2021-05-14T22:27:21","guid":{"rendered":"https:\/\/www.lirapopular.cl\/lirapopularxix\/?page_id=19146"},"modified":"2021-05-14T18:27:21","modified_gmt":"2021-05-14T22:27:21","slug":"asesinato-un-nino-de-18-mata","status":"publish","type":"page","link":"https:\/\/www.lirapopular.cl\/lirapopularxix\/asesinato-un-nino-de-18-mata\/","title":{"rendered":"ASESINATO <br>UN NI\u00d1O DE 18 MATA AL LACHO DE LA MADRE <br>(<em>relato hecho por la mujer del occiso<\/em>)"},"content":{"rendered":"\n<div class=\"wp-block-image\"><figure class=\"alignright size-medium\"><a href=\"http:\/\/https:\/\/www.lirapopular.cl\/lirapopularxix\/wp-content\/uploads\/2021\/05\/819-1.jpg\"><img decoding=\"async\" src=\"http:\/\/https:\/\/www.lirapopular.cl\/lirapopularxix\/wp-content\/uploads\/2021\/05\/819-1-300x219.jpg\" alt=\"\" class=\"wp-image-19149\"\/><\/a><figcaption>Colecci\u00f3n Lira Popular de la<br \/>Universidad de Chile<\/figcaption><\/figure><\/div>\n\n\n\n<p>Autor: R\u00f3lac.<br \/>Impresor: Sin informaci\u00f3n<br \/>Tama\u00f1o: 27,1 x 37,4 cm<br \/>Clasificaci\u00f3n: 819 R774a Caja N\u00b07a, BN C\u00f3digo:\u00a0LO0012059<\/p>\n\n\n\n<ul class=\"wp-block-list\"><li><a href=\"https:\/\/www.lirapopular.cl\/lirapopularxix\/2021\/05\/14\/asesinato-un-nino-de-18-anos\/\">Asesinato. Un ni\u00f1o de 18 a\u00f1os mata al lacho de la madre<\/a><\/li><li><a href=\"https:\/\/www.lirapopular.cl\/lirapopularxix\/2021\/05\/14\/mi-novia-2\/\">Mi novia<\/a><\/li><li><a href=\"https:\/\/www.lirapopular.cl\/lirapopularxix\/2021\/05\/14\/el-mendigo\/\">El mendigo.<\/a><\/li><\/ul>\n\n\n\n<p>Nota: El 1er ejemplar tiene escrito a mano con l\u00e1piz rojo \u201c819\u201d.<br \/>El 2\u00ba ejemplar tiene un escrito a mano con l\u00e1piz rojo ilegible, con un timbre &#8220;307&#8221;.<br \/>Documentos optimizados digitalmente.<\/p>\n\n\n\n<div class=\"wp-block-image\"><figure class=\"alignright size-medium\"><a href=\"https:\/\/www.lirapopular.cl\/lirapopularxix\/wp-content\/uploads\/2021\/10\/LO0012059.jpg\"><img loading=\"lazy\" decoding=\"async\" width=\"300\" height=\"234\" src=\"https:\/\/www.lirapopular.cl\/lirapopularxix\/wp-content\/uploads\/2021\/10\/LO0012059-300x234.jpg\" alt=\"\" class=\"wp-image-25471\" srcset=\"https:\/\/www.lirapopular.cl\/lirapopularxix\/wp-content\/uploads\/2021\/10\/LO0012059-300x234.jpg 300w, https:\/\/www.lirapopular.cl\/lirapopularxix\/wp-content\/uploads\/2021\/10\/LO0012059-768x599.jpg 768w, https:\/\/www.lirapopular.cl\/lirapopularxix\/wp-content\/uploads\/2021\/10\/LO0012059.jpg 1000w\" sizes=\"auto, (max-width: 300px) 100vw, 300px\" \/><\/a><figcaption>Archivo de Literatura Oral<br \/>Fondo Rodolfo Lenz<\/figcaption><\/figure><\/div>\n","protected":false},"excerpt":{"rendered":"<p>Autor: R\u00f3lac.Impresor: Sin informaci\u00f3nTama\u00f1o: 27,1 x 37,4 cmClasificaci\u00f3n: 819 R774a Caja N\u00b07a, BN C\u00f3digo:\u00a0LO0012059 Asesinato. Un ni\u00f1o de 18 a\u00f1os mata al lacho de la madre Mi novia El mendigo. Nota: El 1er ejemplar tiene escrito a mano con l\u00e1piz rojo \u201c819\u201d.El 2\u00ba ejemplar tiene un escrito a mano con l\u00e1piz rojo ilegible, con un [&hellip;]<\/p>\n","protected":false},"author":1,"featured_media":0,"parent":0,"menu_order":0,"comment_status":"closed","ping_status":"closed","template":"","meta":{"footnotes":""},"class_list":["post-19146","page","type-page","status-publish","hentry"],"jetpack_sharing_enabled":true,"_links":{"self":[{"href":"https:\/\/www.lirapopular.cl\/lirapopularxix\/wp-json\/wp\/v2\/pages\/19146","targetHints":{"allow":["GET"]}}],"collection":[{"href":"https:\/\/www.lirapopular.cl\/lirapopularxix\/wp-json\/wp\/v2\/pages"}],"about":[{"href":"https:\/\/www.lirapopular.cl\/lirapopularxix\/wp-json\/wp\/v2\/types\/page"}],"author":[{"embeddable":true,"href":"https:\/\/www.lirapopular.cl\/lirapopularxix\/wp-json\/wp\/v2\/users\/1"}],"replies":[{"embeddable":true,"href":"https:\/\/www.lirapopular.cl\/lirapopularxix\/wp-json\/wp\/v2\/comments?post=19146"}],"version-history":[{"count":0,"href":"https:\/\/www.lirapopular.cl\/lirapopularxix\/wp-json\/wp\/v2\/pages\/19146\/revisions"}],"wp:attachment":[{"href":"https:\/\/www.lirapopular.cl\/lirapopularxix\/wp-json\/wp\/v2\/media?parent=19146"}],"curies":[{"name":"wp","href":"https:\/\/api.w.org\/{rel}","templated":true}]}}