{"id":19070,"date":"2021-05-12T20:28:27","date_gmt":"2021-05-13T00:28:27","guid":{"rendered":"https:\/\/www.lirapopular.cl\/lirapopularxix\/?page_id=19070"},"modified":"2021-05-12T20:28:27","modified_gmt":"2021-05-13T00:28:27","slug":"la-nina-que-mato-al","status":"publish","type":"page","link":"https:\/\/www.lirapopular.cl\/lirapopularxix\/la-nina-que-mato-al\/","title":{"rendered":"<em>La ni\u00f1a que mat\u00f3 al lacho <br>por amor<\/em>"},"content":{"rendered":"\n<div class=\"wp-block-image\"><figure class=\"alignright size-medium\"><a href=\"http:\/\/https:\/\/www.lirapopular.cl\/lirapopularxix\/wp-content\/uploads\/2021\/05\/813-1.jpg\"><img decoding=\"async\" src=\"http:\/\/https:\/\/www.lirapopular.cl\/lirapopularxix\/wp-content\/uploads\/2021\/05\/813-1-300x225.jpg\" alt=\"\" class=\"wp-image-19071\"\/><\/a><figcaption>Colecci\u00f3n Lira Popular de la<br \/>Universidad de Chile<\/figcaption><\/figure><\/div>\n\n\n\n<p>Autor: R\u00f3lak.<br \/>Impresor: Sin informaci\u00f3n<br \/>Tama\u00f1o: 28 x 36,6 cm<br \/>Clasificaci\u00f3n: 813 R774n Caja N\u00b07a<\/p>\n\n\n\n<ul class=\"wp-block-list\"><li><a href=\"https:\/\/www.lirapopular.cl\/lirapopularxix\/2021\/05\/13\/la-nina-que-mato-al-lachopor-amor\/\">La ni\u00f1a que mat\u00f3 al lacho por amor<\/a><\/li><li><a href=\"https:\/\/www.lirapopular.cl\/lirapopularxix\/2021\/05\/13\/la-leva\/\">La leva<\/a><\/li><li><a href=\"https:\/\/www.lirapopular.cl\/lirapopularxix\/2021\/05\/13\/desafio-a-una-dama-2\/\">Desaf\u00edo a una dama<\/a><\/li><li><a href=\"https:\/\/www.lirapopular.cl\/lirapopularxix\/2021\/05\/13\/el-puente-de-las-almas\/\">El puente de las almas<\/a><\/li><\/ul>\n\n\n\n<p>Nota: Este ejemplar tiene escrito a mano con l\u00e1piz rojo \u201c813\u201d y texto: &#8220;del arjentino H.&#8221;.<br \/>Documento optimizado digitalmente.<\/p>\n","protected":false},"excerpt":{"rendered":"<p>Autor: R\u00f3lak.Impresor: Sin informaci\u00f3nTama\u00f1o: 28 x 36,6 cmClasificaci\u00f3n: 813 R774n Caja N\u00b07a La ni\u00f1a que mat\u00f3 al lacho por amor La leva Desaf\u00edo a una dama El puente de las almas Nota: Este ejemplar tiene escrito a mano con l\u00e1piz rojo \u201c813\u201d y texto: &#8220;del arjentino H.&#8221;.Documento optimizado digitalmente.<\/p>\n","protected":false},"author":1,"featured_media":0,"parent":0,"menu_order":0,"comment_status":"closed","ping_status":"closed","template":"","meta":{"footnotes":""},"class_list":["post-19070","page","type-page","status-publish","hentry"],"jetpack_sharing_enabled":true,"_links":{"self":[{"href":"https:\/\/www.lirapopular.cl\/lirapopularxix\/wp-json\/wp\/v2\/pages\/19070","targetHints":{"allow":["GET"]}}],"collection":[{"href":"https:\/\/www.lirapopular.cl\/lirapopularxix\/wp-json\/wp\/v2\/pages"}],"about":[{"href":"https:\/\/www.lirapopular.cl\/lirapopularxix\/wp-json\/wp\/v2\/types\/page"}],"author":[{"embeddable":true,"href":"https:\/\/www.lirapopular.cl\/lirapopularxix\/wp-json\/wp\/v2\/users\/1"}],"replies":[{"embeddable":true,"href":"https:\/\/www.lirapopular.cl\/lirapopularxix\/wp-json\/wp\/v2\/comments?post=19070"}],"version-history":[{"count":0,"href":"https:\/\/www.lirapopular.cl\/lirapopularxix\/wp-json\/wp\/v2\/pages\/19070\/revisions"}],"wp:attachment":[{"href":"https:\/\/www.lirapopular.cl\/lirapopularxix\/wp-json\/wp\/v2\/media?parent=19070"}],"curies":[{"name":"wp","href":"https:\/\/api.w.org\/{rel}","templated":true}]}}