{"id":19043,"date":"2021-05-12T19:51:38","date_gmt":"2021-05-12T23:51:38","guid":{"rendered":"https:\/\/www.lirapopular.cl\/lirapopularxix\/?page_id=19043"},"modified":"2021-05-12T19:51:38","modified_gmt":"2021-05-12T23:51:38","slug":"el-ano-de-los-tres-8","status":"publish","type":"page","link":"https:\/\/www.lirapopular.cl\/lirapopularxix\/el-ano-de-los-tres-8\/","title":{"rendered":"EL A\u00d1O DE LOS TRES \u2014 8"},"content":{"rendered":"<div class=\"wp-block-image\">\n<figure class=\"alignright size-medium\"><a href=\"http:\/\/https:\/\/www.lirapopular.cl\/lirapopularxix\/wp-content\/uploads\/2021\/05\/812-1.jpg\"><img decoding=\"async\" src=\"http:\/\/https:\/\/www.lirapopular.cl\/lirapopularxix\/wp-content\/uploads\/2021\/05\/812-1-300x224.jpg\" alt=\"\" class=\"wp-image-19053\"\/><\/a><figcaption class=\"wp-element-caption\">Colecci\u00f3n Lira Popular de la<br \/>Universidad de Chile<\/figcaption><\/figure>\n<\/div>\n\n\n<p>Autor: R\u00f3lak.<br \/>Impresor: Cequi\u00f3n Num. 11<br \/>Tama\u00f1o: 27,2 x 36,6 cm<br \/>Clasificaci\u00f3n: 812 R774a Caja N\u00b07a, 194 R774a Caja N\u00b0 2<\/p>\n\n\n\n<ul class=\"wp-block-list\">\n<li><a href=\"https:\/\/www.lirapopular.cl\/lirapopularxix\/2021\/05\/12\/el-ano-de-los-tres-8\/\">El a\u00f1o de los tres \u2014 8<\/a><\/li>\n\n\n\n<li><a href=\"https:\/\/www.lirapopular.cl\/lirapopularxix\/2021\/05\/12\/la-fuga-de-los-esclavos\/\">La fuga de los esclavos<\/a><\/li>\n\n\n\n<li><a href=\"https:\/\/www.lirapopular.cl\/lirapopularxix\/2021\/05\/12\/la-guerba\/\">La guerra<\/a><\/li>\n\n\n\n<li><a href=\"https:\/\/www.lirapopular.cl\/lirapopularxix\/2021\/05\/12\/los-dos-tahuresromance\/\">Los dos tah\u00fares. Romance<\/a><\/li>\n<\/ul>\n\n\n\n<p>Nota: El 1er ejemplar tiene escrito a mano con l\u00e1piz rojo \u201c812\u201d y texto: &#8220;de Modesto de La Fuente&#8221;.<br \/>El 2\u00ba ejemplar tiene escrito a mano con l\u00e1piz grafito \u201c185\/194\u201d<br \/>Publicada en 1888.<br \/>Documentos optimizados digitalmente.<\/p>\n\n\n<div class=\"wp-block-image\">\n<figure class=\"alignright size-medium\"><a href=\"https:\/\/www.lirapopular.cl\/lirapopularxix\/wp-content\/uploads\/2021\/07\/194.jpg\"><img loading=\"lazy\" decoding=\"async\" width=\"300\" height=\"217\" src=\"https:\/\/www.lirapopular.cl\/lirapopularxix\/wp-content\/uploads\/2021\/07\/194-300x217.jpg\" alt=\"\" class=\"wp-image-19914\" srcset=\"https:\/\/www.lirapopular.cl\/lirapopularxix\/wp-content\/uploads\/2021\/07\/194-300x217.jpg 300w, https:\/\/www.lirapopular.cl\/lirapopularxix\/wp-content\/uploads\/2021\/07\/194-768x555.jpg 768w, https:\/\/www.lirapopular.cl\/lirapopularxix\/wp-content\/uploads\/2021\/07\/194.jpg 1000w\" sizes=\"auto, (max-width: 300px) 100vw, 300px\" \/><\/a><figcaption class=\"wp-element-caption\">Colecci\u00f3n Lira Popular de la<br \/>Universidad de Chile<\/figcaption><\/figure>\n<\/div>","protected":false},"excerpt":{"rendered":"<p>Autor: R\u00f3lak.Impresor: Cequi\u00f3n Num. 11Tama\u00f1o: 27,2 x 36,6 cmClasificaci\u00f3n: 812 R774a Caja N\u00b07a, 194 R774a Caja N\u00b0 2 Nota: El 1er ejemplar tiene escrito a mano con l\u00e1piz rojo \u201c812\u201d y texto: &#8220;de Modesto de La Fuente&#8221;.El 2\u00ba ejemplar tiene escrito a mano con l\u00e1piz grafito \u201c185\/194\u201dPublicada en 1888.Documentos optimizados digitalmente.<\/p>\n","protected":false},"author":1,"featured_media":0,"parent":0,"menu_order":0,"comment_status":"closed","ping_status":"closed","template":"","meta":{"footnotes":""},"class_list":["post-19043","page","type-page","status-publish","hentry"],"jetpack_sharing_enabled":true,"_links":{"self":[{"href":"https:\/\/www.lirapopular.cl\/lirapopularxix\/wp-json\/wp\/v2\/pages\/19043","targetHints":{"allow":["GET"]}}],"collection":[{"href":"https:\/\/www.lirapopular.cl\/lirapopularxix\/wp-json\/wp\/v2\/pages"}],"about":[{"href":"https:\/\/www.lirapopular.cl\/lirapopularxix\/wp-json\/wp\/v2\/types\/page"}],"author":[{"embeddable":true,"href":"https:\/\/www.lirapopular.cl\/lirapopularxix\/wp-json\/wp\/v2\/users\/1"}],"replies":[{"embeddable":true,"href":"https:\/\/www.lirapopular.cl\/lirapopularxix\/wp-json\/wp\/v2\/comments?post=19043"}],"version-history":[{"count":0,"href":"https:\/\/www.lirapopular.cl\/lirapopularxix\/wp-json\/wp\/v2\/pages\/19043\/revisions"}],"wp:attachment":[{"href":"https:\/\/www.lirapopular.cl\/lirapopularxix\/wp-json\/wp\/v2\/media?parent=19043"}],"curies":[{"name":"wp","href":"https:\/\/api.w.org\/{rel}","templated":true}]}}