{"id":19022,"date":"2021-05-11T19:57:32","date_gmt":"2021-05-11T23:57:32","guid":{"rendered":"https:\/\/www.lirapopular.cl\/lirapopularxix\/?page_id=19022"},"modified":"2021-05-11T19:57:32","modified_gmt":"2021-05-11T23:57:32","slug":"horrible-esplosion","status":"publish","type":"page","link":"https:\/\/www.lirapopular.cl\/lirapopularxix\/horrible-esplosion\/","title":{"rendered":"HORRIBLE ESPLOSION <br>CINCO PERSONAS MUERTAS"},"content":{"rendered":"\n<div class=\"wp-block-image\"><figure class=\"alignright size-medium\"><a href=\"http:\/\/https:\/\/www.lirapopular.cl\/lirapopularxix\/wp-content\/uploads\/2021\/05\/807-1.jpg\"><img decoding=\"async\" src=\"http:\/\/https:\/\/www.lirapopular.cl\/lirapopularxix\/wp-content\/uploads\/2021\/05\/807-1-300x221.jpg\" alt=\"\" class=\"wp-image-19023\"\/><\/a><figcaption>Colecci\u00f3n Lira Popular de la<br \/>Universidad de Chile<\/figcaption><\/figure><\/div>\n\n\n\n<p>Autor: R\u00f3lak.<br \/>Impresor: Sin informaci\u00f3n<br \/>Tama\u00f1o: 27,4 x 37 cm<br \/>Clasificaci\u00f3n: 807 R774h Caja N\u00b07a<\/p>\n\n\n\n<ul class=\"wp-block-list\"><li><a href=\"https:\/\/www.lirapopular.cl\/lirapopularxix\/2021\/05\/12\/horrible-esplosioncinco-personas-muertas\/\">Horrible explosi\u00f3n. Cinco personas muertas<\/a><\/li><li><a href=\"https:\/\/www.lirapopular.cl\/lirapopularxix\/2021\/05\/12\/suicidiodel-ex-ministro-de-hacienda\/\">Suicidio del ex-ministro de Hacienda<\/a><\/li><li><a href=\"https:\/\/www.lirapopular.cl\/lirapopularxix\/2021\/05\/12\/repiqueteo-de-amor-2\/\">Repiqueteo de amor<\/a><\/li><li><a href=\"https:\/\/www.lirapopular.cl\/lirapopularxix\/2021\/05\/12\/que-clase-de-animales-el-cojorosa\/\">Qu\u00e9 clase de animal es el cojorosa.<\/a><\/li><\/ul>\n\n\n\n<p>Nota: Este ejemplar tiene escrito a mano con l\u00e1piz rojo \u201c807\u201d.<br \/>Documento optimizado digitalmente.<\/p>\n","protected":false},"excerpt":{"rendered":"<p>Autor: R\u00f3lak.Impresor: Sin informaci\u00f3nTama\u00f1o: 27,4 x 37 cmClasificaci\u00f3n: 807 R774h Caja N\u00b07a Horrible explosi\u00f3n. Cinco personas muertas Suicidio del ex-ministro de Hacienda Repiqueteo de amor Qu\u00e9 clase de animal es el cojorosa. Nota: Este ejemplar tiene escrito a mano con l\u00e1piz rojo \u201c807\u201d.Documento optimizado digitalmente.<\/p>\n","protected":false},"author":1,"featured_media":0,"parent":0,"menu_order":0,"comment_status":"closed","ping_status":"closed","template":"","meta":{"footnotes":""},"class_list":["post-19022","page","type-page","status-publish","hentry"],"jetpack_sharing_enabled":true,"_links":{"self":[{"href":"https:\/\/www.lirapopular.cl\/lirapopularxix\/wp-json\/wp\/v2\/pages\/19022","targetHints":{"allow":["GET"]}}],"collection":[{"href":"https:\/\/www.lirapopular.cl\/lirapopularxix\/wp-json\/wp\/v2\/pages"}],"about":[{"href":"https:\/\/www.lirapopular.cl\/lirapopularxix\/wp-json\/wp\/v2\/types\/page"}],"author":[{"embeddable":true,"href":"https:\/\/www.lirapopular.cl\/lirapopularxix\/wp-json\/wp\/v2\/users\/1"}],"replies":[{"embeddable":true,"href":"https:\/\/www.lirapopular.cl\/lirapopularxix\/wp-json\/wp\/v2\/comments?post=19022"}],"version-history":[{"count":0,"href":"https:\/\/www.lirapopular.cl\/lirapopularxix\/wp-json\/wp\/v2\/pages\/19022\/revisions"}],"wp:attachment":[{"href":"https:\/\/www.lirapopular.cl\/lirapopularxix\/wp-json\/wp\/v2\/media?parent=19022"}],"curies":[{"name":"wp","href":"https:\/\/api.w.org\/{rel}","templated":true}]}}