{"id":19,"date":"2019-06-01T19:24:23","date_gmt":"2019-06-01T19:24:23","guid":{"rendered":"https:\/\/www.lirapopular.cl\/lirapopularxix\/?page_id=19"},"modified":"2019-06-01T19:24:23","modified_gmt":"2019-06-01T19:24:23","slug":"el-fantasma-horrible-de-la-placilla-el-joven-que-se-ahorco","status":"publish","type":"page","link":"https:\/\/www.lirapopular.cl\/lirapopularxix\/el-fantasma-horrible-de-la-placilla-el-joven-que-se-ahorco\/","title":{"rendered":"EL FANTASMA HORRIBLE<br>DE LA PLACILLA <BR>EL JOVEN QUE SE AHORCO"},"content":{"rendered":"\n<div class=\"wp-block-image\"><figure class=\"alignright\"><a href=\"https:\/\/www.lirapopular.cl\/lirapopularxix\/wp-content\/uploads\/2019\/06\/56461-1.jpg\"><img loading=\"lazy\" decoding=\"async\" width=\"213\" height=\"300\" src=\"https:\/\/www.lirapopular.cl\/lirapopularxix\/wp-content\/uploads\/2019\/06\/56461-1-213x300.jpg\" alt=\"\" class=\"wp-image-21\" srcset=\"https:\/\/www.lirapopular.cl\/lirapopularxix\/wp-content\/uploads\/2019\/06\/56461-1-213x300.jpg 213w, https:\/\/www.lirapopular.cl\/lirapopularxix\/wp-content\/uploads\/2019\/06\/56461-1.jpg 711w\" sizes=\"auto, (max-width: 213px) 100vw, 213px\" \/><\/a><figcaption>Colecci\u00f3n Lira Popular de la Universidad de Chile<\/figcaption><\/figure><\/div>\n\n\n\n<p>Autor: A. Reyes<br>Impresor: Imp. i Lib. Ercilla, Bandera, 21-k<br>Tama\u00f1o: 77,4 x 55 cm<br>Clasificaci\u00f3n: 185 T153f caja N\u00b09<\/p>\n\n\n\n<ul class=\"wp-block-list\"><li><a href=\"https:\/\/www.lirapopular.cl\/lirapopularxix\/2019\/06\/01\/el-gran-fantasma-de-la-placilla\/\">El gran fantasma de la Placilla<\/a><\/li><li><a href=\"https:\/\/www.lirapopular.cl\/lirapopularxix\/2019\/06\/01\/el-joven-que-se-ahorco-porque-lo-desprecio-la-novia\/\">El joven que se ahorc\u00f3 porque lo despreci\u00f3 la novia<\/a><\/li><li><a href=\"https:\/\/www.lirapopular.cl\/lirapopularxix\/2019\/06\/01\/ultimos-detalles-del-suceso-de-la-calle-de-castro\/\">Ultimos detalles del suceso de la calle de Castro<\/a><\/li><li><a href=\"https:\/\/www.lirapopular.cl\/lirapopularxix\/2019\/06\/01\/detalles-del-suceso-de-la-bahia-de-valparaiso\/\">Detalles del suceso de la bah\u00eda de Valpara\u00edso<\/a><\/li><li><a href=\"https:\/\/www.lirapopular.cl\/lirapopularxix\/2019\/06\/01\/versos-de-amor\/\">Versos de amor<\/a><\/li><li><a href=\"https:\/\/www.lirapopular.cl\/lirapopularxix\/2019\/06\/01\/verdades-eternas\/\">Verdades eternas<\/a><\/li><\/ul>\n\n\n\n<p><\/p>\n","protected":false},"excerpt":{"rendered":"<p>Autor: A. ReyesImpresor: Imp. i Lib. Ercilla, Bandera, 21-kTama\u00f1o: 77,4 x 55 cmClasificaci\u00f3n: 185 T153f caja N\u00b09 El gran fantasma de la Placilla El joven que se ahorc\u00f3 porque lo despreci\u00f3 la novia Ultimos detalles del suceso de la calle de Castro Detalles del suceso de la bah\u00eda de Valpara\u00edso Versos de amor Verdades eternas<\/p>\n","protected":false},"author":1,"featured_media":0,"parent":0,"menu_order":0,"comment_status":"closed","ping_status":"closed","template":"","meta":{"footnotes":""},"class_list":["post-19","page","type-page","status-publish","hentry"],"jetpack_sharing_enabled":true,"_links":{"self":[{"href":"https:\/\/www.lirapopular.cl\/lirapopularxix\/wp-json\/wp\/v2\/pages\/19","targetHints":{"allow":["GET"]}}],"collection":[{"href":"https:\/\/www.lirapopular.cl\/lirapopularxix\/wp-json\/wp\/v2\/pages"}],"about":[{"href":"https:\/\/www.lirapopular.cl\/lirapopularxix\/wp-json\/wp\/v2\/types\/page"}],"author":[{"embeddable":true,"href":"https:\/\/www.lirapopular.cl\/lirapopularxix\/wp-json\/wp\/v2\/users\/1"}],"replies":[{"embeddable":true,"href":"https:\/\/www.lirapopular.cl\/lirapopularxix\/wp-json\/wp\/v2\/comments?post=19"}],"version-history":[{"count":0,"href":"https:\/\/www.lirapopular.cl\/lirapopularxix\/wp-json\/wp\/v2\/pages\/19\/revisions"}],"wp:attachment":[{"href":"https:\/\/www.lirapopular.cl\/lirapopularxix\/wp-json\/wp\/v2\/media?parent=19"}],"curies":[{"name":"wp","href":"https:\/\/api.w.org\/{rel}","templated":true}]}}