{"id":18979,"date":"2021-05-09T17:01:56","date_gmt":"2021-05-09T21:01:56","guid":{"rendered":"https:\/\/www.lirapopular.cl\/lirapopularxix\/?page_id=18979"},"modified":"2021-05-09T17:01:56","modified_gmt":"2021-05-09T21:01:56","slug":"feros-asesinato","status":"publish","type":"page","link":"https:\/\/www.lirapopular.cl\/lirapopularxix\/feros-asesinato\/","title":{"rendered":"Feros asesinato <br>DE UNA SE\u00d1ORA CASADA"},"content":{"rendered":"\n<div class=\"wp-block-image\"><figure class=\"alignright size-medium\"><a href=\"http:\/\/https:\/\/www.lirapopular.cl\/lirapopularxix\/wp-content\/uploads\/2021\/05\/805-1.jpg\"><img decoding=\"async\" src=\"http:\/\/https:\/\/www.lirapopular.cl\/lirapopularxix\/wp-content\/uploads\/2021\/05\/805-1-300x222.jpg\" alt=\"\" class=\"wp-image-18980\"\/><\/a><figcaption>Colecci\u00f3n Lira Popular de la<br \/>Universidad de Chile<\/figcaption><\/figure><\/div>\n\n\n\n<p>Autor: R\u00f3lak.<br \/>Impresor: Sin informaci\u00f3n<br \/>Tama\u00f1o: 27,5 x 37,2 cm<br \/>Clasificaci\u00f3n: 805 R774f Caja N\u00b07a<\/p>\n\n\n\n<ul class=\"wp-block-list\"><li><a href=\"https:\/\/www.lirapopular.cl\/lirapopularxix\/2021\/05\/11\/feros-asesinatode-una-senora-casada\/\">Feroz asesinato de una se\u00f1ora casada<\/a><\/li><li><a href=\"https:\/\/www.lirapopular.cl\/lirapopularxix\/2021\/05\/11\/guerraquieren-los-cuyanos\/\">Guerra quieren los Cuyanos<\/a><\/li><li><a href=\"https:\/\/www.lirapopular.cl\/lirapopularxix\/2021\/05\/11\/a-los-versos\/\">A los versos<\/a><\/li><li><a href=\"https:\/\/www.lirapopular.cl\/lirapopularxix\/2021\/05\/11\/contestacional-poeta-rosi-cojo-2\/\">Contestaci\u00f3n al poeta Rosi-Cojo<\/a><\/li><li><a href=\"https:\/\/www.lirapopular.cl\/lirapopularxix\/2021\/05\/11\/iras-de-rolac\/\">Iras de R\u00f3lak<\/a><\/li><\/ul>\n\n\n\n<p>Nota: Este ejemplar tiene escrito a mano con l\u00e1piz rojo \u201c805\u201d, textos manuscritos con l\u00e1piz grafito: &#8220;El sirviente que mato a la patrona porque no lo quiso&#8221;, &#8220;La (guerra) con los cuyanos&#8221;<br \/>Documento optimizado digitalmente.<\/p>\n","protected":false},"excerpt":{"rendered":"<p>Autor: R\u00f3lak.Impresor: Sin informaci\u00f3nTama\u00f1o: 27,5 x 37,2 cmClasificaci\u00f3n: 805 R774f Caja N\u00b07a Feroz asesinato de una se\u00f1ora casada Guerra quieren los Cuyanos A los versos Contestaci\u00f3n al poeta Rosi-Cojo Iras de R\u00f3lak Nota: Este ejemplar tiene escrito a mano con l\u00e1piz rojo \u201c805\u201d, textos manuscritos con l\u00e1piz grafito: &#8220;El sirviente que mato a la patrona [&hellip;]<\/p>\n","protected":false},"author":1,"featured_media":0,"parent":0,"menu_order":0,"comment_status":"closed","ping_status":"closed","template":"","meta":{"footnotes":""},"class_list":["post-18979","page","type-page","status-publish","hentry"],"jetpack_sharing_enabled":true,"_links":{"self":[{"href":"https:\/\/www.lirapopular.cl\/lirapopularxix\/wp-json\/wp\/v2\/pages\/18979","targetHints":{"allow":["GET"]}}],"collection":[{"href":"https:\/\/www.lirapopular.cl\/lirapopularxix\/wp-json\/wp\/v2\/pages"}],"about":[{"href":"https:\/\/www.lirapopular.cl\/lirapopularxix\/wp-json\/wp\/v2\/types\/page"}],"author":[{"embeddable":true,"href":"https:\/\/www.lirapopular.cl\/lirapopularxix\/wp-json\/wp\/v2\/users\/1"}],"replies":[{"embeddable":true,"href":"https:\/\/www.lirapopular.cl\/lirapopularxix\/wp-json\/wp\/v2\/comments?post=18979"}],"version-history":[{"count":0,"href":"https:\/\/www.lirapopular.cl\/lirapopularxix\/wp-json\/wp\/v2\/pages\/18979\/revisions"}],"wp:attachment":[{"href":"https:\/\/www.lirapopular.cl\/lirapopularxix\/wp-json\/wp\/v2\/media?parent=18979"}],"curies":[{"name":"wp","href":"https:\/\/api.w.org\/{rel}","templated":true}]}}